{"id":45839,"date":"2021-01-18T17:34:27","date_gmt":"2021-01-18T17:34:27","guid":{"rendered":"https:\/\/octaedro.com\/libro\/claves-para-la-innovacion-pedagogica-ante-los-nuevos-retos\/"},"modified":"2023-02-22T13:36:58","modified_gmt":"2023-02-22T12:36:58","slug":"claves-para-la-innovacion-pedagogica-ante-los-nuevos-retos","status":"publish","type":"product","link":"https:\/\/wizardly-davinci.82-223-8-23.plesk.page\/en\/producto\/claves-para-la-innovacion-pedagogica-ante-los-nuevos-retos\/","title":{"rendered":"Claves para la innovaci\u00f3n pedag\u00f3gica ante los nuevos retos"},"content":{"rendered":"","protected":false},"excerpt":{"rendered":"<p>En esta obra podemos encontrar las principales aportaciones al \u00abV Congreso Internacional Virtual sobre Innovaci\u00f3n Pedag\u00f3gica y Praxis Educativa-Innovagog\u00eda 2020\u00bb, organizado por el Colectivo Docente Internacional Innovagog\u00eda y AFOE Formaci\u00f3n. Los trabajos incluidos recogen reflexiones y experiencias de m\u00e1s de ochocientos congresistas procedentes de Argentina, Bolivia, Brasil, Chile, Colombia, Cuba, Rep\u00fablica Dominicana, Ecuador, Francia, Gran Breta\u00f1a, Italia, M\u00e9xico, Pa\u00edses Bajos, Paraguay, Per\u00fa, Portugal, Ruman\u00eda, Suecia, Estados Unidos y Espa\u00f1a, pertenecientes a 150 instituciones diferentes. Huelga decir que esta edici\u00f3n del Congreso se torn\u00f3 \u00abespecial\u00bb por la concurrencia de unas circunstancias sociales y sanitarias muy adversas, provocadas por la pandemia de la COVID-19. A pesar de ello, el Congreso no solo sali\u00f3 adelante, sino que podemos decir que lo hizo con gran solvencia, por la cantidad y calidad de trabajos defendidos y por la alt\u00edsima participaci\u00f3n e involucraci\u00f3n de todos los agentes concernidos. M\u00e1s bien nos parece, en cambio, que sus logros han de ser un motivo de satisfacci\u00f3n para todas las personas participantes y una muestra de que hay un enorme n\u00famero de educadores\/as, profesores\/as, maestros\/as, pedagogos\/as, trabajadores\/as sociales, animadores\/as socioculturales y monitores\/as escolares que, no solo han demostrado estar a la altura de las circunstancias, sino que adem\u00e1s han sido capaces de adaptarse con efectividad a los distintos territorios y situaciones, resituando la praxis y ofreciendo caminos alternativos para trabajar en el corto y medio plazo en el \u00e1mbito socio-educativo. Sirva esta publicaci\u00f3n como util\u00edsimo cat\u00e1logo pr\u00e1ctico de reflexiones pedag\u00f3gicas y experiencias innovadoras, pero tambi\u00e9n como emotivo homenaje a todas las personas que las han hecho posible.<\/p>\n","protected":false},"featured_media":45840,"comment_status":"open","ping_status":"closed","template":"","meta":{"_et_pb_use_builder":"","_et_pb_old_content":"","_et_gb_content_width":""},"product_cat":[11899,11913,11900],"product_tag":[11887],"edicion":[11865],"editoriales":[11867],"tienda":[],"autor_id":[12591,12592,12387,12593,12594],"universidades_coeditoras":[12270,12312],"palabras_clave":[],"listado_alfabetico":[],"acf":[],"_links":{"self":[{"href":"https:\/\/wizardly-davinci.82-223-8-23.plesk.page\/en\/wp-json\/wp\/v2\/product\/45839"}],"collection":[{"href":"https:\/\/wizardly-davinci.82-223-8-23.plesk.page\/en\/wp-json\/wp\/v2\/product"}],"about":[{"href":"https:\/\/wizardly-davinci.82-223-8-23.plesk.page\/en\/wp-json\/wp\/v2\/types\/product"}],"replies":[{"embeddable":true,"href":"https:\/\/wizardly-davinci.82-223-8-23.plesk.page\/en\/wp-json\/wp\/v2\/comments?post=45839"}],"wp:featuredmedia":[{"embeddable":true,"href":"https:\/\/wizardly-davinci.82-223-8-23.plesk.page\/en\/wp-json\/wp\/v2\/media\/45840"}],"wp:attachment":[{"href":"https:\/\/wizardly-davinci.82-223-8-23.plesk.page\/en\/wp-json\/wp\/v2\/media?parent=45839"}],"wp:term":[{"taxonomy":"product_cat","embeddable":true,"href":"https:\/\/wizardly-davinci.82-223-8-23.plesk.page\/en\/wp-json\/wp\/v2\/product_cat?post=45839"},{"taxonomy":"product_tag","embeddable":true,"href":"https:\/\/wizardly-davinci.82-223-8-23.plesk.page\/en\/wp-json\/wp\/v2\/product_tag?post=45839"},{"taxonomy":"edicion","embeddable":true,"href":"https:\/\/wizardly-davinci.82-223-8-23.plesk.page\/en\/wp-json\/wp\/v2\/edicion?post=45839"},{"taxonomy":"editoriales","embeddable":true,"href":"https:\/\/wizardly-davinci.82-223-8-23.plesk.page\/en\/wp-json\/wp\/v2\/editoriales?post=45839"},{"taxonomy":"tienda","embeddable":true,"href":"https:\/\/wizardly-davinci.82-223-8-23.plesk.page\/en\/wp-json\/wp\/v2\/tienda?post=45839"},{"taxonomy":"autor_id","embeddable":true,"href":"https:\/\/wizardly-davinci.82-223-8-23.plesk.page\/en\/wp-json\/wp\/v2\/autor_id?post=45839"},{"taxonomy":"universidades_coeditoras","embeddable":true,"href":"https:\/\/wizardly-davinci.82-223-8-23.plesk.page\/en\/wp-json\/wp\/v2\/universidades_coeditoras?post=45839"},{"taxonomy":"palabras_clave","embeddable":true,"href":"https:\/\/wizardly-davinci.82-223-8-23.plesk.page\/en\/wp-json\/wp\/v2\/palabras_clave?post=45839"},{"taxonomy":"listado_alfabetico","embeddable":true,"href":"https:\/\/wizardly-davinci.82-223-8-23.plesk.page\/en\/wp-json\/wp\/v2\/listado_alfabetico?post=45839"}],"curies":[{"name":"wp","href":"https:\/\/api.w.org\/{rel}","templated":true}]}}