{"id":45845,"date":"2021-01-09T22:10:24","date_gmt":"2021-01-09T21:10:24","guid":{"rendered":"https:\/\/octaedro.com\/libro\/culturas-y-atencion-sanitaria\/"},"modified":"2023-04-20T10:10:22","modified_gmt":"2023-04-20T08:10:22","slug":"culturas-y-atencion-sanitaria","status":"publish","type":"product","link":"https:\/\/wizardly-davinci.82-223-8-23.plesk.page\/en\/producto\/culturas-y-atencion-sanitaria\/","title":{"rendered":"Culturas y atenci\u00f3n sanitaria"},"content":{"rendered":"<p>Hoy por hoy no existe en castellano ning\u00fan material de consulta sobre atenci\u00f3n sanitaria con pacientes de diversas culturas, las cuales ya son una realidad en nuestra sociedad y en las consultas m\u00e9dicas de nuestro pa\u00eds. El presente volumen, pionero en este sentido, se inspira en gu\u00edas existentes como fuentes de informaci\u00f3n para el personal sanitario, los mediadores interculturales y los int\u00e9rpretes, y para la formaci\u00f3n especializada de trabajadores sociales y otra figuras profesionales del \u00e1mbito social.<\/p>\n<p>Los contenidos atienden a aspectos esenciales de antropolog\u00eda m\u00e9dica e interacci\u00f3n comunicativa en la comunicaci\u00f3n m\u00e9dico-paciente, y se basan en el conocimiento de las culturas sanitarias de diverso origen por parte del equipo de autores, a partir de sus estudios y el desarrollo de diversos proyectos de investigaci\u00f3n, en los que se llevaron a cabo encuestas con personal sanitario, mediadores interculturales y pacientes de diversas culturas, para recopilar datos desde una perspectiva cualitativa.<\/p>\n<p>No s\u00f3lo se enumeran los posibles comportamientos problem\u00e1ticos, sino que se ofrecen una explicaci\u00f3n cultural de los mismos que permite un tratamiento lo m\u00e1s coherente y fruct\u00edfero posible.<br \/>\nEl volumen cuenta con ejemplos comentados de interacciones comunicativas m\u00e9dico-paciente, as\u00ed como con una selecci\u00f3n de referencias bibliogr\u00e1ficas comentadas. Su intenci\u00f3n es servir de gu\u00eda did\u00e1ctica, para fomentar la atenci\u00f3n sanitaria transcultural.<\/p>\n","protected":false},"excerpt":{"rendered":"<p>Hoy por hoy no existe en castellano ning\u00fan material de consulta sobre atenci\u00f3n sanitaria con pacientes de diversas culturas, las cuales ya son una realidad en nuestra sociedad y en las consultas m\u00e9dicas de nuestro pa\u00eds. El presente volumen, pionero en este sentido, se inspira en gu\u00edas existentes como fuentes de informaci\u00f3n para el personal sanitario, los mediadores interculturales y los int\u00e9rpretes, y para la formaci\u00f3n especializada de trabajadores sociales y otra figuras profesionales del \u00e1mbito social.<\/p>\n<p>Los contenidos atienden a aspectos esenciales de antropolog\u00eda m\u00e9dica e interacci\u00f3n comunicativa en la comunicaci\u00f3n m\u00e9dico-paciente, y se basan en el conocimiento de las culturas sanitarias de diverso origen por parte del equipo de autores, a partir de sus estudios y el desarrollo de diversos proyectos de investigaci\u00f3n, en los que se llevaron a cabo encuestas con personal sanitario, mediadores interculturales y pacientes de diversas culturas, para recopilar datos desde una perspectiva cualitativa.<\/p>\n<p>No s\u00f3lo se enumeran los posibles comportamientos problem\u00e1ticos, sino que se ofrecen una explicaci\u00f3n cultural de los mismos que permite un tratamiento lo m\u00e1s coherente y fruct\u00edfero posible.<br \/>\nEl volumen cuenta con ejemplos comentados de interacciones comunicativas m\u00e9dico-paciente, as\u00ed como con una selecci\u00f3n de referencias bibliogr\u00e1ficas comentadas. Su intenci\u00f3n es servir de gu\u00eda did\u00e1ctica, para fomentar la atenci\u00f3n sanitaria transcultural.<\/p>\n","protected":false},"featured_media":45847,"comment_status":"open","ping_status":"closed","template":"","meta":{"_et_pb_use_builder":"","_et_pb_old_content":"","_et_gb_content_width":""},"product_cat":[11899,11913,11859],"product_tag":[11893],"edicion":[11865],"editoriales":[11867,12619],"tienda":[],"autor_id":[12620,12621,12622,12623,12624,12625,12626],"universidades_coeditoras":[12627],"palabras_clave":[],"listado_alfabetico":[],"acf":[],"_links":{"self":[{"href":"https:\/\/wizardly-davinci.82-223-8-23.plesk.page\/en\/wp-json\/wp\/v2\/product\/45845"}],"collection":[{"href":"https:\/\/wizardly-davinci.82-223-8-23.plesk.page\/en\/wp-json\/wp\/v2\/product"}],"about":[{"href":"https:\/\/wizardly-davinci.82-223-8-23.plesk.page\/en\/wp-json\/wp\/v2\/types\/product"}],"replies":[{"embeddable":true,"href":"https:\/\/wizardly-davinci.82-223-8-23.plesk.page\/en\/wp-json\/wp\/v2\/comments?post=45845"}],"wp:featuredmedia":[{"embeddable":true,"href":"https:\/\/wizardly-davinci.82-223-8-23.plesk.page\/en\/wp-json\/wp\/v2\/media\/45847"}],"wp:attachment":[{"href":"https:\/\/wizardly-davinci.82-223-8-23.plesk.page\/en\/wp-json\/wp\/v2\/media?parent=45845"}],"wp:term":[{"taxonomy":"product_cat","embeddable":true,"href":"https:\/\/wizardly-davinci.82-223-8-23.plesk.page\/en\/wp-json\/wp\/v2\/product_cat?post=45845"},{"taxonomy":"product_tag","embeddable":true,"href":"https:\/\/wizardly-davinci.82-223-8-23.plesk.page\/en\/wp-json\/wp\/v2\/product_tag?post=45845"},{"taxonomy":"edicion","embeddable":true,"href":"https:\/\/wizardly-davinci.82-223-8-23.plesk.page\/en\/wp-json\/wp\/v2\/edicion?post=45845"},{"taxonomy":"editoriales","embeddable":true,"href":"https:\/\/wizardly-davinci.82-223-8-23.plesk.page\/en\/wp-json\/wp\/v2\/editoriales?post=45845"},{"taxonomy":"tienda","embeddable":true,"href":"https:\/\/wizardly-davinci.82-223-8-23.plesk.page\/en\/wp-json\/wp\/v2\/tienda?post=45845"},{"taxonomy":"autor_id","embeddable":true,"href":"https:\/\/wizardly-davinci.82-223-8-23.plesk.page\/en\/wp-json\/wp\/v2\/autor_id?post=45845"},{"taxonomy":"universidades_coeditoras","embeddable":true,"href":"https:\/\/wizardly-davinci.82-223-8-23.plesk.page\/en\/wp-json\/wp\/v2\/universidades_coeditoras?post=45845"},{"taxonomy":"palabras_clave","embeddable":true,"href":"https:\/\/wizardly-davinci.82-223-8-23.plesk.page\/en\/wp-json\/wp\/v2\/palabras_clave?post=45845"},{"taxonomy":"listado_alfabetico","embeddable":true,"href":"https:\/\/wizardly-davinci.82-223-8-23.plesk.page\/en\/wp-json\/wp\/v2\/listado_alfabetico?post=45845"}],"curies":[{"name":"wp","href":"https:\/\/api.w.org\/{rel}","templated":true}]}}