{"id":45848,"date":"2022-01-01T12:32:53","date_gmt":"2022-01-01T11:32:53","guid":{"rendered":"https:\/\/octaedro.com\/libro\/neurociencia-para-educadores\/"},"modified":"2023-06-15T10:22:42","modified_gmt":"2023-06-15T08:22:42","slug":"neurociencia-para-educadores","status":"publish","type":"product","link":"https:\/\/wizardly-davinci.82-223-8-23.plesk.page\/en\/producto\/neurociencia-para-educadores\/","title":{"rendered":"Neurociencia para educadores"},"content":{"rendered":"<p><em>Neurociencia para educadores<\/em> es un libro espl\u00e9ndido que lleva un subt\u00edtulo suficientemente expl\u00edcito. Los lectores encontraran en su interior \u00abtodo aquello que los educadores siempre han querido saber sobre el cerebro de sus alumnos y nunca nadie se ha atrevido a explic\u00e1rselo de manera comprensible y \u00fatil\u00bb. Para sorpresa de muchos, el resultado no echa por tierra la totalidad de la pedagog\u00eda moderna, sino que da una explicaci\u00f3n cient\u00edfica complementaria a por qu\u00e9, si se trabaja con conocimiento y dedicaci\u00f3n, todo funciona razonablemente bien. Y un argumento s\u00f3lido para no dar marcha atr\u00e1s, como parecen querer algunas voces desmemoriadas. Un libro riguroso, claro y de agradable lectura, lleno de ideas para meditar sobre el oficio de ser aprendices.<\/p>\n","protected":false},"excerpt":{"rendered":"<p><em>Neurociencia para educadores<\/em> es un libro espl\u00e9ndido que lleva un subt\u00edtulo suficientemente expl\u00edcito. Los lectores encontraran en su interior \u00abtodo aquello que los educadores siempre han querido saber sobre el cerebro de sus alumnos y nunca nadie se ha atrevido a explic\u00e1rselo de manera comprensible y \u00fatil\u00bb. Para sorpresa de muchos, el resultado no echa por tierra la totalidad de la pedagog\u00eda moderna, sino que da una explicaci\u00f3n cient\u00edfica complementaria a por qu\u00e9, si se trabaja con conocimiento y dedicaci\u00f3n, todo funciona razonablemente bien. Y un argumento s\u00f3lido para no dar marcha atr\u00e1s, como parecen querer algunas voces desmemoriadas. Un libro riguroso, claro y de agradable lectura, lleno de ideas para meditar sobre el oficio de ser aprendices.<\/p>\n","protected":false},"featured_media":60645,"comment_status":"open","ping_status":"closed","template":"","meta":{"_et_pb_use_builder":"","_et_pb_old_content":"","_et_gb_content_width":""},"product_cat":[11858,11859,11912,11881,11924,11925],"product_tag":[11892],"edicion":[12199,11865],"editoriales":[11867,12203],"tienda":[],"autor_id":[12629],"universidades_coeditoras":[],"palabras_clave":[],"listado_alfabetico":[],"acf":[],"_links":{"self":[{"href":"https:\/\/wizardly-davinci.82-223-8-23.plesk.page\/en\/wp-json\/wp\/v2\/product\/45848"}],"collection":[{"href":"https:\/\/wizardly-davinci.82-223-8-23.plesk.page\/en\/wp-json\/wp\/v2\/product"}],"about":[{"href":"https:\/\/wizardly-davinci.82-223-8-23.plesk.page\/en\/wp-json\/wp\/v2\/types\/product"}],"replies":[{"embeddable":true,"href":"https:\/\/wizardly-davinci.82-223-8-23.plesk.page\/en\/wp-json\/wp\/v2\/comments?post=45848"}],"wp:featuredmedia":[{"embeddable":true,"href":"https:\/\/wizardly-davinci.82-223-8-23.plesk.page\/en\/wp-json\/wp\/v2\/media\/60645"}],"wp:attachment":[{"href":"https:\/\/wizardly-davinci.82-223-8-23.plesk.page\/en\/wp-json\/wp\/v2\/media?parent=45848"}],"wp:term":[{"taxonomy":"product_cat","embeddable":true,"href":"https:\/\/wizardly-davinci.82-223-8-23.plesk.page\/en\/wp-json\/wp\/v2\/product_cat?post=45848"},{"taxonomy":"product_tag","embeddable":true,"href":"https:\/\/wizardly-davinci.82-223-8-23.plesk.page\/en\/wp-json\/wp\/v2\/product_tag?post=45848"},{"taxonomy":"edicion","embeddable":true,"href":"https:\/\/wizardly-davinci.82-223-8-23.plesk.page\/en\/wp-json\/wp\/v2\/edicion?post=45848"},{"taxonomy":"editoriales","embeddable":true,"href":"https:\/\/wizardly-davinci.82-223-8-23.plesk.page\/en\/wp-json\/wp\/v2\/editoriales?post=45848"},{"taxonomy":"tienda","embeddable":true,"href":"https:\/\/wizardly-davinci.82-223-8-23.plesk.page\/en\/wp-json\/wp\/v2\/tienda?post=45848"},{"taxonomy":"autor_id","embeddable":true,"href":"https:\/\/wizardly-davinci.82-223-8-23.plesk.page\/en\/wp-json\/wp\/v2\/autor_id?post=45848"},{"taxonomy":"universidades_coeditoras","embeddable":true,"href":"https:\/\/wizardly-davinci.82-223-8-23.plesk.page\/en\/wp-json\/wp\/v2\/universidades_coeditoras?post=45848"},{"taxonomy":"palabras_clave","embeddable":true,"href":"https:\/\/wizardly-davinci.82-223-8-23.plesk.page\/en\/wp-json\/wp\/v2\/palabras_clave?post=45848"},{"taxonomy":"listado_alfabetico","embeddable":true,"href":"https:\/\/wizardly-davinci.82-223-8-23.plesk.page\/en\/wp-json\/wp\/v2\/listado_alfabetico?post=45848"}],"curies":[{"name":"wp","href":"https:\/\/api.w.org\/{rel}","templated":true}]}}