{"id":45853,"date":"2020-12-23T17:29:02","date_gmt":"2020-12-23T16:29:02","guid":{"rendered":"https:\/\/octaedro.com\/libro\/mary-wollstonecraft-pionera-feminista\/"},"modified":"2023-04-24T11:31:46","modified_gmt":"2023-04-24T09:31:46","slug":"mary-wollstonecraft-pionera-feminista","status":"publish","type":"product","link":"https:\/\/wizardly-davinci.82-223-8-23.plesk.page\/en\/producto\/mary-wollstonecraft-pionera-feminista\/","title":{"rendered":"Mary Wollstonecraft: pionera feminista"},"content":{"rendered":"","protected":false},"excerpt":{"rendered":"<p>Este monogr\u00e1fico est\u00e1 dedicado la figura de Mary Wollstonecraft (1759-1797), pionera feminista que revolucion\u00f3 con su reivindicaci\u00f3n de los derechos de las mujeres a una sociedad que las condenaba a ser ciudadanas de segunda clase. A trav\u00e9s de una revisi\u00f3n te\u00f3rica de su vida y obra, se visibilizan los aportes que efectu\u00f3 a la historia del feminismo actual. Wollstonecraft no solo se ci\u00f1\u00f3 a aspectos concretos discriminatorios para las mujeres, sino que abord\u00f3 la desigualdad sufrida de una manera global y que repercut\u00eda en todos los aspectos de la vida p\u00fablica y privada de las mismas. De manera cronol\u00f3gica, se detalla su vida como una referencia b\u00e1sica para entender la configuraci\u00f3n de la personalidad de la autora y se recorren las diferentes teor\u00edas feministas y las mujeres m\u00e1s relevantes que han impulsado su origen y desarrollo.<\/p>\n<p>Con la lectura de esta obra, lectores y lectoras podr\u00e1n conocer las influencias intelectuales y afectivas que a Wollstonecraft le imprimieron ese car\u00e1cter precursor de las teor\u00edas sobre g\u00e9nero actuales, lo cual no le ha sido reconocido hasta dos siglos m\u00e1s tarde.<\/p>\n","protected":false},"featured_media":45854,"comment_status":"open","ping_status":"closed","template":"","meta":{"_et_pb_use_builder":"","_et_pb_old_content":"","_et_gb_content_width":""},"product_cat":[11899,11858,11859,11912],"product_tag":[11892],"edicion":[12199,11865],"editoriales":[11867],"tienda":[],"autor_id":[12635],"universidades_coeditoras":[12636],"palabras_clave":[],"listado_alfabetico":[],"acf":[],"_links":{"self":[{"href":"https:\/\/wizardly-davinci.82-223-8-23.plesk.page\/en\/wp-json\/wp\/v2\/product\/45853"}],"collection":[{"href":"https:\/\/wizardly-davinci.82-223-8-23.plesk.page\/en\/wp-json\/wp\/v2\/product"}],"about":[{"href":"https:\/\/wizardly-davinci.82-223-8-23.plesk.page\/en\/wp-json\/wp\/v2\/types\/product"}],"replies":[{"embeddable":true,"href":"https:\/\/wizardly-davinci.82-223-8-23.plesk.page\/en\/wp-json\/wp\/v2\/comments?post=45853"}],"wp:featuredmedia":[{"embeddable":true,"href":"https:\/\/wizardly-davinci.82-223-8-23.plesk.page\/en\/wp-json\/wp\/v2\/media\/45854"}],"wp:attachment":[{"href":"https:\/\/wizardly-davinci.82-223-8-23.plesk.page\/en\/wp-json\/wp\/v2\/media?parent=45853"}],"wp:term":[{"taxonomy":"product_cat","embeddable":true,"href":"https:\/\/wizardly-davinci.82-223-8-23.plesk.page\/en\/wp-json\/wp\/v2\/product_cat?post=45853"},{"taxonomy":"product_tag","embeddable":true,"href":"https:\/\/wizardly-davinci.82-223-8-23.plesk.page\/en\/wp-json\/wp\/v2\/product_tag?post=45853"},{"taxonomy":"edicion","embeddable":true,"href":"https:\/\/wizardly-davinci.82-223-8-23.plesk.page\/en\/wp-json\/wp\/v2\/edicion?post=45853"},{"taxonomy":"editoriales","embeddable":true,"href":"https:\/\/wizardly-davinci.82-223-8-23.plesk.page\/en\/wp-json\/wp\/v2\/editoriales?post=45853"},{"taxonomy":"tienda","embeddable":true,"href":"https:\/\/wizardly-davinci.82-223-8-23.plesk.page\/en\/wp-json\/wp\/v2\/tienda?post=45853"},{"taxonomy":"autor_id","embeddable":true,"href":"https:\/\/wizardly-davinci.82-223-8-23.plesk.page\/en\/wp-json\/wp\/v2\/autor_id?post=45853"},{"taxonomy":"universidades_coeditoras","embeddable":true,"href":"https:\/\/wizardly-davinci.82-223-8-23.plesk.page\/en\/wp-json\/wp\/v2\/universidades_coeditoras?post=45853"},{"taxonomy":"palabras_clave","embeddable":true,"href":"https:\/\/wizardly-davinci.82-223-8-23.plesk.page\/en\/wp-json\/wp\/v2\/palabras_clave?post=45853"},{"taxonomy":"listado_alfabetico","embeddable":true,"href":"https:\/\/wizardly-davinci.82-223-8-23.plesk.page\/en\/wp-json\/wp\/v2\/listado_alfabetico?post=45853"}],"curies":[{"name":"wp","href":"https:\/\/api.w.org\/{rel}","templated":true}]}}