{"id":45855,"date":"2020-12-23T17:14:43","date_gmt":"2020-12-23T16:14:43","guid":{"rendered":"https:\/\/octaedro.com\/libro\/pensar-el-pensamiento\/"},"modified":"2023-03-08T12:19:18","modified_gmt":"2023-03-08T11:19:18","slug":"pensar-el-pensamiento","status":"publish","type":"product","link":"https:\/\/wizardly-davinci.82-223-8-23.plesk.page\/en\/producto\/pensar-el-pensamiento\/","title":{"rendered":"Pensar el pensamiento"},"content":{"rendered":"","protected":false},"excerpt":{"rendered":"<p><strong>PR\u00d3XIMA PUBLICACI\u00d3N Enero 2021<\/strong><\/p>\n<p>El presente libro aborda la idea del pensar.<\/p>\n<p>Generalmente se considera que sabemos aquello que pensamos acerca de una idea determinada, pero quiz\u00e1 no sabemos a ciencia cierta qu\u00e9 hacemos, c\u00f3mo lo vamos haciendo o c\u00f3mo hemos llegado a ello. Se suele reducir el pensamiento a algo interno, reservado, personal. Sin embargo, pensamos tambi\u00e9n haciendo, paseando, dibujando, jugando, movi\u00e9ndonos.<\/p>\n<p>Se introduce el qu\u00e9 se piensa en \u00edntima relaci\u00f3n con el c\u00f3mo se piensa, los cambios que ocurren al ir haci\u00e9ndolo, acerca de algunos temas determinados que ata\u00f1en a nuestra forma de hacer, de actuar con nosotros mismos y con otras personas. En concreto, se aborda la idea de respeto en la pareja, de reconocimiento y escucha, en el marco de las relaciones personales. Un grupo de estudiantes de m\u00e1ster de danza, movimiento y terapia (DMT) reflexionan y expresan la construcci\u00f3n de estas ideas a trav\u00e9s del dibujo y del movimiento corporal.<\/p>\n<p>Un interesante ejercicio psicol\u00f3gico, educativo, social, acerca de hacer, pensar y sentir. En definitiva, qu\u00e9 se piensa y qu\u00e9 se siente al ir pensando o al ir sintiendo.<\/p>\n","protected":false},"featured_media":45856,"comment_status":"open","ping_status":"closed","template":"","meta":{"_et_pb_use_builder":"","_et_pb_old_content":"","_et_gb_content_width":""},"product_cat":[11858,11859,11924],"product_tag":[11860],"edicion":[11865],"editoriales":[11867],"tienda":[],"autor_id":[12638],"universidades_coeditoras":[],"palabras_clave":[],"listado_alfabetico":[],"acf":[],"_links":{"self":[{"href":"https:\/\/wizardly-davinci.82-223-8-23.plesk.page\/en\/wp-json\/wp\/v2\/product\/45855"}],"collection":[{"href":"https:\/\/wizardly-davinci.82-223-8-23.plesk.page\/en\/wp-json\/wp\/v2\/product"}],"about":[{"href":"https:\/\/wizardly-davinci.82-223-8-23.plesk.page\/en\/wp-json\/wp\/v2\/types\/product"}],"replies":[{"embeddable":true,"href":"https:\/\/wizardly-davinci.82-223-8-23.plesk.page\/en\/wp-json\/wp\/v2\/comments?post=45855"}],"wp:featuredmedia":[{"embeddable":true,"href":"https:\/\/wizardly-davinci.82-223-8-23.plesk.page\/en\/wp-json\/wp\/v2\/media\/45856"}],"wp:attachment":[{"href":"https:\/\/wizardly-davinci.82-223-8-23.plesk.page\/en\/wp-json\/wp\/v2\/media?parent=45855"}],"wp:term":[{"taxonomy":"product_cat","embeddable":true,"href":"https:\/\/wizardly-davinci.82-223-8-23.plesk.page\/en\/wp-json\/wp\/v2\/product_cat?post=45855"},{"taxonomy":"product_tag","embeddable":true,"href":"https:\/\/wizardly-davinci.82-223-8-23.plesk.page\/en\/wp-json\/wp\/v2\/product_tag?post=45855"},{"taxonomy":"edicion","embeddable":true,"href":"https:\/\/wizardly-davinci.82-223-8-23.plesk.page\/en\/wp-json\/wp\/v2\/edicion?post=45855"},{"taxonomy":"editoriales","embeddable":true,"href":"https:\/\/wizardly-davinci.82-223-8-23.plesk.page\/en\/wp-json\/wp\/v2\/editoriales?post=45855"},{"taxonomy":"tienda","embeddable":true,"href":"https:\/\/wizardly-davinci.82-223-8-23.plesk.page\/en\/wp-json\/wp\/v2\/tienda?post=45855"},{"taxonomy":"autor_id","embeddable":true,"href":"https:\/\/wizardly-davinci.82-223-8-23.plesk.page\/en\/wp-json\/wp\/v2\/autor_id?post=45855"},{"taxonomy":"universidades_coeditoras","embeddable":true,"href":"https:\/\/wizardly-davinci.82-223-8-23.plesk.page\/en\/wp-json\/wp\/v2\/universidades_coeditoras?post=45855"},{"taxonomy":"palabras_clave","embeddable":true,"href":"https:\/\/wizardly-davinci.82-223-8-23.plesk.page\/en\/wp-json\/wp\/v2\/palabras_clave?post=45855"},{"taxonomy":"listado_alfabetico","embeddable":true,"href":"https:\/\/wizardly-davinci.82-223-8-23.plesk.page\/en\/wp-json\/wp\/v2\/listado_alfabetico?post=45855"}],"curies":[{"name":"wp","href":"https:\/\/api.w.org\/{rel}","templated":true}]}}