{"id":46092,"date":"2021-06-26T16:08:21","date_gmt":"2021-06-26T14:08:21","guid":{"rendered":"https:\/\/octaedro.com\/libro\/experiencias-de-investigacion-para-un-futuro-sostenible\/"},"modified":"2023-02-22T13:37:03","modified_gmt":"2023-02-22T12:37:03","slug":"experiencias-de-investigacion-para-un-futuro-sostenible","status":"publish","type":"product","link":"https:\/\/wizardly-davinci.82-223-8-23.plesk.page\/en\/producto\/experiencias-de-investigacion-para-un-futuro-sostenible\/","title":{"rendered":"Experiencias de investigaci\u00f3n para un futuro sostenible"},"content":{"rendered":"","protected":false},"excerpt":{"rendered":"<p>En este momento asistimos a un cambio obligado en el paradigma energ\u00e9tico y de gesti\u00f3n de recursos en el planeta para poder acometer los cambios en los modelos productivos y de consumo que nos permitan garantizar el desarrollo sostenible. Son grandes retos: lucha contra el cambio clim\u00e1tico; disminuci\u00f3n de la contaminaci\u00f3n en agua, aire y suelo; erradicaci\u00f3n de la pobreza; protecci\u00f3n de la biodiversidad, conseguir una energ\u00eda limpia y asequible, ciudades y comunidades sostenibles\u2026 Retos que, adem\u00e1s, est\u00e1n interconectados y han de ser abordados desde una visi\u00f3n amplia e inclusiva.<\/p>\n<p>El esfuerzo realizado a trav\u00e9s de la innovaci\u00f3n en I+D es esencial para mejorar la eficiencia de procesos y hacer un uso m\u00e1s optimizado de los recursos, as\u00ed como para profundizar en el conocimiento que permita un mejor control de los procesos. En ese marco surge la motivaci\u00f3n de un grupo de investigadores de diversas procedencias por participar en esta obra. <em>Experiencias de investigaci\u00f3n para un futuro sostenible<\/em> aborda aspectos como la eficiencia energ\u00e9tica en la construcci\u00f3n o el transporte, la biorrefiner\u00eda y extracci\u00f3n sostenible de recursos, el empleo de redes multidisciplinares de trabajo para el control y mitigaci\u00f3n de emisiones, los procesos de descontaminaci\u00f3n de aguas, las aplicaciones de las TIC y la inteligencia artificial para la mejor gesti\u00f3n de los procesos. Y se abordan tambi\u00e9n mejores pr\u00e1cticas en el sector de la salud.<\/p>\n<p>Conscientes de que los grandes cambios tienen su origen en las peque\u00f1as acciones y en la necesaria cohesi\u00f3n de los diferentes campos de conocimiento para viajar lejos, mejor que r\u00e1pido, mostramos aqu\u00ed la semilla de lo que ser\u00e1n avances hacia ese modelo integrador y respetuoso.<\/p>\n","protected":false},"featured_media":46020,"comment_status":"open","ping_status":"closed","template":"","meta":{"_et_pb_use_builder":"","_et_pb_old_content":"","_et_gb_content_width":""},"product_cat":[11899,11913,11900],"product_tag":[11887],"edicion":[12178],"editoriales":[11867],"tienda":[],"autor_id":[12779,12778,12780],"universidades_coeditoras":[14899],"palabras_clave":[],"listado_alfabetico":[],"acf":[],"_links":{"self":[{"href":"https:\/\/wizardly-davinci.82-223-8-23.plesk.page\/en\/wp-json\/wp\/v2\/product\/46092"}],"collection":[{"href":"https:\/\/wizardly-davinci.82-223-8-23.plesk.page\/en\/wp-json\/wp\/v2\/product"}],"about":[{"href":"https:\/\/wizardly-davinci.82-223-8-23.plesk.page\/en\/wp-json\/wp\/v2\/types\/product"}],"replies":[{"embeddable":true,"href":"https:\/\/wizardly-davinci.82-223-8-23.plesk.page\/en\/wp-json\/wp\/v2\/comments?post=46092"}],"wp:featuredmedia":[{"embeddable":true,"href":"https:\/\/wizardly-davinci.82-223-8-23.plesk.page\/en\/wp-json\/wp\/v2\/media\/46020"}],"wp:attachment":[{"href":"https:\/\/wizardly-davinci.82-223-8-23.plesk.page\/en\/wp-json\/wp\/v2\/media?parent=46092"}],"wp:term":[{"taxonomy":"product_cat","embeddable":true,"href":"https:\/\/wizardly-davinci.82-223-8-23.plesk.page\/en\/wp-json\/wp\/v2\/product_cat?post=46092"},{"taxonomy":"product_tag","embeddable":true,"href":"https:\/\/wizardly-davinci.82-223-8-23.plesk.page\/en\/wp-json\/wp\/v2\/product_tag?post=46092"},{"taxonomy":"edicion","embeddable":true,"href":"https:\/\/wizardly-davinci.82-223-8-23.plesk.page\/en\/wp-json\/wp\/v2\/edicion?post=46092"},{"taxonomy":"editoriales","embeddable":true,"href":"https:\/\/wizardly-davinci.82-223-8-23.plesk.page\/en\/wp-json\/wp\/v2\/editoriales?post=46092"},{"taxonomy":"tienda","embeddable":true,"href":"https:\/\/wizardly-davinci.82-223-8-23.plesk.page\/en\/wp-json\/wp\/v2\/tienda?post=46092"},{"taxonomy":"autor_id","embeddable":true,"href":"https:\/\/wizardly-davinci.82-223-8-23.plesk.page\/en\/wp-json\/wp\/v2\/autor_id?post=46092"},{"taxonomy":"universidades_coeditoras","embeddable":true,"href":"https:\/\/wizardly-davinci.82-223-8-23.plesk.page\/en\/wp-json\/wp\/v2\/universidades_coeditoras?post=46092"},{"taxonomy":"palabras_clave","embeddable":true,"href":"https:\/\/wizardly-davinci.82-223-8-23.plesk.page\/en\/wp-json\/wp\/v2\/palabras_clave?post=46092"},{"taxonomy":"listado_alfabetico","embeddable":true,"href":"https:\/\/wizardly-davinci.82-223-8-23.plesk.page\/en\/wp-json\/wp\/v2\/listado_alfabetico?post=46092"}],"curies":[{"name":"wp","href":"https:\/\/api.w.org\/{rel}","templated":true}]}}