{"id":46125,"date":"2021-06-26T19:07:58","date_gmt":"2021-06-26T19:07:58","guid":{"rendered":"https:\/\/octaedro.com\/libro\/el-comentario-de-textos-en-lengua-espanola-para-el-acceso-a-la-ensenanza-media\/"},"modified":"2023-02-22T13:37:03","modified_gmt":"2023-02-22T12:37:03","slug":"el-comentario-de-textos-en-lengua-espanola-para-el-acceso-a-la-ensenanza-media-2","status":"publish","type":"product","link":"https:\/\/wizardly-davinci.82-223-8-23.plesk.page\/en\/producto\/el-comentario-de-textos-en-lengua-espanola-para-el-acceso-a-la-ensenanza-media-2\/","title":{"rendered":"El comentario de textos en lengua espa\u00f1ola para el acceso a la ense\u00f1anza media"},"content":{"rendered":"","protected":false},"excerpt":{"rendered":"<p><strong>UPCOMING<\/strong><strong>July 2021<\/strong><\/p>\n<p>El presente libro expone una serie de casos pr\u00e1cticos inspirados en los procesos selectivos de selecci\u00f3n de personal al Cuerpo de Profesores de Educaci\u00f3n Secundaria Obligatoria en la comunidad aut\u00f3noma andaluza para la especialidad de Lengua Castellana y Literatura. Para ello, se han tenido en cuenta los casos pr\u00e1cticos de las \u00faltimas convocatorias y se muestran ejemplos de resoluci\u00f3n de dichos casos de acuerdo con la casu\u00edstica de las oposiciones.<\/p>\n<p>El objetivo de esta obra es ofrecer un posible modelo de resoluci\u00f3n de este tipo de cuestiones que, en la actualidad, apenas son abordadas desde la educaci\u00f3n p\u00fablica superior. Por estos motivos, el presente volumen puede resultar especialmente interesante para aquellos alumnos que, habiendo superado los requisitos acad\u00e9micos necesarios, est\u00e9n interesados en este tipo de formaci\u00f3n espec\u00edfica.<\/p>\n","protected":false},"featured_media":45980,"comment_status":"open","ping_status":"closed","template":"","meta":{"_et_pb_use_builder":"","_et_pb_old_content":"","_et_gb_content_width":""},"product_cat":[11899,11913],"product_tag":[11890],"edicion":[12178],"editoriales":[11867],"tienda":[],"autor_id":[12792,12794],"universidades_coeditoras":[14897],"palabras_clave":[],"listado_alfabetico":[],"acf":[],"_links":{"self":[{"href":"https:\/\/wizardly-davinci.82-223-8-23.plesk.page\/en\/wp-json\/wp\/v2\/product\/46125"}],"collection":[{"href":"https:\/\/wizardly-davinci.82-223-8-23.plesk.page\/en\/wp-json\/wp\/v2\/product"}],"about":[{"href":"https:\/\/wizardly-davinci.82-223-8-23.plesk.page\/en\/wp-json\/wp\/v2\/types\/product"}],"replies":[{"embeddable":true,"href":"https:\/\/wizardly-davinci.82-223-8-23.plesk.page\/en\/wp-json\/wp\/v2\/comments?post=46125"}],"wp:featuredmedia":[{"embeddable":true,"href":"https:\/\/wizardly-davinci.82-223-8-23.plesk.page\/en\/wp-json\/wp\/v2\/media\/45980"}],"wp:attachment":[{"href":"https:\/\/wizardly-davinci.82-223-8-23.plesk.page\/en\/wp-json\/wp\/v2\/media?parent=46125"}],"wp:term":[{"taxonomy":"product_cat","embeddable":true,"href":"https:\/\/wizardly-davinci.82-223-8-23.plesk.page\/en\/wp-json\/wp\/v2\/product_cat?post=46125"},{"taxonomy":"product_tag","embeddable":true,"href":"https:\/\/wizardly-davinci.82-223-8-23.plesk.page\/en\/wp-json\/wp\/v2\/product_tag?post=46125"},{"taxonomy":"edicion","embeddable":true,"href":"https:\/\/wizardly-davinci.82-223-8-23.plesk.page\/en\/wp-json\/wp\/v2\/edicion?post=46125"},{"taxonomy":"editoriales","embeddable":true,"href":"https:\/\/wizardly-davinci.82-223-8-23.plesk.page\/en\/wp-json\/wp\/v2\/editoriales?post=46125"},{"taxonomy":"tienda","embeddable":true,"href":"https:\/\/wizardly-davinci.82-223-8-23.plesk.page\/en\/wp-json\/wp\/v2\/tienda?post=46125"},{"taxonomy":"autor_id","embeddable":true,"href":"https:\/\/wizardly-davinci.82-223-8-23.plesk.page\/en\/wp-json\/wp\/v2\/autor_id?post=46125"},{"taxonomy":"universidades_coeditoras","embeddable":true,"href":"https:\/\/wizardly-davinci.82-223-8-23.plesk.page\/en\/wp-json\/wp\/v2\/universidades_coeditoras?post=46125"},{"taxonomy":"palabras_clave","embeddable":true,"href":"https:\/\/wizardly-davinci.82-223-8-23.plesk.page\/en\/wp-json\/wp\/v2\/palabras_clave?post=46125"},{"taxonomy":"listado_alfabetico","embeddable":true,"href":"https:\/\/wizardly-davinci.82-223-8-23.plesk.page\/en\/wp-json\/wp\/v2\/listado_alfabetico?post=46125"}],"curies":[{"name":"wp","href":"https:\/\/api.w.org\/{rel}","templated":true}]}}