{"id":47555,"date":"2021-07-23T15:38:15","date_gmt":"2021-07-23T15:38:15","guid":{"rendered":"https:\/\/octaedro.com\/libro\/educar-y-formar-a-la-generacion-z-experiencias-derivadas-de-la-investigacion\/"},"modified":"2023-02-22T13:37:08","modified_gmt":"2023-02-22T12:37:08","slug":"educar-y-formar-a-la-generacion-z-experiencias-derivadas-de-la-investigacion","status":"publish","type":"product","link":"https:\/\/wizardly-davinci.82-223-8-23.plesk.page\/en\/producto\/educar-y-formar-a-la-generacion-z-experiencias-derivadas-de-la-investigacion\/","title":{"rendered":"Educar y formar a la generaci\u00f3n Z: experiencias derivadas de la investigaci\u00f3n"},"content":{"rendered":"","protected":false},"excerpt":{"rendered":"<p>La presente obra recoge diferentes experiencias de investigaci\u00f3n e innovaci\u00f3n en el \u00e1mbito de las ciencias de la educaci\u00f3n llevadas a cabo por diferentes expertos en la materia procedentes de diferentes instituciones espa\u00f1olas y extranjeras. Se presentan estudios sobre innovaci\u00f3n docente y formaci\u00f3n del profesorado de cara a poder afrontar presentes y futuros desaf\u00edos del sistema educativo. Actualmente, nos encontramos ante una generaci\u00f3n que ha nacido y crecido en contacto permanente con la tecnolog\u00eda, por eso este recurso se presenta como una de las principales motivaciones que analizar por parte de los expertos en investigaci\u00f3n educativa con la finalidad de promover su inmersi\u00f3n en las aulas. Asimismo, se pretende establecer un compendio de ideas que proporcionen soluciones a los paradigmas educativos planteados en este convulso periodo a causa de la COVID-19.<\/p>\n<p>En este trabajo se recopila, en sus diferentes cap\u00edtulos, una muestra de las investigaciones m\u00e1s actuales en educaci\u00f3n en diferentes campos del conocimiento; l\u00edneas de investigaci\u00f3n que est\u00e1n siendo promovidas por investigadores de m\u00faltiples instituciones de car\u00e1cter nacional e internacional en la actualidad para responder a las demandas existentes en el panorama educativo.<\/p>\n","protected":false},"featured_media":46908,"comment_status":"open","ping_status":"closed","template":"","meta":{"_et_pb_use_builder":"","_et_pb_old_content":"","_et_gb_content_width":""},"product_cat":[11899,11913],"product_tag":[11890],"edicion":[12178],"editoriales":[11867],"tienda":[],"autor_id":[13992,15055,15056,15054],"universidades_coeditoras":[14901],"palabras_clave":[],"listado_alfabetico":[],"acf":[],"_links":{"self":[{"href":"https:\/\/wizardly-davinci.82-223-8-23.plesk.page\/en\/wp-json\/wp\/v2\/product\/47555"}],"collection":[{"href":"https:\/\/wizardly-davinci.82-223-8-23.plesk.page\/en\/wp-json\/wp\/v2\/product"}],"about":[{"href":"https:\/\/wizardly-davinci.82-223-8-23.plesk.page\/en\/wp-json\/wp\/v2\/types\/product"}],"replies":[{"embeddable":true,"href":"https:\/\/wizardly-davinci.82-223-8-23.plesk.page\/en\/wp-json\/wp\/v2\/comments?post=47555"}],"wp:featuredmedia":[{"embeddable":true,"href":"https:\/\/wizardly-davinci.82-223-8-23.plesk.page\/en\/wp-json\/wp\/v2\/media\/46908"}],"wp:attachment":[{"href":"https:\/\/wizardly-davinci.82-223-8-23.plesk.page\/en\/wp-json\/wp\/v2\/media?parent=47555"}],"wp:term":[{"taxonomy":"product_cat","embeddable":true,"href":"https:\/\/wizardly-davinci.82-223-8-23.plesk.page\/en\/wp-json\/wp\/v2\/product_cat?post=47555"},{"taxonomy":"product_tag","embeddable":true,"href":"https:\/\/wizardly-davinci.82-223-8-23.plesk.page\/en\/wp-json\/wp\/v2\/product_tag?post=47555"},{"taxonomy":"edicion","embeddable":true,"href":"https:\/\/wizardly-davinci.82-223-8-23.plesk.page\/en\/wp-json\/wp\/v2\/edicion?post=47555"},{"taxonomy":"editoriales","embeddable":true,"href":"https:\/\/wizardly-davinci.82-223-8-23.plesk.page\/en\/wp-json\/wp\/v2\/editoriales?post=47555"},{"taxonomy":"tienda","embeddable":true,"href":"https:\/\/wizardly-davinci.82-223-8-23.plesk.page\/en\/wp-json\/wp\/v2\/tienda?post=47555"},{"taxonomy":"autor_id","embeddable":true,"href":"https:\/\/wizardly-davinci.82-223-8-23.plesk.page\/en\/wp-json\/wp\/v2\/autor_id?post=47555"},{"taxonomy":"universidades_coeditoras","embeddable":true,"href":"https:\/\/wizardly-davinci.82-223-8-23.plesk.page\/en\/wp-json\/wp\/v2\/universidades_coeditoras?post=47555"},{"taxonomy":"palabras_clave","embeddable":true,"href":"https:\/\/wizardly-davinci.82-223-8-23.plesk.page\/en\/wp-json\/wp\/v2\/palabras_clave?post=47555"},{"taxonomy":"listado_alfabetico","embeddable":true,"href":"https:\/\/wizardly-davinci.82-223-8-23.plesk.page\/en\/wp-json\/wp\/v2\/listado_alfabetico?post=47555"}],"curies":[{"name":"wp","href":"https:\/\/api.w.org\/{rel}","templated":true}]}}