{"id":47564,"date":"2021-08-04T16:38:54","date_gmt":"2021-08-04T14:38:54","guid":{"rendered":"https:\/\/octaedro.com\/libro\/escuelas-musicales\/"},"modified":"2023-03-08T12:19:24","modified_gmt":"2023-03-08T11:19:24","slug":"escuelas-musicales","status":"publish","type":"product","link":"https:\/\/wizardly-davinci.82-223-8-23.plesk.page\/en\/producto\/escuelas-musicales\/","title":{"rendered":"Escuelas musicales"},"content":{"rendered":"","protected":false},"excerpt":{"rendered":"<p>La m\u00fasica forma parte de la escolarizaci\u00f3n obligatoria desde los inicios de la escuela moderna, en el siglo XIX. Con todo, no es lo mismo formar para una econom\u00eda basada en la producci\u00f3n de bienes industriales como la que hab\u00eda entonces que para otra basada en la producci\u00f3n y distribuci\u00f3n del conocimiento, como sucede en la actualidad. Tampoco es lo mismo formar dentro de un contexto de Estados naci\u00f3n que vivir en un mundo global en donde esos Estados se diluyen en macroestructuras que los engloban y en donde ser ciudadano nacional coexiste con una ciudadan\u00eda global de car\u00e1cter digital y cosmopolita.<\/p>\n<p>Ante estos cambios, cabe preguntarse qu\u00e9 ha sucedido con la educaci\u00f3n musical escolar. Partiendo de la base, fundada en datos emp\u00edricos, de que tales cambios no han supuesto a\u00fan un cambio radical en la ense\u00f1anza musical de los centros escolares, este libro pretende descubrir, mediante siete estudios de caso llevados a cabo en colegios e institutos espa\u00f1oles, cu\u00e1l podr\u00eda ser el lugar de la m\u00fasica en la escuela, de modo que d\u00e9 respuesta a las nuevas demandas educativas, sociales, econ\u00f3micas y culturales de nuestro tiempo. Y la respuesta la hallamos en los propios centros escolares que, por un motivo u otro, pueden considerarse ejemplos de \u00abbuenas pr\u00e1cticas docentes\u00bb en educaci\u00f3n musical, es decir, que educan desde y para la m\u00fasica.<\/p>\n","protected":false},"featured_media":46621,"comment_status":"open","ping_status":"closed","template":"","meta":{"_et_pb_use_builder":"","_et_pb_old_content":"","_et_gb_content_width":""},"product_cat":[11899,11859,11912,11907],"product_tag":[11892],"edicion":[12199,11865],"editoriales":[11867],"tienda":[],"autor_id":[15060,15064,15062],"universidades_coeditoras":[14901],"palabras_clave":[],"listado_alfabetico":[],"acf":[],"_links":{"self":[{"href":"https:\/\/wizardly-davinci.82-223-8-23.plesk.page\/en\/wp-json\/wp\/v2\/product\/47564"}],"collection":[{"href":"https:\/\/wizardly-davinci.82-223-8-23.plesk.page\/en\/wp-json\/wp\/v2\/product"}],"about":[{"href":"https:\/\/wizardly-davinci.82-223-8-23.plesk.page\/en\/wp-json\/wp\/v2\/types\/product"}],"replies":[{"embeddable":true,"href":"https:\/\/wizardly-davinci.82-223-8-23.plesk.page\/en\/wp-json\/wp\/v2\/comments?post=47564"}],"wp:featuredmedia":[{"embeddable":true,"href":"https:\/\/wizardly-davinci.82-223-8-23.plesk.page\/en\/wp-json\/wp\/v2\/media\/46621"}],"wp:attachment":[{"href":"https:\/\/wizardly-davinci.82-223-8-23.plesk.page\/en\/wp-json\/wp\/v2\/media?parent=47564"}],"wp:term":[{"taxonomy":"product_cat","embeddable":true,"href":"https:\/\/wizardly-davinci.82-223-8-23.plesk.page\/en\/wp-json\/wp\/v2\/product_cat?post=47564"},{"taxonomy":"product_tag","embeddable":true,"href":"https:\/\/wizardly-davinci.82-223-8-23.plesk.page\/en\/wp-json\/wp\/v2\/product_tag?post=47564"},{"taxonomy":"edicion","embeddable":true,"href":"https:\/\/wizardly-davinci.82-223-8-23.plesk.page\/en\/wp-json\/wp\/v2\/edicion?post=47564"},{"taxonomy":"editoriales","embeddable":true,"href":"https:\/\/wizardly-davinci.82-223-8-23.plesk.page\/en\/wp-json\/wp\/v2\/editoriales?post=47564"},{"taxonomy":"tienda","embeddable":true,"href":"https:\/\/wizardly-davinci.82-223-8-23.plesk.page\/en\/wp-json\/wp\/v2\/tienda?post=47564"},{"taxonomy":"autor_id","embeddable":true,"href":"https:\/\/wizardly-davinci.82-223-8-23.plesk.page\/en\/wp-json\/wp\/v2\/autor_id?post=47564"},{"taxonomy":"universidades_coeditoras","embeddable":true,"href":"https:\/\/wizardly-davinci.82-223-8-23.plesk.page\/en\/wp-json\/wp\/v2\/universidades_coeditoras?post=47564"},{"taxonomy":"palabras_clave","embeddable":true,"href":"https:\/\/wizardly-davinci.82-223-8-23.plesk.page\/en\/wp-json\/wp\/v2\/palabras_clave?post=47564"},{"taxonomy":"listado_alfabetico","embeddable":true,"href":"https:\/\/wizardly-davinci.82-223-8-23.plesk.page\/en\/wp-json\/wp\/v2\/listado_alfabetico?post=47564"}],"curies":[{"name":"wp","href":"https:\/\/api.w.org\/{rel}","templated":true}]}}