{"id":47571,"date":"2021-08-03T16:32:45","date_gmt":"2021-08-03T14:32:45","guid":{"rendered":"https:\/\/octaedro.com\/libro\/la-impracticabilidad-de-la-investigacion-practica\/"},"modified":"2023-03-08T12:19:24","modified_gmt":"2023-03-08T11:19:24","slug":"la-impracticabilidad-de-la-investigacion-practica","status":"publish","type":"product","link":"https:\/\/wizardly-davinci.82-223-8-23.plesk.page\/en\/producto\/la-impracticabilidad-de-la-investigacion-practica\/","title":{"rendered":"La impracticabilidad de la investigaci\u00f3n pr\u00e1ctica"},"content":{"rendered":"","protected":false},"excerpt":{"rendered":"<p>La ciencia social actual muestra un deseo impulsivo, persistente y angustioso de encontrar conocimientos pr\u00e1cticos que propicien un buen vivir en una sociedad justa y equitativa. Es un empe\u00f1o que persigui\u00f3 a la emergencia de las ciencias sociales en el siglo XIX, se agudiz\u00f3 en los movimientos investigadores de posguerra, y hoy est\u00e1 representado por las evaluaciones internacionales de los sistemas educativos y la formaci\u00f3n profesional que marcan a los gobiernos el camino para modernizar la educaci\u00f3n y facilitar una vida buena a las personas. As\u00ed lo expresa la relaci\u00f3n entre la pol\u00edtica y la investigaci\u00f3n estadounidenses, donde las reformas se verifican con \u00abpruebas emp\u00edricas cient\u00edficas\u00bb sobre \u00ablo que funciona\u00bb.<\/p>\n<p>El libro analiza la idea de conocimiento pr\u00e1ctico y \u00fatil que hist\u00f3ricamente ha ido cambiando con el tiempo, y su (re)visi\u00f3n en la investigaci\u00f3n actual dedicada a la reforma educativa, la mejora de la instrucci\u00f3n, y la profesionalizaci\u00f3n. El estudio de la ciencia parte de diversas teor\u00edas sociales y culturales y de estudios hist\u00f3ricos para comprender la pol\u00edtica cient\u00edfica y el conocimiento cient\u00edficos al servicio del cambio social y educativo.<\/p>\n<p>Se espera de la investigaci\u00f3n que pueda fomentar las condiciones sociales que propician una vida mejor y la formaci\u00f3n de personas cuya conducta encarne las cualidades y caracter\u00edsticas de esa \u00abvida mejor\u00bb: el buen ciudadano, padre y madre o trabajador\/a. Sin embargo, es una esperanza que siempre explicita las amenazas y a las poblaciones peligrosas que ponen en riesgo el futuro imaginado. Thomas Popkewitz analiza c\u00f3mo la investigaci\u00f3n destinada a corregir los males sociales parad\u00f3jicamente est\u00e1 implicada en la inscripci\u00f3n de diferencias que, en los esfuerzos por incluir, provoca exclusi\u00f3n y abyecci\u00f3n.<\/p>\n","protected":false},"featured_media":46482,"comment_status":"open","ping_status":"closed","template":"","meta":{"_et_pb_use_builder":"","_et_pb_old_content":"","_et_gb_content_width":""},"product_cat":[11899,11858,11859,11912],"product_tag":[11892],"edicion":[12199,11865],"editoriales":[11867],"tienda":[],"autor_id":[15075],"universidades_coeditoras":[],"palabras_clave":[],"listado_alfabetico":[],"acf":[],"_links":{"self":[{"href":"https:\/\/wizardly-davinci.82-223-8-23.plesk.page\/en\/wp-json\/wp\/v2\/product\/47571"}],"collection":[{"href":"https:\/\/wizardly-davinci.82-223-8-23.plesk.page\/en\/wp-json\/wp\/v2\/product"}],"about":[{"href":"https:\/\/wizardly-davinci.82-223-8-23.plesk.page\/en\/wp-json\/wp\/v2\/types\/product"}],"replies":[{"embeddable":true,"href":"https:\/\/wizardly-davinci.82-223-8-23.plesk.page\/en\/wp-json\/wp\/v2\/comments?post=47571"}],"wp:featuredmedia":[{"embeddable":true,"href":"https:\/\/wizardly-davinci.82-223-8-23.plesk.page\/en\/wp-json\/wp\/v2\/media\/46482"}],"wp:attachment":[{"href":"https:\/\/wizardly-davinci.82-223-8-23.plesk.page\/en\/wp-json\/wp\/v2\/media?parent=47571"}],"wp:term":[{"taxonomy":"product_cat","embeddable":true,"href":"https:\/\/wizardly-davinci.82-223-8-23.plesk.page\/en\/wp-json\/wp\/v2\/product_cat?post=47571"},{"taxonomy":"product_tag","embeddable":true,"href":"https:\/\/wizardly-davinci.82-223-8-23.plesk.page\/en\/wp-json\/wp\/v2\/product_tag?post=47571"},{"taxonomy":"edicion","embeddable":true,"href":"https:\/\/wizardly-davinci.82-223-8-23.plesk.page\/en\/wp-json\/wp\/v2\/edicion?post=47571"},{"taxonomy":"editoriales","embeddable":true,"href":"https:\/\/wizardly-davinci.82-223-8-23.plesk.page\/en\/wp-json\/wp\/v2\/editoriales?post=47571"},{"taxonomy":"tienda","embeddable":true,"href":"https:\/\/wizardly-davinci.82-223-8-23.plesk.page\/en\/wp-json\/wp\/v2\/tienda?post=47571"},{"taxonomy":"autor_id","embeddable":true,"href":"https:\/\/wizardly-davinci.82-223-8-23.plesk.page\/en\/wp-json\/wp\/v2\/autor_id?post=47571"},{"taxonomy":"universidades_coeditoras","embeddable":true,"href":"https:\/\/wizardly-davinci.82-223-8-23.plesk.page\/en\/wp-json\/wp\/v2\/universidades_coeditoras?post=47571"},{"taxonomy":"palabras_clave","embeddable":true,"href":"https:\/\/wizardly-davinci.82-223-8-23.plesk.page\/en\/wp-json\/wp\/v2\/palabras_clave?post=47571"},{"taxonomy":"listado_alfabetico","embeddable":true,"href":"https:\/\/wizardly-davinci.82-223-8-23.plesk.page\/en\/wp-json\/wp\/v2\/listado_alfabetico?post=47571"}],"curies":[{"name":"wp","href":"https:\/\/api.w.org\/{rel}","templated":true}]}}