{"id":48413,"date":"2022-09-01T17:11:01","date_gmt":"2022-09-01T15:11:01","guid":{"rendered":"https:\/\/octaedro.com\/?post_type=product&#038;p=48413"},"modified":"2023-04-24T10:10:09","modified_gmt":"2023-04-24T08:10:09","slug":"cuadernos-para-la-coeducacion","status":"publish","type":"product","link":"https:\/\/wizardly-davinci.82-223-8-23.plesk.page\/en\/producto\/cuadernos-para-la-coeducacion\/","title":{"rendered":"Cuadernos para la Coeducaci\u00f3n"},"content":{"rendered":"","protected":false},"excerpt":{"rendered":"<p>El inter\u00e9s por la coeducaci\u00f3n comenz\u00f3 a manifestarse en Espa\u00f1a hacia los a\u00f1os ochenta. Maestras, profesoras, tambi\u00e9n algunos maestros, empezaron a preguntarse c\u00f3mo conseguir que, m\u00e1s all\u00e1 de la escuela mixta, la educaci\u00f3n de ni\u00f1as y ni\u00f1os fuera igualitaria, algo que sab\u00edamos que no suced\u00eda, pero que era dif\u00edcil imaginar. Debido a este inter\u00e9s y demandas del profesorado comenzamos a pensar c\u00f3mo hacer real la coeducaci\u00f3n, y, para empezar, c\u00f3mo aprender a observar y analizar la pr\u00e1ctica educativa para descubrir lo que sigue conteniendo de sexismo.<\/p>\n<p>Ello dio lugar, en los a\u00f1os noventa, a una colecci\u00f3n, los Cuadernos para la Coeducaci\u00f3n, en los que fuimos creando un m\u00e9todo y unos instrumentos de an\u00e1lisis; solo si el profesorado es capaz de detectar el sexismo en su propio hacer, sabr\u00e1 como eliminarlo y crear una verdadera coeducaci\u00f3n.<\/p>\n<p>Hoy la demanda coeducativa crece en todo el mundo. Pero la metodolog\u00eda para lograrla es todav\u00eda deficiente, m\u00e1s all\u00e1 del deseo y la buena voluntad del profesorado. Agotados los Cuadernos para la Coeducaci\u00f3n, nos ha parecido \u00fatil reunir en este libro los instrumentos y m\u00e9todos que creamos entonces y que ahora han sido ya probados y desarrollados en m\u00faltiples escuelas.<\/p>\n<p>Dedicamos, por tanto, este libro al profesorado deseoso de emprender esta preciosa aventura consistente en librar a las nuevas generaciones de unos estereotipos de g\u00e9nero que son, tanto para las ni\u00f1as como para los ni\u00f1os, un lastre y un freno para sus vidas nuevas en un mundo tambi\u00e9n nuevo.<\/p>\n","protected":false},"featured_media":48416,"comment_status":"open","ping_status":"closed","template":"","meta":{"_et_pb_use_builder":"","_et_pb_old_content":"","_et_gb_content_width":""},"product_cat":[1512,6675,6673],"product_tag":[2604],"edicion":[1084,1083],"editoriales":[1160],"tienda":[],"autor_id":[5168,15455,15459,6447,6495],"universidades_coeditoras":[],"palabras_clave":[],"listado_alfabetico":[],"acf":[],"_links":{"self":[{"href":"https:\/\/wizardly-davinci.82-223-8-23.plesk.page\/en\/wp-json\/wp\/v2\/product\/48413"}],"collection":[{"href":"https:\/\/wizardly-davinci.82-223-8-23.plesk.page\/en\/wp-json\/wp\/v2\/product"}],"about":[{"href":"https:\/\/wizardly-davinci.82-223-8-23.plesk.page\/en\/wp-json\/wp\/v2\/types\/product"}],"replies":[{"embeddable":true,"href":"https:\/\/wizardly-davinci.82-223-8-23.plesk.page\/en\/wp-json\/wp\/v2\/comments?post=48413"}],"wp:featuredmedia":[{"embeddable":true,"href":"https:\/\/wizardly-davinci.82-223-8-23.plesk.page\/en\/wp-json\/wp\/v2\/media\/48416"}],"wp:attachment":[{"href":"https:\/\/wizardly-davinci.82-223-8-23.plesk.page\/en\/wp-json\/wp\/v2\/media?parent=48413"}],"wp:term":[{"taxonomy":"product_cat","embeddable":true,"href":"https:\/\/wizardly-davinci.82-223-8-23.plesk.page\/en\/wp-json\/wp\/v2\/product_cat?post=48413"},{"taxonomy":"product_tag","embeddable":true,"href":"https:\/\/wizardly-davinci.82-223-8-23.plesk.page\/en\/wp-json\/wp\/v2\/product_tag?post=48413"},{"taxonomy":"edicion","embeddable":true,"href":"https:\/\/wizardly-davinci.82-223-8-23.plesk.page\/en\/wp-json\/wp\/v2\/edicion?post=48413"},{"taxonomy":"editoriales","embeddable":true,"href":"https:\/\/wizardly-davinci.82-223-8-23.plesk.page\/en\/wp-json\/wp\/v2\/editoriales?post=48413"},{"taxonomy":"tienda","embeddable":true,"href":"https:\/\/wizardly-davinci.82-223-8-23.plesk.page\/en\/wp-json\/wp\/v2\/tienda?post=48413"},{"taxonomy":"autor_id","embeddable":true,"href":"https:\/\/wizardly-davinci.82-223-8-23.plesk.page\/en\/wp-json\/wp\/v2\/autor_id?post=48413"},{"taxonomy":"universidades_coeditoras","embeddable":true,"href":"https:\/\/wizardly-davinci.82-223-8-23.plesk.page\/en\/wp-json\/wp\/v2\/universidades_coeditoras?post=48413"},{"taxonomy":"palabras_clave","embeddable":true,"href":"https:\/\/wizardly-davinci.82-223-8-23.plesk.page\/en\/wp-json\/wp\/v2\/palabras_clave?post=48413"},{"taxonomy":"listado_alfabetico","embeddable":true,"href":"https:\/\/wizardly-davinci.82-223-8-23.plesk.page\/en\/wp-json\/wp\/v2\/listado_alfabetico?post=48413"}],"curies":[{"name":"wp","href":"https:\/\/api.w.org\/{rel}","templated":true}]}}