{"id":51259,"date":"2021-12-29T19:40:08","date_gmt":"2021-12-29T18:40:08","guid":{"rendered":"https:\/\/octaedro.com\/?post_type=product&#038;p=51259"},"modified":"2023-03-08T12:19:46","modified_gmt":"2023-03-08T11:19:46","slug":"yo-mediadora","status":"publish","type":"product","link":"https:\/\/wizardly-davinci.82-223-8-23.plesk.page\/en\/producto\/yo-mediadora\/","title":{"rendered":"Yo, mediador(a)"},"content":{"rendered":"<p>\u00abCuando uno termina de leer este libro, siente que est\u00e1 situado exactamente en el punto actual del avance educativo en favor del acceso a la lectura y que supone una ayuda inteligente, precisa y amable para progresar en ello. Desde la perspectiva de mis varias d\u00e9cadas profesionales en este campo, me resulta sencillo colocarlo en el lugar m\u00e1s pr\u00f3ximo de una estanter\u00eda cronol\u00f3gica de estudios valiosos sobre el tema. [\u2026] Felipe Munita nos brinda su reflexi\u00f3n desde la calidez de un texto que, tomando uno de los ep\u00edgrafes de la obra, podemos decir que \u201chace de lo le\u00eddo una casa\u201d. Nos invita a poblarla con instrucciones tan sabias como concretas. Y, la verdad, dan ganas de hacerlo\u00bb.<br \/>\nTeresa Colomer<\/p>\n<p>En los \u00faltimos a\u00f1os, la noci\u00f3n de mediador o mediadora de lectura se ha extendido hasta ser de uso habitual en los m\u00e1s diversos contextos profesionales vinculados a la formaci\u00f3n de lectores. En ese marco, este libro propone un completo itinerario que va desde la construcci\u00f3n conceptual de la noci\u00f3n de mediaci\u00f3n lectora hasta la puesta en escena de diversos ejemplos de pr\u00e1cticas mediadoras, con especial atenci\u00f3n a aquellas desarrolladas en el contexto escolar. Todo ello, con una vocaci\u00f3n coral que integra las voces de lectoras y lectores infantiles y juveniles, as\u00ed como tambi\u00e9n las de aquellos adultos que, d\u00eda a d\u00eda, dedican sus esfuerzos a construir las condiciones para que otros se sientan invitados al universo de lo escrito.<\/p>\n","protected":false},"excerpt":{"rendered":"<p>\u00abCuando uno termina de leer este libro, siente que est\u00e1 situado exactamente en el punto actual del avance educativo en favor del acceso a la lectura y que supone una ayuda inteligente, precisa y amable para progresar en ello. Desde la perspectiva de mis varias d\u00e9cadas profesionales en este campo, me resulta sencillo colocarlo en [&#8230;]<\/p>\n","protected":false},"featured_media":50238,"comment_status":"open","ping_status":"closed","template":"","meta":{"_et_pb_use_builder":"","_et_pb_old_content":"","_et_gb_content_width":""},"product_cat":[11899,11858,11859,11912],"product_tag":[11892],"edicion":[12199,11865],"editoriales":[11867],"tienda":[],"autor_id":[19013],"universidades_coeditoras":[19015],"palabras_clave":[],"listado_alfabetico":[],"acf":[],"_links":{"self":[{"href":"https:\/\/wizardly-davinci.82-223-8-23.plesk.page\/en\/wp-json\/wp\/v2\/product\/51259"}],"collection":[{"href":"https:\/\/wizardly-davinci.82-223-8-23.plesk.page\/en\/wp-json\/wp\/v2\/product"}],"about":[{"href":"https:\/\/wizardly-davinci.82-223-8-23.plesk.page\/en\/wp-json\/wp\/v2\/types\/product"}],"replies":[{"embeddable":true,"href":"https:\/\/wizardly-davinci.82-223-8-23.plesk.page\/en\/wp-json\/wp\/v2\/comments?post=51259"}],"wp:featuredmedia":[{"embeddable":true,"href":"https:\/\/wizardly-davinci.82-223-8-23.plesk.page\/en\/wp-json\/wp\/v2\/media\/50238"}],"wp:attachment":[{"href":"https:\/\/wizardly-davinci.82-223-8-23.plesk.page\/en\/wp-json\/wp\/v2\/media?parent=51259"}],"wp:term":[{"taxonomy":"product_cat","embeddable":true,"href":"https:\/\/wizardly-davinci.82-223-8-23.plesk.page\/en\/wp-json\/wp\/v2\/product_cat?post=51259"},{"taxonomy":"product_tag","embeddable":true,"href":"https:\/\/wizardly-davinci.82-223-8-23.plesk.page\/en\/wp-json\/wp\/v2\/product_tag?post=51259"},{"taxonomy":"edicion","embeddable":true,"href":"https:\/\/wizardly-davinci.82-223-8-23.plesk.page\/en\/wp-json\/wp\/v2\/edicion?post=51259"},{"taxonomy":"editoriales","embeddable":true,"href":"https:\/\/wizardly-davinci.82-223-8-23.plesk.page\/en\/wp-json\/wp\/v2\/editoriales?post=51259"},{"taxonomy":"tienda","embeddable":true,"href":"https:\/\/wizardly-davinci.82-223-8-23.plesk.page\/en\/wp-json\/wp\/v2\/tienda?post=51259"},{"taxonomy":"autor_id","embeddable":true,"href":"https:\/\/wizardly-davinci.82-223-8-23.plesk.page\/en\/wp-json\/wp\/v2\/autor_id?post=51259"},{"taxonomy":"universidades_coeditoras","embeddable":true,"href":"https:\/\/wizardly-davinci.82-223-8-23.plesk.page\/en\/wp-json\/wp\/v2\/universidades_coeditoras?post=51259"},{"taxonomy":"palabras_clave","embeddable":true,"href":"https:\/\/wizardly-davinci.82-223-8-23.plesk.page\/en\/wp-json\/wp\/v2\/palabras_clave?post=51259"},{"taxonomy":"listado_alfabetico","embeddable":true,"href":"https:\/\/wizardly-davinci.82-223-8-23.plesk.page\/en\/wp-json\/wp\/v2\/listado_alfabetico?post=51259"}],"curies":[{"name":"wp","href":"https:\/\/api.w.org\/{rel}","templated":true}]}}