{"id":51463,"date":"2019-01-01T11:38:53","date_gmt":"2019-01-01T10:38:53","guid":{"rendered":"https:\/\/octaedro.com\/libro\/innovacion-educativa-en-contextos-inclusivos-de-educacion-superior-16183-06\/"},"modified":"2023-02-22T13:37:28","modified_gmt":"2023-02-22T12:37:28","slug":"innovacion-educativa-en-contextos-inclusivos-de-educacion-superior-16183-06","status":"publish","type":"product","link":"https:\/\/wizardly-davinci.82-223-8-23.plesk.page\/en\/producto\/innovacion-educativa-en-contextos-inclusivos-de-educacion-superior-16183-06\/","title":{"rendered":"\u00bfC\u00f3mo medir el aprendizaje en innovaci\u00f3n? An\u00e1lisis factorial confirmatorio del <em>Innovator\u2019s Behavior Questionnaire<\/em> (i)BQ en universitarios chilenos"},"content":{"rendered":"","protected":false},"excerpt":{"rendered":"<p>El \u00e9xito en la ense\u00f1anza depende de su apropiado desarrollo y de su evaluaci\u00f3n constante. Si se considera que la innovaci\u00f3n es una competencia clave para formar profesionales competentes en un mundo globalizado, complejo y din\u00e1mico, se hace necesario, entonces, contar con una herramienta v\u00e1lida y confiable para dimensionar los efectos de esta en el aprendizaje de los estudiantes.<\/p>\n<p>La presente investigaci\u00f3n tuvo por objetivo obtener las propiedades psicom\u00e9tricas del (i)BQ en estudiantes universitarios chilenos. Se realiz\u00f3 un muestreo probabil\u00edstico por conveniencia con estudiantes universitarios de distintas carreras de pregrado. Participaron 118 estudiantes de una universidad chilena, distribuidos en 55,7 % de hombres y 44,3 % de mujeres, en carreras de ingenier\u00eda, arquitectura, psicolog\u00eda, medicina, periodismo y kinesiolog\u00eda. Se llev\u00f3 a cabo un Analisis Factorial Confirmatorio del instrumento para testear dos modelos con potencial conceptual y estad\u00edstico. Para ello, se evaluaron la bondad del ajuste de los modelos, cargas factoriales y correlaci\u00f3n entre factores, adem\u00e1s de su ajuste conceptual. Adem\u00e1s, se evalu\u00f3 la confiabilidad del instrumento (\u00edndice alfa de Cronbach y omega de McDonald\u2019s). El modelo factorial de 4 factores mostr\u00f3 mejores \u00edndices de ajuste, correlaci\u00f3n entre factores y confiabilidad que el modelo original de 5 factores. Todos los \u00edndices fueron adecuados y superaron todos los l\u00edmites recomendados por la literatura. Es posible concluir la utilidad del cuestionario para medir la competencia en innovaci\u00f3n en este tipo de poblaci\u00f3n. Se proyecta su utilidad para medir esta competencia de forma global y desagregada por cada habilidad, caracter\u00edstica que permitir\u00e1 evaluar y estimular aquellos aspectos que requieren ser enfatizados en el contexto de aula.<\/p>\n","protected":false},"featured_media":51464,"comment_status":"open","ping_status":"closed","template":"","meta":{"_et_pb_use_builder":"","_et_pb_old_content":"","_et_gb_content_width":""},"product_cat":[11873,11913,11912,11900],"product_tag":[11883],"edicion":[12178,12199],"editoriales":[],"tienda":[],"autor_id":[19029,19030],"universidades_coeditoras":[],"palabras_clave":[11658,11662,11716,11555],"listado_alfabetico":[],"acf":[],"_links":{"self":[{"href":"https:\/\/wizardly-davinci.82-223-8-23.plesk.page\/en\/wp-json\/wp\/v2\/product\/51463"}],"collection":[{"href":"https:\/\/wizardly-davinci.82-223-8-23.plesk.page\/en\/wp-json\/wp\/v2\/product"}],"about":[{"href":"https:\/\/wizardly-davinci.82-223-8-23.plesk.page\/en\/wp-json\/wp\/v2\/types\/product"}],"replies":[{"embeddable":true,"href":"https:\/\/wizardly-davinci.82-223-8-23.plesk.page\/en\/wp-json\/wp\/v2\/comments?post=51463"}],"wp:featuredmedia":[{"embeddable":true,"href":"https:\/\/wizardly-davinci.82-223-8-23.plesk.page\/en\/wp-json\/wp\/v2\/media\/51464"}],"wp:attachment":[{"href":"https:\/\/wizardly-davinci.82-223-8-23.plesk.page\/en\/wp-json\/wp\/v2\/media?parent=51463"}],"wp:term":[{"taxonomy":"product_cat","embeddable":true,"href":"https:\/\/wizardly-davinci.82-223-8-23.plesk.page\/en\/wp-json\/wp\/v2\/product_cat?post=51463"},{"taxonomy":"product_tag","embeddable":true,"href":"https:\/\/wizardly-davinci.82-223-8-23.plesk.page\/en\/wp-json\/wp\/v2\/product_tag?post=51463"},{"taxonomy":"edicion","embeddable":true,"href":"https:\/\/wizardly-davinci.82-223-8-23.plesk.page\/en\/wp-json\/wp\/v2\/edicion?post=51463"},{"taxonomy":"editoriales","embeddable":true,"href":"https:\/\/wizardly-davinci.82-223-8-23.plesk.page\/en\/wp-json\/wp\/v2\/editoriales?post=51463"},{"taxonomy":"tienda","embeddable":true,"href":"https:\/\/wizardly-davinci.82-223-8-23.plesk.page\/en\/wp-json\/wp\/v2\/tienda?post=51463"},{"taxonomy":"autor_id","embeddable":true,"href":"https:\/\/wizardly-davinci.82-223-8-23.plesk.page\/en\/wp-json\/wp\/v2\/autor_id?post=51463"},{"taxonomy":"universidades_coeditoras","embeddable":true,"href":"https:\/\/wizardly-davinci.82-223-8-23.plesk.page\/en\/wp-json\/wp\/v2\/universidades_coeditoras?post=51463"},{"taxonomy":"palabras_clave","embeddable":true,"href":"https:\/\/wizardly-davinci.82-223-8-23.plesk.page\/en\/wp-json\/wp\/v2\/palabras_clave?post=51463"},{"taxonomy":"listado_alfabetico","embeddable":true,"href":"https:\/\/wizardly-davinci.82-223-8-23.plesk.page\/en\/wp-json\/wp\/v2\/listado_alfabetico?post=51463"}],"curies":[{"name":"wp","href":"https:\/\/api.w.org\/{rel}","templated":true}]}}