{"id":51488,"date":"2022-02-23T17:43:51","date_gmt":"2022-02-23T16:43:51","guid":{"rendered":"https:\/\/octaedro.com\/libro\/temas-actuales-en-psicoanalisis-contemporaneo\/"},"modified":"2023-03-08T12:19:46","modified_gmt":"2023-03-08T11:19:46","slug":"temas-actuales-en-psicoanalisis-contemporaneo","status":"publish","type":"product","link":"https:\/\/wizardly-davinci.82-223-8-23.plesk.page\/en\/producto\/temas-actuales-en-psicoanalisis-contemporaneo\/","title":{"rendered":"Temas actuales en psicoan\u00e1lisis contempor\u00e1neo"},"content":{"rendered":"","protected":false},"excerpt":{"rendered":"<p>Durante m\u00e1s de un siglo, el psicoan\u00e1lisis ha evolucionado en el conocimiento del ser humano progresando en sus principios te\u00f3ricos y terap\u00e9uticos. Del mismo modo, cada vez es una disciplina m\u00e1s integrativa teniendo en cuenta los desarrollos de paradigmas como las neurociencias, la psicolog\u00eda, la sociolog\u00eda o la antropolog\u00eda cultural.<\/p>\n<p>Temas actuales como el g\u00e9nero, las nuevas perspectivas en trauma, la subjetividad de paciente y terapeuta o el campo neurocient\u00edfico son abordados actualmente desde una perspectiva contempor\u00e1nea del psicoan\u00e1lisis, con una actitud abierta y din\u00e1mica no conocida hasta ahora. El lector encontrar\u00e1 estas conexiones a trav\u00e9s de los coautores que redactan esta obra, reconocidos profesionales con d\u00e9cadas de experiencia cl\u00ednica y docente. Esta experiencia y la integraci\u00f3n de conocimientos pueden verse a trav\u00e9s de los m\u00faltiples casos expuestos que har\u00e1n llegar al lector a la comprensi\u00f3n de la psicoterapia psicoanal\u00edtica contempor\u00e1nea.<\/p>\n","protected":false},"featured_media":50077,"comment_status":"open","ping_status":"closed","template":"","meta":{"_et_pb_use_builder":"","_et_pb_old_content":"","_et_gb_content_width":""},"product_cat":[11899,11859,11912,11924],"product_tag":[11892],"edicion":[12199,11865],"editoriales":[11867],"tienda":[],"autor_id":[19042,19040,19039,19044,19046,19048,19050,19052],"universidades_coeditoras":[],"palabras_clave":[],"listado_alfabetico":[],"acf":[],"_links":{"self":[{"href":"https:\/\/wizardly-davinci.82-223-8-23.plesk.page\/en\/wp-json\/wp\/v2\/product\/51488"}],"collection":[{"href":"https:\/\/wizardly-davinci.82-223-8-23.plesk.page\/en\/wp-json\/wp\/v2\/product"}],"about":[{"href":"https:\/\/wizardly-davinci.82-223-8-23.plesk.page\/en\/wp-json\/wp\/v2\/types\/product"}],"replies":[{"embeddable":true,"href":"https:\/\/wizardly-davinci.82-223-8-23.plesk.page\/en\/wp-json\/wp\/v2\/comments?post=51488"}],"wp:featuredmedia":[{"embeddable":true,"href":"https:\/\/wizardly-davinci.82-223-8-23.plesk.page\/en\/wp-json\/wp\/v2\/media\/50077"}],"wp:attachment":[{"href":"https:\/\/wizardly-davinci.82-223-8-23.plesk.page\/en\/wp-json\/wp\/v2\/media?parent=51488"}],"wp:term":[{"taxonomy":"product_cat","embeddable":true,"href":"https:\/\/wizardly-davinci.82-223-8-23.plesk.page\/en\/wp-json\/wp\/v2\/product_cat?post=51488"},{"taxonomy":"product_tag","embeddable":true,"href":"https:\/\/wizardly-davinci.82-223-8-23.plesk.page\/en\/wp-json\/wp\/v2\/product_tag?post=51488"},{"taxonomy":"edicion","embeddable":true,"href":"https:\/\/wizardly-davinci.82-223-8-23.plesk.page\/en\/wp-json\/wp\/v2\/edicion?post=51488"},{"taxonomy":"editoriales","embeddable":true,"href":"https:\/\/wizardly-davinci.82-223-8-23.plesk.page\/en\/wp-json\/wp\/v2\/editoriales?post=51488"},{"taxonomy":"tienda","embeddable":true,"href":"https:\/\/wizardly-davinci.82-223-8-23.plesk.page\/en\/wp-json\/wp\/v2\/tienda?post=51488"},{"taxonomy":"autor_id","embeddable":true,"href":"https:\/\/wizardly-davinci.82-223-8-23.plesk.page\/en\/wp-json\/wp\/v2\/autor_id?post=51488"},{"taxonomy":"universidades_coeditoras","embeddable":true,"href":"https:\/\/wizardly-davinci.82-223-8-23.plesk.page\/en\/wp-json\/wp\/v2\/universidades_coeditoras?post=51488"},{"taxonomy":"palabras_clave","embeddable":true,"href":"https:\/\/wizardly-davinci.82-223-8-23.plesk.page\/en\/wp-json\/wp\/v2\/palabras_clave?post=51488"},{"taxonomy":"listado_alfabetico","embeddable":true,"href":"https:\/\/wizardly-davinci.82-223-8-23.plesk.page\/en\/wp-json\/wp\/v2\/listado_alfabetico?post=51488"}],"curies":[{"name":"wp","href":"https:\/\/api.w.org\/{rel}","templated":true}]}}