{"id":52986,"date":"2022-05-04T12:30:03","date_gmt":"2022-05-04T10:30:03","guid":{"rendered":"https:\/\/octaedro.com\/libro\/voces-con-esencia\/"},"modified":"2023-03-08T12:19:47","modified_gmt":"2023-03-08T11:19:47","slug":"voces-con-esencia-2","status":"publish","type":"product","link":"https:\/\/wizardly-davinci.82-223-8-23.plesk.page\/en\/producto\/voces-con-esencia-2\/","title":{"rendered":"Voces con esencia"},"content":{"rendered":"","protected":false},"excerpt":{"rendered":"<p>Estamos ante un libro fresco que pone en di\u00e1logo a unos cuarenta profesionales, utilizando narrativas diversas, y que plantea la imprescindible toma de posici\u00f3n de la animaci\u00f3n sociocultural (ASC) desde su pr\u00e1ctica activista, movilizadora y transformadora. Una multivocalidad de aportes que se acercan desde la reflexi\u00f3n y la conceptualizaci\u00f3n a marcos de referencia y experiencias que invitan a pensar y repensar la ASC. Se trata de voces de personas interesadas en desarrollar proyectos, ilusiones y luchas siempre con una mirada puesta en el cambio social a fin de construir un mundo mejor, m\u00e1s amable, justo, sostenible y habitable. Y en todo momento comprometidos ante las desigualdades y las relaciones de opresi\u00f3n y privilegio, as\u00ed como profundamente preocupados por el auge de los discursos de odio.<br \/>\nEstas \u00abvoces con esencia\u00bb suenan desde la perspectiva acad\u00e9mica, profesional, activista y formativa para producir conocimiento y dotar de contenido a esta pr\u00e1ctica socioeducativa. A veces, la inmediatez de las necesidades que hemos de abordar en nuestro d\u00eda a d\u00eda hace dif\u00edcil el sobreesfuerzo de reflexionar y sistematizar las pr\u00e1cticas. Es preciso detenerse para repensar lo que hacemos, c\u00f3mo lo hacemos y por qu\u00e9 lo hacemos. Diferentes autoras y autores han revisitado sus concepciones y sus pr\u00e1cticas, diseccionando su hacer para compartirlo y animar a otras personas a adentrarse y redescubrir la esencia de la ASC y para tomar partido ante sus nuevas funciones y los desaf\u00edos del contexto actual.<\/p>\n","protected":false},"featured_media":51271,"comment_status":"open","ping_status":"closed","template":"","meta":{"_et_pb_use_builder":"","_et_pb_old_content":"","_et_gb_content_width":""},"product_cat":[11899,11913,11859],"product_tag":[11893],"edicion":[12178,11865],"editoriales":[11867],"tienda":[],"autor_id":[19121,19120],"universidades_coeditoras":[],"palabras_clave":[],"listado_alfabetico":[],"acf":[],"_links":{"self":[{"href":"https:\/\/wizardly-davinci.82-223-8-23.plesk.page\/en\/wp-json\/wp\/v2\/product\/52986"}],"collection":[{"href":"https:\/\/wizardly-davinci.82-223-8-23.plesk.page\/en\/wp-json\/wp\/v2\/product"}],"about":[{"href":"https:\/\/wizardly-davinci.82-223-8-23.plesk.page\/en\/wp-json\/wp\/v2\/types\/product"}],"replies":[{"embeddable":true,"href":"https:\/\/wizardly-davinci.82-223-8-23.plesk.page\/en\/wp-json\/wp\/v2\/comments?post=52986"}],"wp:featuredmedia":[{"embeddable":true,"href":"https:\/\/wizardly-davinci.82-223-8-23.plesk.page\/en\/wp-json\/wp\/v2\/media\/51271"}],"wp:attachment":[{"href":"https:\/\/wizardly-davinci.82-223-8-23.plesk.page\/en\/wp-json\/wp\/v2\/media?parent=52986"}],"wp:term":[{"taxonomy":"product_cat","embeddable":true,"href":"https:\/\/wizardly-davinci.82-223-8-23.plesk.page\/en\/wp-json\/wp\/v2\/product_cat?post=52986"},{"taxonomy":"product_tag","embeddable":true,"href":"https:\/\/wizardly-davinci.82-223-8-23.plesk.page\/en\/wp-json\/wp\/v2\/product_tag?post=52986"},{"taxonomy":"edicion","embeddable":true,"href":"https:\/\/wizardly-davinci.82-223-8-23.plesk.page\/en\/wp-json\/wp\/v2\/edicion?post=52986"},{"taxonomy":"editoriales","embeddable":true,"href":"https:\/\/wizardly-davinci.82-223-8-23.plesk.page\/en\/wp-json\/wp\/v2\/editoriales?post=52986"},{"taxonomy":"tienda","embeddable":true,"href":"https:\/\/wizardly-davinci.82-223-8-23.plesk.page\/en\/wp-json\/wp\/v2\/tienda?post=52986"},{"taxonomy":"autor_id","embeddable":true,"href":"https:\/\/wizardly-davinci.82-223-8-23.plesk.page\/en\/wp-json\/wp\/v2\/autor_id?post=52986"},{"taxonomy":"universidades_coeditoras","embeddable":true,"href":"https:\/\/wizardly-davinci.82-223-8-23.plesk.page\/en\/wp-json\/wp\/v2\/universidades_coeditoras?post=52986"},{"taxonomy":"palabras_clave","embeddable":true,"href":"https:\/\/wizardly-davinci.82-223-8-23.plesk.page\/en\/wp-json\/wp\/v2\/palabras_clave?post=52986"},{"taxonomy":"listado_alfabetico","embeddable":true,"href":"https:\/\/wizardly-davinci.82-223-8-23.plesk.page\/en\/wp-json\/wp\/v2\/listado_alfabetico?post=52986"}],"curies":[{"name":"wp","href":"https:\/\/api.w.org\/{rel}","templated":true}]}}