{"id":52988,"date":"2022-01-20T17:54:06","date_gmt":"2022-01-20T16:54:06","guid":{"rendered":"https:\/\/octaedro.com\/libro\/la-darrera-plana\/"},"modified":"2023-03-08T12:19:47","modified_gmt":"2023-03-08T11:19:47","slug":"la-darrera-plana-2","status":"publish","type":"product","link":"https:\/\/wizardly-davinci.82-223-8-23.plesk.page\/en\/producto\/la-darrera-plana-2\/","title":{"rendered":"La darrera plana"},"content":{"rendered":"","protected":false},"excerpt":{"rendered":"<p>Escrits de l\u2019alumnat del Taller d\u2019Escriptura Autobiogr\u00e0fica de la Universitat S\u00e8nior del Col\u00b7legi Oficial de Doctors i Llicenciats en Filosofia i Lletres i en Ci\u00e8ncies de Catalunya, il\u00b7lustrats per set joves il\u00b7lustradores.<\/p>\n<p>Com volem que sigui el final de la nostra vida? Qu\u00e8 ens caldria per poder viure la vellesa tal com ens agradaria? \u00c9s possible tenir-ho? Quin valor donem a la darrera etapa de la vida en la nostra societat? Arran de la situaci\u00f3 viscuda a causa de la pand\u00e8mia de Covid-19 a les resid\u00e8ncies d\u2019avis, un grup d\u2019 alumnes del Taller d\u2019Escriptura Autobiogr\u00e0fica que ofereix el Col\u00b7legi de Llicenciats en Lletres i en Ci\u00e8ncies de Catalunya en el marc de la Universitat S\u00e8nior escriu sobre aquestes i d\u2019altres q\u00fcestions fent servir l\u2019experi\u00e8ncia, la reflexi\u00f3, la mem\u00f2ria o la ficci\u00f3. D\u2019altra banda, set joves il\u00b7lustradores accepten l\u2019enc\u00e0rrec de crear imatges que mostrin la seva lectura dels escrits i comparteixen les consideracions que els ha desvetllat tot el proc\u00e9s que va de la lectura a la creaci\u00f3 de les il\u00b7lustracions en una conversa sobre la vellesa d\u2019avui i la que es pot albirar com a possible d\u2019aqu\u00ed a uns anys, quan elles hi arribin.<\/p>\n","protected":false},"featured_media":50997,"comment_status":"open","ping_status":"closed","template":"","meta":{"_et_pb_use_builder":"","_et_pb_old_content":"","_et_gb_content_width":""},"product_cat":[11858,11859],"product_tag":[11860],"edicion":[11865],"editoriales":[11867],"tienda":[],"autor_id":[19124],"universidades_coeditoras":[],"palabras_clave":[],"listado_alfabetico":[],"acf":[],"_links":{"self":[{"href":"https:\/\/wizardly-davinci.82-223-8-23.plesk.page\/en\/wp-json\/wp\/v2\/product\/52988"}],"collection":[{"href":"https:\/\/wizardly-davinci.82-223-8-23.plesk.page\/en\/wp-json\/wp\/v2\/product"}],"about":[{"href":"https:\/\/wizardly-davinci.82-223-8-23.plesk.page\/en\/wp-json\/wp\/v2\/types\/product"}],"replies":[{"embeddable":true,"href":"https:\/\/wizardly-davinci.82-223-8-23.plesk.page\/en\/wp-json\/wp\/v2\/comments?post=52988"}],"wp:featuredmedia":[{"embeddable":true,"href":"https:\/\/wizardly-davinci.82-223-8-23.plesk.page\/en\/wp-json\/wp\/v2\/media\/50997"}],"wp:attachment":[{"href":"https:\/\/wizardly-davinci.82-223-8-23.plesk.page\/en\/wp-json\/wp\/v2\/media?parent=52988"}],"wp:term":[{"taxonomy":"product_cat","embeddable":true,"href":"https:\/\/wizardly-davinci.82-223-8-23.plesk.page\/en\/wp-json\/wp\/v2\/product_cat?post=52988"},{"taxonomy":"product_tag","embeddable":true,"href":"https:\/\/wizardly-davinci.82-223-8-23.plesk.page\/en\/wp-json\/wp\/v2\/product_tag?post=52988"},{"taxonomy":"edicion","embeddable":true,"href":"https:\/\/wizardly-davinci.82-223-8-23.plesk.page\/en\/wp-json\/wp\/v2\/edicion?post=52988"},{"taxonomy":"editoriales","embeddable":true,"href":"https:\/\/wizardly-davinci.82-223-8-23.plesk.page\/en\/wp-json\/wp\/v2\/editoriales?post=52988"},{"taxonomy":"tienda","embeddable":true,"href":"https:\/\/wizardly-davinci.82-223-8-23.plesk.page\/en\/wp-json\/wp\/v2\/tienda?post=52988"},{"taxonomy":"autor_id","embeddable":true,"href":"https:\/\/wizardly-davinci.82-223-8-23.plesk.page\/en\/wp-json\/wp\/v2\/autor_id?post=52988"},{"taxonomy":"universidades_coeditoras","embeddable":true,"href":"https:\/\/wizardly-davinci.82-223-8-23.plesk.page\/en\/wp-json\/wp\/v2\/universidades_coeditoras?post=52988"},{"taxonomy":"palabras_clave","embeddable":true,"href":"https:\/\/wizardly-davinci.82-223-8-23.plesk.page\/en\/wp-json\/wp\/v2\/palabras_clave?post=52988"},{"taxonomy":"listado_alfabetico","embeddable":true,"href":"https:\/\/wizardly-davinci.82-223-8-23.plesk.page\/en\/wp-json\/wp\/v2\/listado_alfabetico?post=52988"}],"curies":[{"name":"wp","href":"https:\/\/api.w.org\/{rel}","templated":true}]}}