{"id":52989,"date":"2022-05-10T18:55:35","date_gmt":"2022-05-10T16:55:35","guid":{"rendered":"https:\/\/octaedro.com\/libro\/atravesar-fronteras\/"},"modified":"2023-03-08T12:19:47","modified_gmt":"2023-03-08T11:19:47","slug":"atravesar-fronteras-2","status":"publish","type":"product","link":"https:\/\/wizardly-davinci.82-223-8-23.plesk.page\/en\/producto\/atravesar-fronteras-2\/","title":{"rendered":"Atravesar fronteras"},"content":{"rendered":"","protected":false},"excerpt":{"rendered":"<p>Este libro est\u00e1 escrito por personas como t\u00fa, estudiantes, profesoras y educadoras, enamoradas del oficio de educar, que sue\u00f1an con un mundo mejor que nace cada vez que nos comprometemos con lo que est\u00e1 en nuestras manos. Los relatos que componen este volumen son pedazos de conversaciones nacidas en las aulas, en los pasillos de la universidad, en los desplazamientos a las escuelas, en la vida que hemos ido compartiendo estos a\u00f1os. Relatos de lo cotidiano que pasan de la oralidad a la escritura.<\/p>\n<p>Una escritura que concebimos como un pasaje hacia nuevos paisajes, que mantiene en movimiento el pensamiento de quien cuenta la experiencia y de lo que la rodea, porque lo hace p\u00fablico y disponible. Una escritura en la que no obtendr\u00e1s respuestas, pero s\u00ed caminos donde confrontarte o inspirarte con el deseo de continuar manteniendo ecos y resonancias que seguir\u00e1n generando nuevas narrativas educativas.<\/p>\n<p>En su lectura hallar\u00e1s una invitaci\u00f3n a transformar los espacios educativos en lugares de encuentro y de creaci\u00f3n de saber, a volver a pensarte desde los inicios, a poder ser en y desde la diferencia y la distancia, a redescubrirte desde la mirada del otro, de la otra compa\u00f1era o estudiante. A ser autora de tus propias pr\u00e1cticas y tu propio discurso, libre y responsablemente. A animarte a escribir, a tomar iniciativas y crear complicidades con tus compa\u00f1eros, conversar para no volver a decir lo mismo.<\/p>\n<p>En el presente, el pensar, y m\u00e1s a\u00fan el hacerlo en comunidad, parece obsoleto; sin embargo, estos relatos son una muestra de la potencia que emerge cuando corremos el riesgo de exponernos a transitar fronteras personales e institucionales para practicar la experiencia de pensar en relaci\u00f3n. Nos gustar\u00eda que nos acompa\u00f1arais para acercarnos a la escuela que queremos, a la universidad que deseamos, a la formaci\u00f3n que so\u00f1amos.<\/p>\n<p>Acogi\u00e9ndonos a las palabras de Anna Maria Piussi, \u00abos invitamos a aventuraros con nosotros, con confianza pero sin garant\u00edas, en la b\u00fasqueda de criterios y condiciones bajo los cuales la vida, la pedagog\u00eda y la pol\u00edtica se tocan y regeneran, en un proceso sin fin\u00bb.<\/p>\n","protected":false},"featured_media":50981,"comment_status":"open","ping_status":"closed","template":"","meta":{"_et_pb_use_builder":"","_et_pb_old_content":"","_et_gb_content_width":""},"product_cat":[11899,11859,11912],"product_tag":[11892],"edicion":[12199,11865],"editoriales":[11867],"tienda":[],"autor_id":[19128,19126,19130],"universidades_coeditoras":[],"palabras_clave":[],"listado_alfabetico":[],"acf":[],"_links":{"self":[{"href":"https:\/\/wizardly-davinci.82-223-8-23.plesk.page\/en\/wp-json\/wp\/v2\/product\/52989"}],"collection":[{"href":"https:\/\/wizardly-davinci.82-223-8-23.plesk.page\/en\/wp-json\/wp\/v2\/product"}],"about":[{"href":"https:\/\/wizardly-davinci.82-223-8-23.plesk.page\/en\/wp-json\/wp\/v2\/types\/product"}],"replies":[{"embeddable":true,"href":"https:\/\/wizardly-davinci.82-223-8-23.plesk.page\/en\/wp-json\/wp\/v2\/comments?post=52989"}],"wp:featuredmedia":[{"embeddable":true,"href":"https:\/\/wizardly-davinci.82-223-8-23.plesk.page\/en\/wp-json\/wp\/v2\/media\/50981"}],"wp:attachment":[{"href":"https:\/\/wizardly-davinci.82-223-8-23.plesk.page\/en\/wp-json\/wp\/v2\/media?parent=52989"}],"wp:term":[{"taxonomy":"product_cat","embeddable":true,"href":"https:\/\/wizardly-davinci.82-223-8-23.plesk.page\/en\/wp-json\/wp\/v2\/product_cat?post=52989"},{"taxonomy":"product_tag","embeddable":true,"href":"https:\/\/wizardly-davinci.82-223-8-23.plesk.page\/en\/wp-json\/wp\/v2\/product_tag?post=52989"},{"taxonomy":"edicion","embeddable":true,"href":"https:\/\/wizardly-davinci.82-223-8-23.plesk.page\/en\/wp-json\/wp\/v2\/edicion?post=52989"},{"taxonomy":"editoriales","embeddable":true,"href":"https:\/\/wizardly-davinci.82-223-8-23.plesk.page\/en\/wp-json\/wp\/v2\/editoriales?post=52989"},{"taxonomy":"tienda","embeddable":true,"href":"https:\/\/wizardly-davinci.82-223-8-23.plesk.page\/en\/wp-json\/wp\/v2\/tienda?post=52989"},{"taxonomy":"autor_id","embeddable":true,"href":"https:\/\/wizardly-davinci.82-223-8-23.plesk.page\/en\/wp-json\/wp\/v2\/autor_id?post=52989"},{"taxonomy":"universidades_coeditoras","embeddable":true,"href":"https:\/\/wizardly-davinci.82-223-8-23.plesk.page\/en\/wp-json\/wp\/v2\/universidades_coeditoras?post=52989"},{"taxonomy":"palabras_clave","embeddable":true,"href":"https:\/\/wizardly-davinci.82-223-8-23.plesk.page\/en\/wp-json\/wp\/v2\/palabras_clave?post=52989"},{"taxonomy":"listado_alfabetico","embeddable":true,"href":"https:\/\/wizardly-davinci.82-223-8-23.plesk.page\/en\/wp-json\/wp\/v2\/listado_alfabetico?post=52989"}],"curies":[{"name":"wp","href":"https:\/\/api.w.org\/{rel}","templated":true}]}}