{"id":52990,"date":"2022-05-23T18:54:51","date_gmt":"2022-05-23T16:54:51","guid":{"rendered":"https:\/\/octaedro.com\/libro\/bienvenidos-a-la-universidad\/"},"modified":"2023-03-08T12:19:47","modified_gmt":"2023-03-08T11:19:47","slug":"bienvenidos-a-la-universidad-2","status":"publish","type":"product","link":"https:\/\/wizardly-davinci.82-223-8-23.plesk.page\/en\/producto\/bienvenidos-a-la-universidad-2\/","title":{"rendered":"Bienvenidos a la universidad"},"content":{"rendered":"","protected":false},"excerpt":{"rendered":"<p>Este libro se ha escrito pensando en aquellos j\u00f3venes que quieren ir a la universidad en un futuro cercano. Deben ser conscientes del gran paso que van a dar en sus vidas y les conviene saber d\u00f3nde van a meterse. Tambi\u00e9n puede interesar a los que ya est\u00e1n en ella y a\u00fan les queda un tiempo para acabar sus estudios, especialmente a los que consideran que ese paso que dieron no ha sido tan importante como en un principio supon\u00edan y andan desilusionados.<\/p>\n<p>\u00bfDe qu\u00e9 va este libro?, \u00bfse comparan universidades?, \u00bfse presentan los diferentes grados universitarios que existen o est\u00e1n por llegar?, \u00bfse habla de t\u00e9cnicas de estudio universitarias?, \u00bfse se\u00f1alan las salidas profesionales de cada carrera? Nada de eso. Para obtener esa clase de informaci\u00f3n es m\u00e1s c\u00f3modo y \u00fatil navegar por Internet. Adem\u00e1s, ese tipo de cosas no son las \u00fanicas ni las m\u00e1s relevantes que hay que saber sobre la universidad.<\/p>\n<p>La universidad es una misteriosa y emocionante aventura, un aut\u00e9ntico reto. Quienes entran en ella deben estar dispuestos a transformarse en personas que todav\u00eda no son, entre otras cosas, para mejorar el mundo. \u00bfNo es algo as\u00ed lo que se espera de los universitarios? Pero para que eso suceda, deben vivir la universidad. De eso s\u00ed que va este libro, de la vida universitaria, de una vida que vale la pena y que es una l\u00e1stima dejar pasar.<\/p>\n","protected":false},"featured_media":50833,"comment_status":"open","ping_status":"closed","template":"","meta":{"_et_pb_use_builder":"","_et_pb_old_content":"","_et_gb_content_width":""},"product_cat":[11899,11859,11912],"product_tag":[11892],"edicion":[12199,11865],"editoriales":[11867,12224],"tienda":[],"autor_id":[19133],"universidades_coeditoras":[],"palabras_clave":[],"listado_alfabetico":[],"acf":[],"_links":{"self":[{"href":"https:\/\/wizardly-davinci.82-223-8-23.plesk.page\/en\/wp-json\/wp\/v2\/product\/52990"}],"collection":[{"href":"https:\/\/wizardly-davinci.82-223-8-23.plesk.page\/en\/wp-json\/wp\/v2\/product"}],"about":[{"href":"https:\/\/wizardly-davinci.82-223-8-23.plesk.page\/en\/wp-json\/wp\/v2\/types\/product"}],"replies":[{"embeddable":true,"href":"https:\/\/wizardly-davinci.82-223-8-23.plesk.page\/en\/wp-json\/wp\/v2\/comments?post=52990"}],"wp:featuredmedia":[{"embeddable":true,"href":"https:\/\/wizardly-davinci.82-223-8-23.plesk.page\/en\/wp-json\/wp\/v2\/media\/50833"}],"wp:attachment":[{"href":"https:\/\/wizardly-davinci.82-223-8-23.plesk.page\/en\/wp-json\/wp\/v2\/media?parent=52990"}],"wp:term":[{"taxonomy":"product_cat","embeddable":true,"href":"https:\/\/wizardly-davinci.82-223-8-23.plesk.page\/en\/wp-json\/wp\/v2\/product_cat?post=52990"},{"taxonomy":"product_tag","embeddable":true,"href":"https:\/\/wizardly-davinci.82-223-8-23.plesk.page\/en\/wp-json\/wp\/v2\/product_tag?post=52990"},{"taxonomy":"edicion","embeddable":true,"href":"https:\/\/wizardly-davinci.82-223-8-23.plesk.page\/en\/wp-json\/wp\/v2\/edicion?post=52990"},{"taxonomy":"editoriales","embeddable":true,"href":"https:\/\/wizardly-davinci.82-223-8-23.plesk.page\/en\/wp-json\/wp\/v2\/editoriales?post=52990"},{"taxonomy":"tienda","embeddable":true,"href":"https:\/\/wizardly-davinci.82-223-8-23.plesk.page\/en\/wp-json\/wp\/v2\/tienda?post=52990"},{"taxonomy":"autor_id","embeddable":true,"href":"https:\/\/wizardly-davinci.82-223-8-23.plesk.page\/en\/wp-json\/wp\/v2\/autor_id?post=52990"},{"taxonomy":"universidades_coeditoras","embeddable":true,"href":"https:\/\/wizardly-davinci.82-223-8-23.plesk.page\/en\/wp-json\/wp\/v2\/universidades_coeditoras?post=52990"},{"taxonomy":"palabras_clave","embeddable":true,"href":"https:\/\/wizardly-davinci.82-223-8-23.plesk.page\/en\/wp-json\/wp\/v2\/palabras_clave?post=52990"},{"taxonomy":"listado_alfabetico","embeddable":true,"href":"https:\/\/wizardly-davinci.82-223-8-23.plesk.page\/en\/wp-json\/wp\/v2\/listado_alfabetico?post=52990"}],"curies":[{"name":"wp","href":"https:\/\/api.w.org\/{rel}","templated":true}]}}