{"id":52991,"date":"2022-05-13T17:32:03","date_gmt":"2022-05-13T15:32:03","guid":{"rendered":"https:\/\/octaedro.com\/libro\/excelencia-en-la-educacion-de-la-infancia\/"},"modified":"2023-03-08T12:19:47","modified_gmt":"2023-03-08T11:19:47","slug":"excelencia-en-la-educacion-de-la-infancia-2","status":"publish","type":"product","link":"https:\/\/wizardly-davinci.82-223-8-23.plesk.page\/en\/producto\/excelencia-en-la-educacion-de-la-infancia-2\/","title":{"rendered":"Excelencia en la educaci\u00f3n de la infancia"},"content":{"rendered":"","protected":false},"excerpt":{"rendered":"<p>Esta obra es una reflexi\u00f3n te\u00f3rica, con aplicaciones para la pr\u00e1ctica y la pol\u00edtica educativa, sobre la importancia que tiene una educaci\u00f3n excelente para desarrollar el potencial y las capacidades de aprendizaje que posee la infancia. Su aportaci\u00f3n m\u00e1s relevante es la mirada que ofrecen autor\u00edas de reconocido prestigio internacional, especializadas en esta etapa educativa, que intervienen desde Dinamarca, EE. UU., Italia, Portugal y Espa\u00f1a.<\/p>\n<p>Desde Espa\u00f1a se analiza la importancia de una formaci\u00f3n inicial docente de calidad, apoyada en programas formativos coherentes y conectados con la realidad de las aulas infantiles. Mediante pr\u00e1cticas innovadoras, redes interinstitucionales y un pr\u00e1cticum entendido como un espacio privilegiado para el desarrollo de procesos de investigaci\u00f3n\/acci\u00f3n colaborativa entre diferentes agentes, se pretende mejorar la formaci\u00f3n de los futuros docentes de esta etapa.<\/p>\n<p>A continuaci\u00f3n, el contraste entre la concepci\u00f3n de cuidado y curr\u00edculum de la primera infancia en Dinamarca y EE. UU. nos aproxima a la reflexi\u00f3n sobre diversas narrativas en torno a la infancia, as\u00ed como al an\u00e1lisis cr\u00edtico de tradiciones culturales que centran sus discursos en la calidad, los valores, los est\u00e1ndares y las pr\u00e1cticas de la educaci\u00f3n de la infancia.<\/p>\n<p>Desde Italia se muestra la notable repercusi\u00f3n que tiene la imagen, o concepci\u00f3n de la infancia, por parte de los docentes sobre las estrategias empleadas en los procesos de subjetivaci\u00f3n y la construcci\u00f3n de las incipientes identidades que afloran en los primeros a\u00f1os de vida. Una identidad que es reforzada desde Portugal a trav\u00e9s de la pedagog\u00eda-en-participaci\u00f3n, la cual supera la \u00abescuelificaci\u00f3n\u00bb actual que sufre la educaci\u00f3n de la infancia y aboga por la implicaci\u00f3n de la diversidad familiar en una escuela infantil entendida como una comunidad de aprendizaje, a trav\u00e9s de diferentes programas y ejemplificaciones pr\u00e1cticas.<\/p>\n","protected":false},"featured_media":50595,"comment_status":"open","ping_status":"closed","template":"","meta":{"_et_pb_use_builder":"","_et_pb_old_content":"","_et_gb_content_width":""},"product_cat":[11899,11859,11912],"product_tag":[11892],"edicion":[12199,11865],"editoriales":[11867],"tienda":[],"autor_id":[19134,19136,19138],"universidades_coeditoras":[],"palabras_clave":[],"listado_alfabetico":[],"acf":[],"_links":{"self":[{"href":"https:\/\/wizardly-davinci.82-223-8-23.plesk.page\/en\/wp-json\/wp\/v2\/product\/52991"}],"collection":[{"href":"https:\/\/wizardly-davinci.82-223-8-23.plesk.page\/en\/wp-json\/wp\/v2\/product"}],"about":[{"href":"https:\/\/wizardly-davinci.82-223-8-23.plesk.page\/en\/wp-json\/wp\/v2\/types\/product"}],"replies":[{"embeddable":true,"href":"https:\/\/wizardly-davinci.82-223-8-23.plesk.page\/en\/wp-json\/wp\/v2\/comments?post=52991"}],"wp:featuredmedia":[{"embeddable":true,"href":"https:\/\/wizardly-davinci.82-223-8-23.plesk.page\/en\/wp-json\/wp\/v2\/media\/50595"}],"wp:attachment":[{"href":"https:\/\/wizardly-davinci.82-223-8-23.plesk.page\/en\/wp-json\/wp\/v2\/media?parent=52991"}],"wp:term":[{"taxonomy":"product_cat","embeddable":true,"href":"https:\/\/wizardly-davinci.82-223-8-23.plesk.page\/en\/wp-json\/wp\/v2\/product_cat?post=52991"},{"taxonomy":"product_tag","embeddable":true,"href":"https:\/\/wizardly-davinci.82-223-8-23.plesk.page\/en\/wp-json\/wp\/v2\/product_tag?post=52991"},{"taxonomy":"edicion","embeddable":true,"href":"https:\/\/wizardly-davinci.82-223-8-23.plesk.page\/en\/wp-json\/wp\/v2\/edicion?post=52991"},{"taxonomy":"editoriales","embeddable":true,"href":"https:\/\/wizardly-davinci.82-223-8-23.plesk.page\/en\/wp-json\/wp\/v2\/editoriales?post=52991"},{"taxonomy":"tienda","embeddable":true,"href":"https:\/\/wizardly-davinci.82-223-8-23.plesk.page\/en\/wp-json\/wp\/v2\/tienda?post=52991"},{"taxonomy":"autor_id","embeddable":true,"href":"https:\/\/wizardly-davinci.82-223-8-23.plesk.page\/en\/wp-json\/wp\/v2\/autor_id?post=52991"},{"taxonomy":"universidades_coeditoras","embeddable":true,"href":"https:\/\/wizardly-davinci.82-223-8-23.plesk.page\/en\/wp-json\/wp\/v2\/universidades_coeditoras?post=52991"},{"taxonomy":"palabras_clave","embeddable":true,"href":"https:\/\/wizardly-davinci.82-223-8-23.plesk.page\/en\/wp-json\/wp\/v2\/palabras_clave?post=52991"},{"taxonomy":"listado_alfabetico","embeddable":true,"href":"https:\/\/wizardly-davinci.82-223-8-23.plesk.page\/en\/wp-json\/wp\/v2\/listado_alfabetico?post=52991"}],"curies":[{"name":"wp","href":"https:\/\/api.w.org\/{rel}","templated":true}]}}