{"id":52992,"date":"2022-05-04T18:18:14","date_gmt":"2022-05-04T16:18:14","guid":{"rendered":"https:\/\/octaedro.com\/libro\/genero-y-tic\/"},"modified":"2023-03-08T12:19:51","modified_gmt":"2023-03-08T11:19:51","slug":"genero-y-tic-2","status":"publish","type":"product","link":"https:\/\/wizardly-davinci.82-223-8-23.plesk.page\/en\/producto\/genero-y-tic-2\/","title":{"rendered":"G\u00e9nero y TIC"},"content":{"rendered":"","protected":false},"excerpt":{"rendered":"<p>Este libro aborda la igualdad de g\u00e9nero desde una perspectiva educativa, entendiendo que la educaci\u00f3n es una herramienta b\u00e1sica para lograr una sociedad m\u00e1s equitativa y respetuosa con las diferencias. Se presenta un primer bloque de cap\u00edtulos que analizan conceptos m\u00e1s generales sobre educaci\u00f3n en valores, medios de comunicaci\u00f3n, educaci\u00f3n para la igualdad o tecnolog\u00edas digitales para la intervenci\u00f3n educativa. En un segundo bloque de cap\u00edtulos se plantean aspectos m\u00e1s espec\u00edficos de la intervenci\u00f3n educativa como son la coeducaci\u00f3n en la etapa de Infantil, el uso de la imagen, la danza y qu\u00e9 ocurre en la etapa de ense\u00f1anza superior, tanto en el contexto nacional como en el internacional.<\/p>\n<p>La obra, adem\u00e1s, incluye un pr\u00f3logo de James O\u2019Higgins y una introducci\u00f3n de Seline Keating, ambos investigadores de la Universidad de Dubl\u00edn que han trabajado con los coordinadores de este libro en el proyecto internacional Gender Equality Matters, financiado por la Comisi\u00f3n Europea. En este proyecto se ha abordado la importancia de una educaci\u00f3n en valores que trabaje de modo espec\u00edfico las cuestiones de g\u00e9nero desde la etapa de Educaci\u00f3n Primaria, en la cual ya se detectan casos de acoso y ciberacoso vinculados a estos factores diferenciales. La formaci\u00f3n de educadores especialistas y del profesorado en general es fundamental para la prevenci\u00f3n, la detecci\u00f3n y la intervenci\u00f3n.<\/p>\n","protected":false},"featured_media":50587,"comment_status":"open","ping_status":"closed","template":"","meta":{"_et_pb_use_builder":"","_et_pb_old_content":"","_et_gb_content_width":""},"product_cat":[11899,11859,11912],"product_tag":[11892],"edicion":[12199,11865],"editoriales":[11867],"tienda":[],"autor_id":[19141,12461],"universidades_coeditoras":[14907],"palabras_clave":[],"listado_alfabetico":[],"acf":[],"_links":{"self":[{"href":"https:\/\/wizardly-davinci.82-223-8-23.plesk.page\/en\/wp-json\/wp\/v2\/product\/52992"}],"collection":[{"href":"https:\/\/wizardly-davinci.82-223-8-23.plesk.page\/en\/wp-json\/wp\/v2\/product"}],"about":[{"href":"https:\/\/wizardly-davinci.82-223-8-23.plesk.page\/en\/wp-json\/wp\/v2\/types\/product"}],"replies":[{"embeddable":true,"href":"https:\/\/wizardly-davinci.82-223-8-23.plesk.page\/en\/wp-json\/wp\/v2\/comments?post=52992"}],"wp:featuredmedia":[{"embeddable":true,"href":"https:\/\/wizardly-davinci.82-223-8-23.plesk.page\/en\/wp-json\/wp\/v2\/media\/50587"}],"wp:attachment":[{"href":"https:\/\/wizardly-davinci.82-223-8-23.plesk.page\/en\/wp-json\/wp\/v2\/media?parent=52992"}],"wp:term":[{"taxonomy":"product_cat","embeddable":true,"href":"https:\/\/wizardly-davinci.82-223-8-23.plesk.page\/en\/wp-json\/wp\/v2\/product_cat?post=52992"},{"taxonomy":"product_tag","embeddable":true,"href":"https:\/\/wizardly-davinci.82-223-8-23.plesk.page\/en\/wp-json\/wp\/v2\/product_tag?post=52992"},{"taxonomy":"edicion","embeddable":true,"href":"https:\/\/wizardly-davinci.82-223-8-23.plesk.page\/en\/wp-json\/wp\/v2\/edicion?post=52992"},{"taxonomy":"editoriales","embeddable":true,"href":"https:\/\/wizardly-davinci.82-223-8-23.plesk.page\/en\/wp-json\/wp\/v2\/editoriales?post=52992"},{"taxonomy":"tienda","embeddable":true,"href":"https:\/\/wizardly-davinci.82-223-8-23.plesk.page\/en\/wp-json\/wp\/v2\/tienda?post=52992"},{"taxonomy":"autor_id","embeddable":true,"href":"https:\/\/wizardly-davinci.82-223-8-23.plesk.page\/en\/wp-json\/wp\/v2\/autor_id?post=52992"},{"taxonomy":"universidades_coeditoras","embeddable":true,"href":"https:\/\/wizardly-davinci.82-223-8-23.plesk.page\/en\/wp-json\/wp\/v2\/universidades_coeditoras?post=52992"},{"taxonomy":"palabras_clave","embeddable":true,"href":"https:\/\/wizardly-davinci.82-223-8-23.plesk.page\/en\/wp-json\/wp\/v2\/palabras_clave?post=52992"},{"taxonomy":"listado_alfabetico","embeddable":true,"href":"https:\/\/wizardly-davinci.82-223-8-23.plesk.page\/en\/wp-json\/wp\/v2\/listado_alfabetico?post=52992"}],"curies":[{"name":"wp","href":"https:\/\/api.w.org\/{rel}","templated":true}]}}