{"id":52993,"date":"2022-05-23T18:59:06","date_gmt":"2022-05-23T16:59:06","guid":{"rendered":"https:\/\/octaedro.com\/libro\/mejorar-las-practicas-de-maestro-un-modelo-basado-en-la-colaboracion-y-la-reflexion-conjunta-entre-la-escuela-y-la-universidad\/"},"modified":"2023-03-08T12:19:52","modified_gmt":"2023-03-08T11:19:52","slug":"mejorar-las-practicas-de-maestro-un-modelo-basado-en-la-colaboracion-y-la-reflexion-conjunta-entre-la-escuela-y-la-universidad-2","status":"publish","type":"product","link":"https:\/\/wizardly-davinci.82-223-8-23.plesk.page\/en\/producto\/mejorar-las-practicas-de-maestro-un-modelo-basado-en-la-colaboracion-y-la-reflexion-conjunta-entre-la-escuela-y-la-universidad-2\/","title":{"rendered":"Mejorar las pr\u00e1cticas de maestro: un modelo basado en la colaboraci\u00f3n y la reflexi\u00f3n conjunta entre la escuela y la universidad"},"content":{"rendered":"","protected":false},"excerpt":{"rendered":"<p>Este libro pretende contribuir a la mejora de las pr\u00e1cticas de la formaci\u00f3n inicial de maestros. Presenta una nueva propuesta que ha sido dise\u00f1ada e implementada por un equipo conjunto de innovaci\u00f3n e investigaci\u00f3n formado por profesorado de escuelas y universidad implicado en la tutorizaci\u00f3n de las pr\u00e1cticas en dicha formaci\u00f3n inicial. El texto tiene una orientaci\u00f3n eminentemente pr\u00e1ctica dirigida a facilitar su implementaci\u00f3n y est\u00e1 organizado en tres partes. En la primera se presentan las bases de la nueva propuesta de pr\u00e1cticas con sentido profesionalizador y reflexivo y en colaboraci\u00f3n entre escuela y universidad. La segunda parte trata la colaboraci\u00f3n entre tutores de ambas instituciones y su actividad con los estudiantes, estructurada en un sistema de espacios de tutor\u00eda reflexiva a lo largo de las pr\u00e1cticas. La tercera parte describe distintos recursos usados en el seguimiento y an\u00e1lisis realizado de la innovaci\u00f3n.<br \/>\nLos diferentes cap\u00edtulos intercalan ideas con pautas, instrumentos y estrategias gu\u00eda de la tutor\u00eda y de seguimiento y evaluaci\u00f3n formativa de las pr\u00e1cticas. Se adjuntan tambi\u00e9n recursos de investigaci\u00f3n-acci\u00f3n para facilitar que los posibles lectores implicados en las pr\u00e1cticas puedan seguir reflexionando y contribuyendo a mejorar la formaci\u00f3n.<\/p>\n","protected":false},"featured_media":50574,"comment_status":"open","ping_status":"closed","template":"","meta":{"_et_pb_use_builder":"","_et_pb_old_content":"","_et_gb_content_width":""},"product_cat":[11899,11859,11912],"product_tag":[11892],"edicion":[12199,11865],"editoriales":[11867,12224],"tienda":[],"autor_id":[19145,19147,19143],"universidades_coeditoras":[],"palabras_clave":[],"listado_alfabetico":[],"acf":[],"_links":{"self":[{"href":"https:\/\/wizardly-davinci.82-223-8-23.plesk.page\/en\/wp-json\/wp\/v2\/product\/52993"}],"collection":[{"href":"https:\/\/wizardly-davinci.82-223-8-23.plesk.page\/en\/wp-json\/wp\/v2\/product"}],"about":[{"href":"https:\/\/wizardly-davinci.82-223-8-23.plesk.page\/en\/wp-json\/wp\/v2\/types\/product"}],"replies":[{"embeddable":true,"href":"https:\/\/wizardly-davinci.82-223-8-23.plesk.page\/en\/wp-json\/wp\/v2\/comments?post=52993"}],"wp:featuredmedia":[{"embeddable":true,"href":"https:\/\/wizardly-davinci.82-223-8-23.plesk.page\/en\/wp-json\/wp\/v2\/media\/50574"}],"wp:attachment":[{"href":"https:\/\/wizardly-davinci.82-223-8-23.plesk.page\/en\/wp-json\/wp\/v2\/media?parent=52993"}],"wp:term":[{"taxonomy":"product_cat","embeddable":true,"href":"https:\/\/wizardly-davinci.82-223-8-23.plesk.page\/en\/wp-json\/wp\/v2\/product_cat?post=52993"},{"taxonomy":"product_tag","embeddable":true,"href":"https:\/\/wizardly-davinci.82-223-8-23.plesk.page\/en\/wp-json\/wp\/v2\/product_tag?post=52993"},{"taxonomy":"edicion","embeddable":true,"href":"https:\/\/wizardly-davinci.82-223-8-23.plesk.page\/en\/wp-json\/wp\/v2\/edicion?post=52993"},{"taxonomy":"editoriales","embeddable":true,"href":"https:\/\/wizardly-davinci.82-223-8-23.plesk.page\/en\/wp-json\/wp\/v2\/editoriales?post=52993"},{"taxonomy":"tienda","embeddable":true,"href":"https:\/\/wizardly-davinci.82-223-8-23.plesk.page\/en\/wp-json\/wp\/v2\/tienda?post=52993"},{"taxonomy":"autor_id","embeddable":true,"href":"https:\/\/wizardly-davinci.82-223-8-23.plesk.page\/en\/wp-json\/wp\/v2\/autor_id?post=52993"},{"taxonomy":"universidades_coeditoras","embeddable":true,"href":"https:\/\/wizardly-davinci.82-223-8-23.plesk.page\/en\/wp-json\/wp\/v2\/universidades_coeditoras?post=52993"},{"taxonomy":"palabras_clave","embeddable":true,"href":"https:\/\/wizardly-davinci.82-223-8-23.plesk.page\/en\/wp-json\/wp\/v2\/palabras_clave?post=52993"},{"taxonomy":"listado_alfabetico","embeddable":true,"href":"https:\/\/wizardly-davinci.82-223-8-23.plesk.page\/en\/wp-json\/wp\/v2\/listado_alfabetico?post=52993"}],"curies":[{"name":"wp","href":"https:\/\/api.w.org\/{rel}","templated":true}]}}