{"id":52995,"date":"2021-12-29T11:22:07","date_gmt":"2021-12-29T10:22:07","guid":{"rendered":"https:\/\/octaedro.com\/libro\/nuevas-tendencias-en-investigacion-educativa-new-trends-in-educational-research\/"},"modified":"2023-02-22T13:37:33","modified_gmt":"2023-02-22T12:37:33","slug":"nuevas-tendencias-en-investigacion-educativa-new-trends-in-educational-research-2","status":"publish","type":"product","link":"https:\/\/wizardly-davinci.82-223-8-23.plesk.page\/en\/producto\/nuevas-tendencias-en-investigacion-educativa-new-trends-in-educational-research-2\/","title":{"rendered":"Nuevas tendencias en Investigaci\u00f3n Educativa \/ New Trends in Educational Research"},"content":{"rendered":"","protected":false},"excerpt":{"rendered":"<p>La innovaci\u00f3n educativa puede dar respuesta a los restos y necesidades de la sociedad. En tiempos de pandemia todav\u00eda es m\u00e1s necesario desarrollar acciones constantes, m\u00faltiples e interdisciplinarias tendentes a una continuada investigaci\u00f3n, desarrollo e innovaci\u00f3n (I+D+i) educativas. No s\u00f3lo se trata de responder la emergencia sanitaria que toda pandemia implica, con su carga agravante de la p\u00e9rdida de vidas humanas, el dolor y vac\u00edo que las misma dejan en las familias, las secuelas en aquellas personas que sobreviven a la infecci\u00f3n, y las medidas tomadas a gran escala y alcance en todo el tejido social y productivo para evitar el contagio y gestionar la crisis. La Educaci\u00f3n, en general, puede aportar y, de hecho aporta, \u201cmedicina\u201d, recursos pr\u00e1cticamente inagotables para enfrentar crisis como la que estamos viviendo y padeciendo; y con solvencia, pues el mismo funcionamiento educativo, que no se ha detenido ni en tiempos de confinamiento a cal y canto, demuestra que la formaci\u00f3n, la transmisi\u00f3n y generaci\u00f3n de conocimiento no se ha interrumpido, ha funcionado con denuedo y ha permitido que no se produjera el tan temido colapso de la sociedad. La I+D+i relativa a Educaci\u00f3n se completa con una transferencia que, en Educaci\u00f3n, es consubstancial a cualquiera de las acciones de investigaci\u00f3n (b\u00e1sica, aplicada, cualitativa o cuantitativa). La educaci\u00f3n siempre est\u00e1 referida a la transferencia de los saberes, de los valores, a su generaci\u00f3n y mejora, y siempre para ser transferidos al alumnado, a las familias, sector productivo y a la sociedad.<\/p>\n<p>De todo ello es una muestra el presente libro. Contiene investigaci\u00f3n sobre o derivada de la pandemia que actualmente nos acucia en el d\u00eda a d\u00eda y amenaza el futuro. Ante tal acuciante amenaza del presente y del futuro, la investigaci\u00f3n educativa aporta recursos que nos permiten poder afrontar la situaci\u00f3n con mejores posibilidades. Se trata de investigaciones aplicadas al mismo tiempo que tambi\u00e9n se da cabida a an\u00e1lisis te\u00f3ricos con propuestas de intervenci\u00f3n incorporadas.<\/p>\n","protected":false},"featured_media":50547,"comment_status":"open","ping_status":"closed","template":"","meta":{"_et_pb_use_builder":"","_et_pb_old_content":"","_et_gb_content_width":""},"product_cat":[11899,11913,11900],"product_tag":[11887],"edicion":[12178],"editoriales":[11867],"tienda":[],"autor_id":[19152],"universidades_coeditoras":[14892],"palabras_clave":[],"listado_alfabetico":[],"acf":[],"_links":{"self":[{"href":"https:\/\/wizardly-davinci.82-223-8-23.plesk.page\/en\/wp-json\/wp\/v2\/product\/52995"}],"collection":[{"href":"https:\/\/wizardly-davinci.82-223-8-23.plesk.page\/en\/wp-json\/wp\/v2\/product"}],"about":[{"href":"https:\/\/wizardly-davinci.82-223-8-23.plesk.page\/en\/wp-json\/wp\/v2\/types\/product"}],"replies":[{"embeddable":true,"href":"https:\/\/wizardly-davinci.82-223-8-23.plesk.page\/en\/wp-json\/wp\/v2\/comments?post=52995"}],"wp:featuredmedia":[{"embeddable":true,"href":"https:\/\/wizardly-davinci.82-223-8-23.plesk.page\/en\/wp-json\/wp\/v2\/media\/50547"}],"wp:attachment":[{"href":"https:\/\/wizardly-davinci.82-223-8-23.plesk.page\/en\/wp-json\/wp\/v2\/media?parent=52995"}],"wp:term":[{"taxonomy":"product_cat","embeddable":true,"href":"https:\/\/wizardly-davinci.82-223-8-23.plesk.page\/en\/wp-json\/wp\/v2\/product_cat?post=52995"},{"taxonomy":"product_tag","embeddable":true,"href":"https:\/\/wizardly-davinci.82-223-8-23.plesk.page\/en\/wp-json\/wp\/v2\/product_tag?post=52995"},{"taxonomy":"edicion","embeddable":true,"href":"https:\/\/wizardly-davinci.82-223-8-23.plesk.page\/en\/wp-json\/wp\/v2\/edicion?post=52995"},{"taxonomy":"editoriales","embeddable":true,"href":"https:\/\/wizardly-davinci.82-223-8-23.plesk.page\/en\/wp-json\/wp\/v2\/editoriales?post=52995"},{"taxonomy":"tienda","embeddable":true,"href":"https:\/\/wizardly-davinci.82-223-8-23.plesk.page\/en\/wp-json\/wp\/v2\/tienda?post=52995"},{"taxonomy":"autor_id","embeddable":true,"href":"https:\/\/wizardly-davinci.82-223-8-23.plesk.page\/en\/wp-json\/wp\/v2\/autor_id?post=52995"},{"taxonomy":"universidades_coeditoras","embeddable":true,"href":"https:\/\/wizardly-davinci.82-223-8-23.plesk.page\/en\/wp-json\/wp\/v2\/universidades_coeditoras?post=52995"},{"taxonomy":"palabras_clave","embeddable":true,"href":"https:\/\/wizardly-davinci.82-223-8-23.plesk.page\/en\/wp-json\/wp\/v2\/palabras_clave?post=52995"},{"taxonomy":"listado_alfabetico","embeddable":true,"href":"https:\/\/wizardly-davinci.82-223-8-23.plesk.page\/en\/wp-json\/wp\/v2\/listado_alfabetico?post=52995"}],"curies":[{"name":"wp","href":"https:\/\/api.w.org\/{rel}","templated":true}]}}