{"id":52996,"date":"2021-12-29T11:06:20","date_gmt":"2021-12-29T10:06:20","guid":{"rendered":"https:\/\/octaedro.com\/libro\/investigando-nuevos-paradigmas-en-educacion-researching-new-educational-paradigms\/"},"modified":"2023-02-22T13:37:33","modified_gmt":"2023-02-22T12:37:33","slug":"investigando-nuevos-paradigmas-en-educacion-researching-new-educational-paradigms-2","status":"publish","type":"product","link":"https:\/\/wizardly-davinci.82-223-8-23.plesk.page\/en\/producto\/investigando-nuevos-paradigmas-en-educacion-researching-new-educational-paradigms-2\/","title":{"rendered":"Investigando nuevos paradigmas en Educaci\u00f3n \/ Researching New Educational Paradigms"},"content":{"rendered":"","protected":false},"excerpt":{"rendered":"<p>Uno de los vectores que m\u00e1s contribuyen al desarrollo de las comunidades humanas es la Educaci\u00f3n. En sus m\u00e1s diversas y variadas acepciones y niveles, desde educaci\u00f3n infantil y hasta educaci\u00f3n superior y el m\u00e1ximo nivel de titulaci\u00f3n y especializaci\u00f3n, el Doctorado, la Educaci\u00f3n es la llave que abre todas las puertas.<\/p>\n<p>No s\u00f3lo se trata de acceder a los datos, a la informaci\u00f3n, antes bien, ello, tan sacralizado en la actualidad (miner\u00edas de datos, big data, musculatura inform\u00e1tica, grandes dotaciones en \u201cmaquinaria\u201d e implementos inform\u00e1ticos, e incluso enormes inversiones y alg\u00fan que otro enga\u00f1o para conseguir datos personales y procesarlos comercial y aviesamente), s\u00f3lo es uno de los puertos de partida. Lo esencial, el puerto de arribada debe ser contribuir a dotar a las personas de las potencias del conocimiento que les permita transformar la mera, si bien precisa, informaci\u00f3n, en precioso conocimiento.<\/p>\n<p>En este contexto gen\u00e9rico, este libro trata 4 coordenadas fundamentales en investigaci\u00f3n educativa en las que se aprecian actualmente cambios de paradigma:<br \/>\n1. La investigaci\u00f3n educativa para enfrentar y superar (o, al menos, paliar) el azote de la pandemia de la COVID-19.<br \/>\n2. La investigaci\u00f3n en Tecnolog\u00eda Educativa.<br \/>\n3. La investigaci\u00f3n educativa en Educaci\u00f3n Inclusiva.<br \/>\n4. La investigaci\u00f3n educativa en Ciencias del Deporte y de la Actividad F\u00edsica. <\/p>\n","protected":false},"featured_media":50540,"comment_status":"open","ping_status":"closed","template":"","meta":{"_et_pb_use_builder":"","_et_pb_old_content":"","_et_gb_content_width":""},"product_cat":[11899,11913,11900],"product_tag":[11887],"edicion":[12178],"editoriales":[11867],"tienda":[],"autor_id":[19152,19154,19156],"universidades_coeditoras":[14892],"palabras_clave":[],"listado_alfabetico":[],"acf":[],"_links":{"self":[{"href":"https:\/\/wizardly-davinci.82-223-8-23.plesk.page\/en\/wp-json\/wp\/v2\/product\/52996"}],"collection":[{"href":"https:\/\/wizardly-davinci.82-223-8-23.plesk.page\/en\/wp-json\/wp\/v2\/product"}],"about":[{"href":"https:\/\/wizardly-davinci.82-223-8-23.plesk.page\/en\/wp-json\/wp\/v2\/types\/product"}],"replies":[{"embeddable":true,"href":"https:\/\/wizardly-davinci.82-223-8-23.plesk.page\/en\/wp-json\/wp\/v2\/comments?post=52996"}],"wp:featuredmedia":[{"embeddable":true,"href":"https:\/\/wizardly-davinci.82-223-8-23.plesk.page\/en\/wp-json\/wp\/v2\/media\/50540"}],"wp:attachment":[{"href":"https:\/\/wizardly-davinci.82-223-8-23.plesk.page\/en\/wp-json\/wp\/v2\/media?parent=52996"}],"wp:term":[{"taxonomy":"product_cat","embeddable":true,"href":"https:\/\/wizardly-davinci.82-223-8-23.plesk.page\/en\/wp-json\/wp\/v2\/product_cat?post=52996"},{"taxonomy":"product_tag","embeddable":true,"href":"https:\/\/wizardly-davinci.82-223-8-23.plesk.page\/en\/wp-json\/wp\/v2\/product_tag?post=52996"},{"taxonomy":"edicion","embeddable":true,"href":"https:\/\/wizardly-davinci.82-223-8-23.plesk.page\/en\/wp-json\/wp\/v2\/edicion?post=52996"},{"taxonomy":"editoriales","embeddable":true,"href":"https:\/\/wizardly-davinci.82-223-8-23.plesk.page\/en\/wp-json\/wp\/v2\/editoriales?post=52996"},{"taxonomy":"tienda","embeddable":true,"href":"https:\/\/wizardly-davinci.82-223-8-23.plesk.page\/en\/wp-json\/wp\/v2\/tienda?post=52996"},{"taxonomy":"autor_id","embeddable":true,"href":"https:\/\/wizardly-davinci.82-223-8-23.plesk.page\/en\/wp-json\/wp\/v2\/autor_id?post=52996"},{"taxonomy":"universidades_coeditoras","embeddable":true,"href":"https:\/\/wizardly-davinci.82-223-8-23.plesk.page\/en\/wp-json\/wp\/v2\/universidades_coeditoras?post=52996"},{"taxonomy":"palabras_clave","embeddable":true,"href":"https:\/\/wizardly-davinci.82-223-8-23.plesk.page\/en\/wp-json\/wp\/v2\/palabras_clave?post=52996"},{"taxonomy":"listado_alfabetico","embeddable":true,"href":"https:\/\/wizardly-davinci.82-223-8-23.plesk.page\/en\/wp-json\/wp\/v2\/listado_alfabetico?post=52996"}],"curies":[{"name":"wp","href":"https:\/\/api.w.org\/{rel}","templated":true}]}}