{"id":52997,"date":"2021-11-12T19:06:31","date_gmt":"2021-11-12T18:06:31","guid":{"rendered":"https:\/\/octaedro.com\/libro\/atreverse-a-aprender\/"},"modified":"2023-03-08T12:19:52","modified_gmt":"2023-03-08T11:19:52","slug":"atreverse-a-aprender-2","status":"publish","type":"product","link":"https:\/\/wizardly-davinci.82-223-8-23.plesk.page\/en\/producto\/atreverse-a-aprender-2\/","title":{"rendered":"Atreverse a aprender"},"content":{"rendered":"","protected":false},"excerpt":{"rendered":"<p>Atreverse a aprender es un intento de apropiarse de algunas experiencias educativas con la pretensi\u00f3n de extraer aprendizajes que animen a explorar o, en realidad, a atreverse a explorar mundos de vida, universos infantiles, rincones de nuestro desconocido territorio cotidiano y de nuestra propia \u00abalma colectiva\u00bb\u2026<\/p>\n<p>El libro busca relatar con cierto nivel de detalle muy diversas actuaciones, momentos, proyectos (si cabe) en los que ni\u00f1os, ni\u00f1as y adolescentes se han adue\u00f1ado y se han convertido en protagonistas de procesos y espacios educativos, con la comunidad (profesorado incluido) como compa\u00f1eros esenciales de viaje.<\/p>\n<p>De ese protagonismo infantil, en el contexto de una comunidad (es decir, escuela, barrio, pueblo, profesorado, familias, ciudadan\u00edas diversas\u2026) ubicada en el territorio (no solo el f\u00edsico, sino inevitablemente tambi\u00e9n el emocional, tan urdido por hilos comunes que reverberan de manera singular en cada ser, volviendo de alguna forma mejor o peor al com\u00fan) surgen las historias que se cuentan en este libro, invitando a generar modos diversos de aprehender mundo, mundos, desde las diversidades que la propia infancia \u00abtrae de serie\u00bb. Ojal\u00e1 estas p\u00e1ginas empujen el \u00e1nimo del maestro\/a o del educador\/a que se ha quedado sin certezas en su camino, para que siga caminando junto con los ni\u00f1os y ni\u00f1as. Ojal\u00e1 inspiren a quienes noten que el exceso de burocracia, o de m\u00e9todo, o de programa, ha atrofiado un poquito esas actitudes que les ponen bien cerquita de la \u00f3rbita infantil y lo suficientemente lejos como para tener siempre perspectiva (adem\u00e1s de coraz\u00f3n). Ojal\u00e1 puedan contribuir a revitalizar la savia del docente sabio, que escucha paciente y acompa\u00f1a con serena alegr\u00eda el advenimiento de mundos mejores, esos que potencialmente trae cada ni\u00f1o\/a \u00abdebajo del brazo\u00bb.<\/p>\n","protected":false},"featured_media":49583,"comment_status":"open","ping_status":"closed","template":"","meta":{"_et_pb_use_builder":"","_et_pb_old_content":"","_et_gb_content_width":""},"product_cat":[11858,11859],"product_tag":[11860],"edicion":[11865],"editoriales":[11867],"tienda":[],"autor_id":[19159],"universidades_coeditoras":[],"palabras_clave":[],"listado_alfabetico":[],"acf":[],"_links":{"self":[{"href":"https:\/\/wizardly-davinci.82-223-8-23.plesk.page\/en\/wp-json\/wp\/v2\/product\/52997"}],"collection":[{"href":"https:\/\/wizardly-davinci.82-223-8-23.plesk.page\/en\/wp-json\/wp\/v2\/product"}],"about":[{"href":"https:\/\/wizardly-davinci.82-223-8-23.plesk.page\/en\/wp-json\/wp\/v2\/types\/product"}],"replies":[{"embeddable":true,"href":"https:\/\/wizardly-davinci.82-223-8-23.plesk.page\/en\/wp-json\/wp\/v2\/comments?post=52997"}],"wp:featuredmedia":[{"embeddable":true,"href":"https:\/\/wizardly-davinci.82-223-8-23.plesk.page\/en\/wp-json\/wp\/v2\/media\/49583"}],"wp:attachment":[{"href":"https:\/\/wizardly-davinci.82-223-8-23.plesk.page\/en\/wp-json\/wp\/v2\/media?parent=52997"}],"wp:term":[{"taxonomy":"product_cat","embeddable":true,"href":"https:\/\/wizardly-davinci.82-223-8-23.plesk.page\/en\/wp-json\/wp\/v2\/product_cat?post=52997"},{"taxonomy":"product_tag","embeddable":true,"href":"https:\/\/wizardly-davinci.82-223-8-23.plesk.page\/en\/wp-json\/wp\/v2\/product_tag?post=52997"},{"taxonomy":"edicion","embeddable":true,"href":"https:\/\/wizardly-davinci.82-223-8-23.plesk.page\/en\/wp-json\/wp\/v2\/edicion?post=52997"},{"taxonomy":"editoriales","embeddable":true,"href":"https:\/\/wizardly-davinci.82-223-8-23.plesk.page\/en\/wp-json\/wp\/v2\/editoriales?post=52997"},{"taxonomy":"tienda","embeddable":true,"href":"https:\/\/wizardly-davinci.82-223-8-23.plesk.page\/en\/wp-json\/wp\/v2\/tienda?post=52997"},{"taxonomy":"autor_id","embeddable":true,"href":"https:\/\/wizardly-davinci.82-223-8-23.plesk.page\/en\/wp-json\/wp\/v2\/autor_id?post=52997"},{"taxonomy":"universidades_coeditoras","embeddable":true,"href":"https:\/\/wizardly-davinci.82-223-8-23.plesk.page\/en\/wp-json\/wp\/v2\/universidades_coeditoras?post=52997"},{"taxonomy":"palabras_clave","embeddable":true,"href":"https:\/\/wizardly-davinci.82-223-8-23.plesk.page\/en\/wp-json\/wp\/v2\/palabras_clave?post=52997"},{"taxonomy":"listado_alfabetico","embeddable":true,"href":"https:\/\/wizardly-davinci.82-223-8-23.plesk.page\/en\/wp-json\/wp\/v2\/listado_alfabetico?post=52997"}],"curies":[{"name":"wp","href":"https:\/\/api.w.org\/{rel}","templated":true}]}}