{"id":52999,"date":"2021-12-29T18:14:36","date_gmt":"2021-12-29T17:14:36","guid":{"rendered":"https:\/\/octaedro.com\/libro\/patrimonio-cultural-genero-y-educacion\/"},"modified":"2023-03-08T12:19:52","modified_gmt":"2023-03-08T11:19:52","slug":"patrimonio-cultural-genero-y-educacion-2","status":"publish","type":"product","link":"https:\/\/wizardly-davinci.82-223-8-23.plesk.page\/en\/producto\/patrimonio-cultural-genero-y-educacion-2\/","title":{"rendered":"Patrimonio cultural, g\u00e9nero y educaci\u00f3n"},"content":{"rendered":"","protected":false},"excerpt":{"rendered":"<p>El an\u00e1lisis de los libros de texto de la educaci\u00f3n obligatoria, desde la Did\u00e1ctica de las Ciencias Sociales, es una corriente que se ha ido consolidando en Espa\u00f1a en las \u00faltimas d\u00e9cadas. Este monogr\u00e1fico se inserta en esta l\u00ednea de investigaci\u00f3n, en particular en la tem\u00e1tica del patrimonio cultural y el g\u00e9nero. El volumen cuenta con siete cap\u00edtulos en los que participan profesores\/as de seis universidades espa\u00f1olas, vinculados a los principales grupos de investigaci\u00f3n en el campo de la manual\u00edstica.<\/p>\n<p>Teniendo en cuenta que el patrimonio cultural y la igualdad de g\u00e9nero se deben ense\u00f1ar desde la educaci\u00f3n reglada, tal y como se propone en los curr\u00edculos de Primaria y Secundaria, y siendo conscientes de sus potencialidades educativas, este libro persigue valorar el tratamiento did\u00e1ctico que la educaci\u00f3n patrimonial y el g\u00e9nero reciben en los libros de texto de Ciencias Sociales y de Geograf\u00eda e Historia. De forma paralela, se cuestiona si el objetivo impl\u00edcito de estos materiales did\u00e1cticos es el conocimiento del patrimonio o si se persigue igualmente que el alumnado lo comprenda y valore; si los manuales permiten que los discentes entablen relaciones de identidad con su patrimonio inmediato, es decir, que lo sientan como propio. Tambi\u00e9n se reflexiona sobre si el patrimonio cultural y la Historia que se abordan en la educaci\u00f3n obligatoria pueden contribuir al desarrollo de una identidad que est\u00e9 relacionada con la evoluci\u00f3n hist\u00f3rica auton\u00f3mica y nacional, as\u00ed como con la conciencia sobre el discurso de g\u00e9nero.<\/p>\n<p>En suma, estamos ante un volumen que persigue valorar qu\u00e9 conciencia hist\u00f3rica, patrimonial e identitaria se est\u00e1 creando entre el alumnado en una etapa fundamental como la de la escolarizaci\u00f3n obligatoria, a partir del uso del libro de texto.<\/p>\n","protected":false},"featured_media":50428,"comment_status":"open","ping_status":"closed","template":"","meta":{"_et_pb_use_builder":"","_et_pb_old_content":"","_et_gb_content_width":""},"product_cat":[11899,11913,11859,11907],"product_tag":[11893],"edicion":[12178,11865],"editoriales":[11867],"tienda":[],"autor_id":[19165],"universidades_coeditoras":[],"palabras_clave":[],"listado_alfabetico":[],"acf":[],"_links":{"self":[{"href":"https:\/\/wizardly-davinci.82-223-8-23.plesk.page\/en\/wp-json\/wp\/v2\/product\/52999"}],"collection":[{"href":"https:\/\/wizardly-davinci.82-223-8-23.plesk.page\/en\/wp-json\/wp\/v2\/product"}],"about":[{"href":"https:\/\/wizardly-davinci.82-223-8-23.plesk.page\/en\/wp-json\/wp\/v2\/types\/product"}],"replies":[{"embeddable":true,"href":"https:\/\/wizardly-davinci.82-223-8-23.plesk.page\/en\/wp-json\/wp\/v2\/comments?post=52999"}],"wp:featuredmedia":[{"embeddable":true,"href":"https:\/\/wizardly-davinci.82-223-8-23.plesk.page\/en\/wp-json\/wp\/v2\/media\/50428"}],"wp:attachment":[{"href":"https:\/\/wizardly-davinci.82-223-8-23.plesk.page\/en\/wp-json\/wp\/v2\/media?parent=52999"}],"wp:term":[{"taxonomy":"product_cat","embeddable":true,"href":"https:\/\/wizardly-davinci.82-223-8-23.plesk.page\/en\/wp-json\/wp\/v2\/product_cat?post=52999"},{"taxonomy":"product_tag","embeddable":true,"href":"https:\/\/wizardly-davinci.82-223-8-23.plesk.page\/en\/wp-json\/wp\/v2\/product_tag?post=52999"},{"taxonomy":"edicion","embeddable":true,"href":"https:\/\/wizardly-davinci.82-223-8-23.plesk.page\/en\/wp-json\/wp\/v2\/edicion?post=52999"},{"taxonomy":"editoriales","embeddable":true,"href":"https:\/\/wizardly-davinci.82-223-8-23.plesk.page\/en\/wp-json\/wp\/v2\/editoriales?post=52999"},{"taxonomy":"tienda","embeddable":true,"href":"https:\/\/wizardly-davinci.82-223-8-23.plesk.page\/en\/wp-json\/wp\/v2\/tienda?post=52999"},{"taxonomy":"autor_id","embeddable":true,"href":"https:\/\/wizardly-davinci.82-223-8-23.plesk.page\/en\/wp-json\/wp\/v2\/autor_id?post=52999"},{"taxonomy":"universidades_coeditoras","embeddable":true,"href":"https:\/\/wizardly-davinci.82-223-8-23.plesk.page\/en\/wp-json\/wp\/v2\/universidades_coeditoras?post=52999"},{"taxonomy":"palabras_clave","embeddable":true,"href":"https:\/\/wizardly-davinci.82-223-8-23.plesk.page\/en\/wp-json\/wp\/v2\/palabras_clave?post=52999"},{"taxonomy":"listado_alfabetico","embeddable":true,"href":"https:\/\/wizardly-davinci.82-223-8-23.plesk.page\/en\/wp-json\/wp\/v2\/listado_alfabetico?post=52999"}],"curies":[{"name":"wp","href":"https:\/\/api.w.org\/{rel}","templated":true}]}}