{"id":53000,"date":"2022-01-20T17:57:36","date_gmt":"2022-01-20T16:57:36","guid":{"rendered":"https:\/\/octaedro.com\/libro\/inclusion-educativa-y-tecnologias-para-el-aprendizaje\/"},"modified":"2023-03-08T12:19:52","modified_gmt":"2023-03-08T11:19:52","slug":"inclusion-educativa-y-tecnologias-para-el-aprendizaje-2","status":"publish","type":"product","link":"https:\/\/wizardly-davinci.82-223-8-23.plesk.page\/en\/producto\/inclusion-educativa-y-tecnologias-para-el-aprendizaje-2\/","title":{"rendered":"Inclusi\u00f3n educativa y tecnolog\u00edas para el aprendizaje"},"content":{"rendered":"","protected":false},"excerpt":{"rendered":"<p>Las ambiciones de los sistemas educativos de algunos pa\u00edses vienen reflejadas en el Objetivo de Desarrollo Sostenible 4 de la Agenda 2030. Concretamente, se explicita la finalidad de garantizar una educaci\u00f3n inclusiva, equitativa y de calidad, as\u00ed como promover las oportunidades de aprendizaje durante toda la vida para todos. Por su parte, y en consonancia con los prop\u00f3sitos que acompa\u00f1an a la educaci\u00f3n inclusiva del siglo XXI, las tecnolog\u00edas de la informaci\u00f3n y la comunicaci\u00f3n (TIC) se instauran como herramientas con un potencial enorme para trasladar a la acci\u00f3n nuevos aprendizajes, para desarrollar nuevas l\u00edneas de innovaci\u00f3n pedag\u00f3gicas y organizacionales y para facilitar procesos de comunicaci\u00f3n e interacci\u00f3n en formatos distintos a las actividades educativas m\u00e1s tradicionales.<\/p>\n<p>En este sentido, la presente obra aporta diferentes visiones te\u00f3rico-pr\u00e1cticas, desde una construcci\u00f3n colectiva del conocimiento, acerca de diferentes experiencias y saberes vinculados a la inclusi\u00f3n educativa y a las TIC. A partir de diferentes puntos de encuentro, se analizan las implicaciones de los recursos tecnol\u00f3gicos en una apuesta por contribuir a nuevos avances en la educaci\u00f3n inclusiva y en la escuela actual.<\/p>\n","protected":false},"featured_media":50393,"comment_status":"open","ping_status":"closed","template":"","meta":{"_et_pb_use_builder":"","_et_pb_old_content":"","_et_gb_content_width":""},"product_cat":[11899,11859,11912],"product_tag":[11892],"edicion":[12199,11865],"editoriales":[11867],"tienda":[],"autor_id":[19169,19167],"universidades_coeditoras":[],"palabras_clave":[],"listado_alfabetico":[],"acf":[],"_links":{"self":[{"href":"https:\/\/wizardly-davinci.82-223-8-23.plesk.page\/en\/wp-json\/wp\/v2\/product\/53000"}],"collection":[{"href":"https:\/\/wizardly-davinci.82-223-8-23.plesk.page\/en\/wp-json\/wp\/v2\/product"}],"about":[{"href":"https:\/\/wizardly-davinci.82-223-8-23.plesk.page\/en\/wp-json\/wp\/v2\/types\/product"}],"replies":[{"embeddable":true,"href":"https:\/\/wizardly-davinci.82-223-8-23.plesk.page\/en\/wp-json\/wp\/v2\/comments?post=53000"}],"wp:featuredmedia":[{"embeddable":true,"href":"https:\/\/wizardly-davinci.82-223-8-23.plesk.page\/en\/wp-json\/wp\/v2\/media\/50393"}],"wp:attachment":[{"href":"https:\/\/wizardly-davinci.82-223-8-23.plesk.page\/en\/wp-json\/wp\/v2\/media?parent=53000"}],"wp:term":[{"taxonomy":"product_cat","embeddable":true,"href":"https:\/\/wizardly-davinci.82-223-8-23.plesk.page\/en\/wp-json\/wp\/v2\/product_cat?post=53000"},{"taxonomy":"product_tag","embeddable":true,"href":"https:\/\/wizardly-davinci.82-223-8-23.plesk.page\/en\/wp-json\/wp\/v2\/product_tag?post=53000"},{"taxonomy":"edicion","embeddable":true,"href":"https:\/\/wizardly-davinci.82-223-8-23.plesk.page\/en\/wp-json\/wp\/v2\/edicion?post=53000"},{"taxonomy":"editoriales","embeddable":true,"href":"https:\/\/wizardly-davinci.82-223-8-23.plesk.page\/en\/wp-json\/wp\/v2\/editoriales?post=53000"},{"taxonomy":"tienda","embeddable":true,"href":"https:\/\/wizardly-davinci.82-223-8-23.plesk.page\/en\/wp-json\/wp\/v2\/tienda?post=53000"},{"taxonomy":"autor_id","embeddable":true,"href":"https:\/\/wizardly-davinci.82-223-8-23.plesk.page\/en\/wp-json\/wp\/v2\/autor_id?post=53000"},{"taxonomy":"universidades_coeditoras","embeddable":true,"href":"https:\/\/wizardly-davinci.82-223-8-23.plesk.page\/en\/wp-json\/wp\/v2\/universidades_coeditoras?post=53000"},{"taxonomy":"palabras_clave","embeddable":true,"href":"https:\/\/wizardly-davinci.82-223-8-23.plesk.page\/en\/wp-json\/wp\/v2\/palabras_clave?post=53000"},{"taxonomy":"listado_alfabetico","embeddable":true,"href":"https:\/\/wizardly-davinci.82-223-8-23.plesk.page\/en\/wp-json\/wp\/v2\/listado_alfabetico?post=53000"}],"curies":[{"name":"wp","href":"https:\/\/api.w.org\/{rel}","templated":true}]}}