{"id":53001,"date":"2021-12-14T17:53:39","date_gmt":"2021-12-14T16:53:39","guid":{"rendered":"https:\/\/octaedro.com\/libro\/el-valor-de-les-tecnologies-digitals-en-la-millora-de-leducacio-superior\/"},"modified":"2023-03-08T12:19:52","modified_gmt":"2023-03-08T11:19:52","slug":"el-valor-de-les-tecnologies-digitals-en-la-millora-de-leducacio-superior-2","status":"publish","type":"product","link":"https:\/\/wizardly-davinci.82-223-8-23.plesk.page\/en\/producto\/el-valor-de-les-tecnologies-digitals-en-la-millora-de-leducacio-superior-2\/","title":{"rendered":"El valor de les tecnologies digitals en la millora de l&#8217;Educaci\u00f3 Superior"},"content":{"rendered":"","protected":false},"excerpt":{"rendered":"<p>La tecnologia digital incorpora millores en el proc\u00e9s d\u2019ensenyament i aprenentatge en l\u2019educaci\u00f3 superior. Amb la voluntat de difondre una realitat que pot esdevenir inspiradora i impulsora de noves pr\u00e0ctiques futures, es posa a l\u2019abast experi\u00e8ncies d\u2019\u00e8xit de la Universitat de Barcelona.<\/p>\n<p>Els 11 casos seleccionats es consideren pr\u00e0ctiques emergents perqu\u00e8 utilitzen la tecnologia amb finalitats pedag\u00f2giques adequades al context. El valor de la tecnologia digital es vincula amb la capacitat de potenciar l\u2019aprenentatge actiu i generar pr\u00e0ctiques educatives centrades en l\u2019alumnat.<\/p>\n<p>L\u2019an\u00e0lisi introductori i les propostes seleccionades s\u00f3n resultats del projecte de recerca \u00abPr\u00e0ctiques educatives emergents mediades per tecnologies digitals a l\u2019Educaci\u00f3 Superior\u00bb, finan\u00e7at per l\u2019Institut de Recerca en Educaci\u00f3 (IRE-UB).<\/p>\n","protected":false},"featured_media":50378,"comment_status":"open","ping_status":"closed","template":"","meta":{"_et_pb_use_builder":"","_et_pb_old_content":"","_et_gb_content_width":""},"product_cat":[11876,11899,11913,11859,11900],"product_tag":[],"edicion":[12178,11865],"editoriales":[11867,12224],"tienda":[],"autor_id":[19171],"universidades_coeditoras":[],"palabras_clave":[],"listado_alfabetico":[],"acf":[],"_links":{"self":[{"href":"https:\/\/wizardly-davinci.82-223-8-23.plesk.page\/en\/wp-json\/wp\/v2\/product\/53001"}],"collection":[{"href":"https:\/\/wizardly-davinci.82-223-8-23.plesk.page\/en\/wp-json\/wp\/v2\/product"}],"about":[{"href":"https:\/\/wizardly-davinci.82-223-8-23.plesk.page\/en\/wp-json\/wp\/v2\/types\/product"}],"replies":[{"embeddable":true,"href":"https:\/\/wizardly-davinci.82-223-8-23.plesk.page\/en\/wp-json\/wp\/v2\/comments?post=53001"}],"wp:featuredmedia":[{"embeddable":true,"href":"https:\/\/wizardly-davinci.82-223-8-23.plesk.page\/en\/wp-json\/wp\/v2\/media\/50378"}],"wp:attachment":[{"href":"https:\/\/wizardly-davinci.82-223-8-23.plesk.page\/en\/wp-json\/wp\/v2\/media?parent=53001"}],"wp:term":[{"taxonomy":"product_cat","embeddable":true,"href":"https:\/\/wizardly-davinci.82-223-8-23.plesk.page\/en\/wp-json\/wp\/v2\/product_cat?post=53001"},{"taxonomy":"product_tag","embeddable":true,"href":"https:\/\/wizardly-davinci.82-223-8-23.plesk.page\/en\/wp-json\/wp\/v2\/product_tag?post=53001"},{"taxonomy":"edicion","embeddable":true,"href":"https:\/\/wizardly-davinci.82-223-8-23.plesk.page\/en\/wp-json\/wp\/v2\/edicion?post=53001"},{"taxonomy":"editoriales","embeddable":true,"href":"https:\/\/wizardly-davinci.82-223-8-23.plesk.page\/en\/wp-json\/wp\/v2\/editoriales?post=53001"},{"taxonomy":"tienda","embeddable":true,"href":"https:\/\/wizardly-davinci.82-223-8-23.plesk.page\/en\/wp-json\/wp\/v2\/tienda?post=53001"},{"taxonomy":"autor_id","embeddable":true,"href":"https:\/\/wizardly-davinci.82-223-8-23.plesk.page\/en\/wp-json\/wp\/v2\/autor_id?post=53001"},{"taxonomy":"universidades_coeditoras","embeddable":true,"href":"https:\/\/wizardly-davinci.82-223-8-23.plesk.page\/en\/wp-json\/wp\/v2\/universidades_coeditoras?post=53001"},{"taxonomy":"palabras_clave","embeddable":true,"href":"https:\/\/wizardly-davinci.82-223-8-23.plesk.page\/en\/wp-json\/wp\/v2\/palabras_clave?post=53001"},{"taxonomy":"listado_alfabetico","embeddable":true,"href":"https:\/\/wizardly-davinci.82-223-8-23.plesk.page\/en\/wp-json\/wp\/v2\/listado_alfabetico?post=53001"}],"curies":[{"name":"wp","href":"https:\/\/api.w.org\/{rel}","templated":true}]}}