{"id":53002,"date":"2021-12-14T18:54:03","date_gmt":"2021-12-14T17:54:03","guid":{"rendered":"https:\/\/octaedro.com\/libro\/el-valor-de-las-tecnologias-digitales-en-la-mejora-de-la-educacion-superior\/"},"modified":"2023-02-22T13:37:33","modified_gmt":"2023-02-22T12:37:33","slug":"el-valor-de-las-tecnologias-digitales-en-la-mejora-de-la-educacion-superior-2","status":"publish","type":"product","link":"https:\/\/wizardly-davinci.82-223-8-23.plesk.page\/en\/producto\/el-valor-de-las-tecnologias-digitales-en-la-mejora-de-la-educacion-superior-2\/","title":{"rendered":"El valor de las tecnolog\u00edas digitales en la mejora de la Educaci\u00f3n Superior"},"content":{"rendered":"","protected":false},"excerpt":{"rendered":"<p>La tecnolog\u00eda digital incorpora mejoras en el proceso de ense\u00f1anza y aprendizaje en la Educaci\u00f3n Superior. Con la voluntad de difundir una realidad que puede convertirse en inspiradora e impulsora de nuevas pr\u00e1cticas futuras, se ponen al alcance experiencias de \u00e9xito de la Universidad de Barcelona.<\/p>\n<p>Los 11 casos seleccionados se consideran pr\u00e1cticas emergentes porque utilizan la tecnolog\u00eda con fines pedag\u00f3gicos adecuados al contexto. El valor de la tecnolog\u00eda digital se vincula a la capacidad de potenciar el aprendizaje activo y generar pr\u00e1cticas educativas centradas en el alumnado.<\/p>\n<p>El an\u00e1lisis introductorio y las propuestas seleccionadas son resultado del proyecto de investigaci\u00f3n \u00abPr\u00e1cticas educativas emergentes mediadas por tecnolog\u00edas digitales en la educaci\u00f3n superior\u00bb, financiado por el Instituto de Investigaci\u00f3n en Educaci\u00f3n (IRE-UB).<\/p>\n","protected":false},"featured_media":50372,"comment_status":"open","ping_status":"closed","template":"","meta":{"_et_pb_use_builder":"","_et_pb_old_content":"","_et_gb_content_width":""},"product_cat":[11913,11900],"product_tag":[11887],"edicion":[12178],"editoriales":[11867,12224],"tienda":[],"autor_id":[19171],"universidades_coeditoras":[],"palabras_clave":[],"listado_alfabetico":[],"acf":[],"_links":{"self":[{"href":"https:\/\/wizardly-davinci.82-223-8-23.plesk.page\/en\/wp-json\/wp\/v2\/product\/53002"}],"collection":[{"href":"https:\/\/wizardly-davinci.82-223-8-23.plesk.page\/en\/wp-json\/wp\/v2\/product"}],"about":[{"href":"https:\/\/wizardly-davinci.82-223-8-23.plesk.page\/en\/wp-json\/wp\/v2\/types\/product"}],"replies":[{"embeddable":true,"href":"https:\/\/wizardly-davinci.82-223-8-23.plesk.page\/en\/wp-json\/wp\/v2\/comments?post=53002"}],"wp:featuredmedia":[{"embeddable":true,"href":"https:\/\/wizardly-davinci.82-223-8-23.plesk.page\/en\/wp-json\/wp\/v2\/media\/50372"}],"wp:attachment":[{"href":"https:\/\/wizardly-davinci.82-223-8-23.plesk.page\/en\/wp-json\/wp\/v2\/media?parent=53002"}],"wp:term":[{"taxonomy":"product_cat","embeddable":true,"href":"https:\/\/wizardly-davinci.82-223-8-23.plesk.page\/en\/wp-json\/wp\/v2\/product_cat?post=53002"},{"taxonomy":"product_tag","embeddable":true,"href":"https:\/\/wizardly-davinci.82-223-8-23.plesk.page\/en\/wp-json\/wp\/v2\/product_tag?post=53002"},{"taxonomy":"edicion","embeddable":true,"href":"https:\/\/wizardly-davinci.82-223-8-23.plesk.page\/en\/wp-json\/wp\/v2\/edicion?post=53002"},{"taxonomy":"editoriales","embeddable":true,"href":"https:\/\/wizardly-davinci.82-223-8-23.plesk.page\/en\/wp-json\/wp\/v2\/editoriales?post=53002"},{"taxonomy":"tienda","embeddable":true,"href":"https:\/\/wizardly-davinci.82-223-8-23.plesk.page\/en\/wp-json\/wp\/v2\/tienda?post=53002"},{"taxonomy":"autor_id","embeddable":true,"href":"https:\/\/wizardly-davinci.82-223-8-23.plesk.page\/en\/wp-json\/wp\/v2\/autor_id?post=53002"},{"taxonomy":"universidades_coeditoras","embeddable":true,"href":"https:\/\/wizardly-davinci.82-223-8-23.plesk.page\/en\/wp-json\/wp\/v2\/universidades_coeditoras?post=53002"},{"taxonomy":"palabras_clave","embeddable":true,"href":"https:\/\/wizardly-davinci.82-223-8-23.plesk.page\/en\/wp-json\/wp\/v2\/palabras_clave?post=53002"},{"taxonomy":"listado_alfabetico","embeddable":true,"href":"https:\/\/wizardly-davinci.82-223-8-23.plesk.page\/en\/wp-json\/wp\/v2\/listado_alfabetico?post=53002"}],"curies":[{"name":"wp","href":"https:\/\/api.w.org\/{rel}","templated":true}]}}