{"id":53003,"date":"2021-12-01T19:20:04","date_gmt":"2021-12-01T18:20:04","guid":{"rendered":"https:\/\/octaedro.com\/libro\/ensenanza-aprendizaje-del-espanol-comunicacion-en-el-sector-turistico\/"},"modified":"2023-02-22T13:37:33","modified_gmt":"2023-02-22T12:37:33","slug":"redefinir-la-ensenanza-aprendizaje-del-espanol-le-l2-16332-16-2","status":"publish","type":"product","link":"https:\/\/wizardly-davinci.82-223-8-23.plesk.page\/en\/producto\/redefinir-la-ensenanza-aprendizaje-del-espanol-le-l2-16332-16-2\/","title":{"rendered":"Ense\u00f1anza-aprendizaje del espa\u00f1ol: comunicaci\u00f3n en el sector tur\u00edstico"},"content":{"rendered":"","protected":false},"excerpt":{"rendered":"<p>La formaci\u00f3n multidisciplinar, el aprendizaje de diferentes lenguas y la experiencia, configuran los ejes nucleares en los que debiera basarse un profesional del sector tur\u00edstico. La calidad de la comunicaci\u00f3n entre profesionales del \u00e1rea y con sus clientes, marcar\u00e1 la diferencia entre un mal y un buen servicio que supondr\u00e1 ventajas para la imagen de marca y el desarrollo de cada empresa.<br \/>\nLos idiomas son la herramienta que hace posible la comunicaci\u00f3n y el entendimiento entre personas de todo el mundo. En el sector tur\u00edstico, el dominio de idiomas principales como son el ingl\u00e9s, el espa\u00f1ol y el alem\u00e1n, es fundamental para que los profesionales de dicho sector desempe\u00f1en su trabajo de manera \u00f3ptima y con altos niveles de calidad.<br \/>\nEl aprendizaje de la lengua espa\u00f1ola puede resultar una tarea dif\u00edcil para todas aquellas personas que son sabedoras de la necesidad e importancia de estudiarla. En muchas ocasiones, los hispanohablantes cometen errores al hablar y al escribir debido a la dificultad que supone su gram\u00e1tica. Sin embargo, son muchos los que, a partir del turismo idiom\u00e1tico \u2013\u200cuna modalidad tur\u00edstica en auge\u2013, se animan a aprender o mejorar su nivel de espa\u00f1ol desplaz\u00e1ndose a nuestro pa\u00eds para sumergirse de lleno en la cultura del idioma local.<br \/>\nEl Instituto Cervantes, instituci\u00f3n encargada de promover la lengua espa\u00f1ola y la cultura de los pa\u00edses hispanohablantes, asegura que cada vez son m\u00e1s personas las que eligen Espa\u00f1a como destino para iniciar este tipo de experiencia intercultural. El idioma se ha convertido en un importante recurso tur\u00edstico, lo que ha causado que diferentes organismos, tanto a nivel estatal como a nivel auton\u00f3mico y local, se encarguen de promocionar el turismo idiom\u00e1tico.<br \/>\nEl turismo tiene su propio lenguaje, y por ello se han creado espacios f\u00edsicos y plataformas virtuales donde se ofrecen contenidos espec\u00edficos de turismo en espa\u00f1ol para aquellos que quieran o necesiten conocerlo. El \u00e9xito de una empresa tur\u00edstica depender\u00e1 en gran parte de la capacidad idiom\u00e1tica de sus empleados, siendo importante el conocimiento del espa\u00f1ol como idioma fundamental para establecer relaciones internacionales con proveedores, distribuidores, intermediarios y clientes potenciales de todo el mundo.<\/p>\n","protected":false},"featured_media":50178,"comment_status":"open","ping_status":"closed","template":"","meta":{"_et_pb_use_builder":"","_et_pb_old_content":"","_et_gb_content_width":""},"product_cat":[11913],"product_tag":[11884],"edicion":[12178],"editoriales":[11867],"tienda":[],"autor_id":[12385,12386,19172],"universidades_coeditoras":[],"palabras_clave":[19175,19176,19174,19177,19178],"listado_alfabetico":[],"acf":[],"_links":{"self":[{"href":"https:\/\/wizardly-davinci.82-223-8-23.plesk.page\/en\/wp-json\/wp\/v2\/product\/53003"}],"collection":[{"href":"https:\/\/wizardly-davinci.82-223-8-23.plesk.page\/en\/wp-json\/wp\/v2\/product"}],"about":[{"href":"https:\/\/wizardly-davinci.82-223-8-23.plesk.page\/en\/wp-json\/wp\/v2\/types\/product"}],"replies":[{"embeddable":true,"href":"https:\/\/wizardly-davinci.82-223-8-23.plesk.page\/en\/wp-json\/wp\/v2\/comments?post=53003"}],"wp:featuredmedia":[{"embeddable":true,"href":"https:\/\/wizardly-davinci.82-223-8-23.plesk.page\/en\/wp-json\/wp\/v2\/media\/50178"}],"wp:attachment":[{"href":"https:\/\/wizardly-davinci.82-223-8-23.plesk.page\/en\/wp-json\/wp\/v2\/media?parent=53003"}],"wp:term":[{"taxonomy":"product_cat","embeddable":true,"href":"https:\/\/wizardly-davinci.82-223-8-23.plesk.page\/en\/wp-json\/wp\/v2\/product_cat?post=53003"},{"taxonomy":"product_tag","embeddable":true,"href":"https:\/\/wizardly-davinci.82-223-8-23.plesk.page\/en\/wp-json\/wp\/v2\/product_tag?post=53003"},{"taxonomy":"edicion","embeddable":true,"href":"https:\/\/wizardly-davinci.82-223-8-23.plesk.page\/en\/wp-json\/wp\/v2\/edicion?post=53003"},{"taxonomy":"editoriales","embeddable":true,"href":"https:\/\/wizardly-davinci.82-223-8-23.plesk.page\/en\/wp-json\/wp\/v2\/editoriales?post=53003"},{"taxonomy":"tienda","embeddable":true,"href":"https:\/\/wizardly-davinci.82-223-8-23.plesk.page\/en\/wp-json\/wp\/v2\/tienda?post=53003"},{"taxonomy":"autor_id","embeddable":true,"href":"https:\/\/wizardly-davinci.82-223-8-23.plesk.page\/en\/wp-json\/wp\/v2\/autor_id?post=53003"},{"taxonomy":"universidades_coeditoras","embeddable":true,"href":"https:\/\/wizardly-davinci.82-223-8-23.plesk.page\/en\/wp-json\/wp\/v2\/universidades_coeditoras?post=53003"},{"taxonomy":"palabras_clave","embeddable":true,"href":"https:\/\/wizardly-davinci.82-223-8-23.plesk.page\/en\/wp-json\/wp\/v2\/palabras_clave?post=53003"},{"taxonomy":"listado_alfabetico","embeddable":true,"href":"https:\/\/wizardly-davinci.82-223-8-23.plesk.page\/en\/wp-json\/wp\/v2\/listado_alfabetico?post=53003"}],"curies":[{"name":"wp","href":"https:\/\/api.w.org\/{rel}","templated":true}]}}