{"id":53005,"date":"2021-12-01T19:18:28","date_gmt":"2021-12-01T18:18:28","guid":{"rendered":"https:\/\/octaedro.com\/libro\/espanol-para-robotica-espanol-para-fines-especificos-en-la-era-de-la-informacion-y-de-la-comunicacion\/"},"modified":"2023-02-22T13:37:34","modified_gmt":"2023-02-22T12:37:34","slug":"redefinir-la-ensenanza-aprendizaje-del-espanol-le-l2-16332-14-2","status":"publish","type":"product","link":"https:\/\/wizardly-davinci.82-223-8-23.plesk.page\/en\/producto\/redefinir-la-ensenanza-aprendizaje-del-espanol-le-l2-16332-14-2\/","title":{"rendered":"Espa\u00f1ol para rob\u00f3tica: espa\u00f1ol para fines espec\u00edficos en la era de la informaci\u00f3n y de la comunicaci\u00f3n"},"content":{"rendered":"","protected":false},"excerpt":{"rendered":"<p>El espa\u00f1ol para fines espec\u00edficos (EFE) cada vez abarca nuevos campos de estudio y ya no solo se circunscribe al \u00e1mbito de los negocios, al sanitario, al jur\u00eddico o al del turismo, sino que, debido a la transformaci\u00f3n de la sociedad y a la demanda de diversificaci\u00f3n de la inserci\u00f3n profesional, que progresivamente est\u00e1 m\u00e1s ligada a las nuevas tecnolog\u00edas y a la innovaci\u00f3n, es necesaria la creaci\u00f3n de nuevos \u00e1mbitos de estudio, como, por ejemplo el espa\u00f1ol para rob\u00f3tica.<br \/>\nVarias universidades han a\u00f1adido a su oferta acad\u00e9mica nuevos m\u00e1steres tanto de rob\u00f3tica avanzada como de rob\u00f3tica submarina, lo que crea la necesidad de que el profesorado de lenguas deba dise\u00f1ar nuevos materiales teniendo en cuenta el \u00e1mbito de estudio y la innovaci\u00f3n educativa que suponen unos t\u00edtulos superiores de estas caracter\u00edsticas.<br \/>\nEl \u00e1mbito de la rob\u00f3tica no est\u00e1 solo en estudios universitarios, sino que tambi\u00e9n se usa en primaria y secundaria en aprendizaje integrado de contenidos y lenguas extranjeras (AICLE).<\/p>\n","protected":false},"featured_media":50174,"comment_status":"open","ping_status":"closed","template":"","meta":{"_et_pb_use_builder":"","_et_pb_old_content":"","_et_gb_content_width":""},"product_cat":[11913],"product_tag":[11884],"edicion":[12178],"editoriales":[11867],"tienda":[],"autor_id":[19188],"universidades_coeditoras":[],"palabras_clave":[19193,19192,19183,19191,19190],"listado_alfabetico":[],"acf":[],"_links":{"self":[{"href":"https:\/\/wizardly-davinci.82-223-8-23.plesk.page\/en\/wp-json\/wp\/v2\/product\/53005"}],"collection":[{"href":"https:\/\/wizardly-davinci.82-223-8-23.plesk.page\/en\/wp-json\/wp\/v2\/product"}],"about":[{"href":"https:\/\/wizardly-davinci.82-223-8-23.plesk.page\/en\/wp-json\/wp\/v2\/types\/product"}],"replies":[{"embeddable":true,"href":"https:\/\/wizardly-davinci.82-223-8-23.plesk.page\/en\/wp-json\/wp\/v2\/comments?post=53005"}],"wp:featuredmedia":[{"embeddable":true,"href":"https:\/\/wizardly-davinci.82-223-8-23.plesk.page\/en\/wp-json\/wp\/v2\/media\/50174"}],"wp:attachment":[{"href":"https:\/\/wizardly-davinci.82-223-8-23.plesk.page\/en\/wp-json\/wp\/v2\/media?parent=53005"}],"wp:term":[{"taxonomy":"product_cat","embeddable":true,"href":"https:\/\/wizardly-davinci.82-223-8-23.plesk.page\/en\/wp-json\/wp\/v2\/product_cat?post=53005"},{"taxonomy":"product_tag","embeddable":true,"href":"https:\/\/wizardly-davinci.82-223-8-23.plesk.page\/en\/wp-json\/wp\/v2\/product_tag?post=53005"},{"taxonomy":"edicion","embeddable":true,"href":"https:\/\/wizardly-davinci.82-223-8-23.plesk.page\/en\/wp-json\/wp\/v2\/edicion?post=53005"},{"taxonomy":"editoriales","embeddable":true,"href":"https:\/\/wizardly-davinci.82-223-8-23.plesk.page\/en\/wp-json\/wp\/v2\/editoriales?post=53005"},{"taxonomy":"tienda","embeddable":true,"href":"https:\/\/wizardly-davinci.82-223-8-23.plesk.page\/en\/wp-json\/wp\/v2\/tienda?post=53005"},{"taxonomy":"autor_id","embeddable":true,"href":"https:\/\/wizardly-davinci.82-223-8-23.plesk.page\/en\/wp-json\/wp\/v2\/autor_id?post=53005"},{"taxonomy":"universidades_coeditoras","embeddable":true,"href":"https:\/\/wizardly-davinci.82-223-8-23.plesk.page\/en\/wp-json\/wp\/v2\/universidades_coeditoras?post=53005"},{"taxonomy":"palabras_clave","embeddable":true,"href":"https:\/\/wizardly-davinci.82-223-8-23.plesk.page\/en\/wp-json\/wp\/v2\/palabras_clave?post=53005"},{"taxonomy":"listado_alfabetico","embeddable":true,"href":"https:\/\/wizardly-davinci.82-223-8-23.plesk.page\/en\/wp-json\/wp\/v2\/listado_alfabetico?post=53005"}],"curies":[{"name":"wp","href":"https:\/\/api.w.org\/{rel}","templated":true}]}}