{"id":53006,"date":"2021-12-01T19:17:09","date_gmt":"2021-12-01T18:17:09","guid":{"rendered":"https:\/\/octaedro.com\/libro\/las-formas-de-tratamiento-en-espanol-vision-panoramica-y-sinoptica\/"},"modified":"2023-02-22T13:37:34","modified_gmt":"2023-02-22T12:37:34","slug":"redefinir-la-ensenanza-aprendizaje-del-espanol-le-l2-16332-13-2","status":"publish","type":"product","link":"https:\/\/wizardly-davinci.82-223-8-23.plesk.page\/en\/producto\/redefinir-la-ensenanza-aprendizaje-del-espanol-le-l2-16332-13-2\/","title":{"rendered":"Las formas de tratamiento en espa\u00f1ol: visi\u00f3n panor\u00e1mica y sin\u00f3ptica"},"content":{"rendered":"","protected":false},"excerpt":{"rendered":"<p>Para conseguir una mejora e innovaci\u00f3n en la ense\u00f1anza-aprendizaje del empleo de las formas de tratamiento del espa\u00f1ol, es necesario incorporar los resultados de los estudios descriptivos a la ense\u00f1anza, de manera que se adopten sin prejuicios sobre incorrecci\u00f3n, norma o modelo de lengua. La dualidad ustedes-vosotros\/as, as\u00ed como los sistemas dobles t\u00fa-usted, vos-usted y las combinaciones triples, tienen plena vigencia en el espa\u00f1ol actual, con una frecuencia y presencia desigual, por lo que es necesario conocer sus condiciones de uso. El prop\u00f3sito de este cap\u00edtulo es trazar una presentaci\u00f3n esquem\u00e1tica de los rasgos relevantes asociados a la variaci\u00f3n en el tratamiento, teniendo en cuenta tambi\u00e9n la diversidad geolectal.<\/p>\n","protected":false},"featured_media":50172,"comment_status":"open","ping_status":"closed","template":"","meta":{"_et_pb_use_builder":"","_et_pb_old_content":"","_et_gb_content_width":""},"product_cat":[11913],"product_tag":[11884],"edicion":[12178],"editoriales":[11867],"tienda":[],"autor_id":[19194],"universidades_coeditoras":[],"palabras_clave":[19196,19197,19198,19199,19200],"listado_alfabetico":[],"acf":[],"_links":{"self":[{"href":"https:\/\/wizardly-davinci.82-223-8-23.plesk.page\/en\/wp-json\/wp\/v2\/product\/53006"}],"collection":[{"href":"https:\/\/wizardly-davinci.82-223-8-23.plesk.page\/en\/wp-json\/wp\/v2\/product"}],"about":[{"href":"https:\/\/wizardly-davinci.82-223-8-23.plesk.page\/en\/wp-json\/wp\/v2\/types\/product"}],"replies":[{"embeddable":true,"href":"https:\/\/wizardly-davinci.82-223-8-23.plesk.page\/en\/wp-json\/wp\/v2\/comments?post=53006"}],"wp:featuredmedia":[{"embeddable":true,"href":"https:\/\/wizardly-davinci.82-223-8-23.plesk.page\/en\/wp-json\/wp\/v2\/media\/50172"}],"wp:attachment":[{"href":"https:\/\/wizardly-davinci.82-223-8-23.plesk.page\/en\/wp-json\/wp\/v2\/media?parent=53006"}],"wp:term":[{"taxonomy":"product_cat","embeddable":true,"href":"https:\/\/wizardly-davinci.82-223-8-23.plesk.page\/en\/wp-json\/wp\/v2\/product_cat?post=53006"},{"taxonomy":"product_tag","embeddable":true,"href":"https:\/\/wizardly-davinci.82-223-8-23.plesk.page\/en\/wp-json\/wp\/v2\/product_tag?post=53006"},{"taxonomy":"edicion","embeddable":true,"href":"https:\/\/wizardly-davinci.82-223-8-23.plesk.page\/en\/wp-json\/wp\/v2\/edicion?post=53006"},{"taxonomy":"editoriales","embeddable":true,"href":"https:\/\/wizardly-davinci.82-223-8-23.plesk.page\/en\/wp-json\/wp\/v2\/editoriales?post=53006"},{"taxonomy":"tienda","embeddable":true,"href":"https:\/\/wizardly-davinci.82-223-8-23.plesk.page\/en\/wp-json\/wp\/v2\/tienda?post=53006"},{"taxonomy":"autor_id","embeddable":true,"href":"https:\/\/wizardly-davinci.82-223-8-23.plesk.page\/en\/wp-json\/wp\/v2\/autor_id?post=53006"},{"taxonomy":"universidades_coeditoras","embeddable":true,"href":"https:\/\/wizardly-davinci.82-223-8-23.plesk.page\/en\/wp-json\/wp\/v2\/universidades_coeditoras?post=53006"},{"taxonomy":"palabras_clave","embeddable":true,"href":"https:\/\/wizardly-davinci.82-223-8-23.plesk.page\/en\/wp-json\/wp\/v2\/palabras_clave?post=53006"},{"taxonomy":"listado_alfabetico","embeddable":true,"href":"https:\/\/wizardly-davinci.82-223-8-23.plesk.page\/en\/wp-json\/wp\/v2\/listado_alfabetico?post=53006"}],"curies":[{"name":"wp","href":"https:\/\/api.w.org\/{rel}","templated":true}]}}