{"id":53009,"date":"2021-12-01T19:14:41","date_gmt":"2021-12-01T18:14:41","guid":{"rendered":"https:\/\/octaedro.com\/libro\/el-mundo-hispanohablante-en-textos-reflexiones-sobre-la-lectura-y-propuestas-para-un-enfoque-pluricentrico\/"},"modified":"2023-02-22T13:37:34","modified_gmt":"2023-02-22T12:37:34","slug":"redefinir-la-ensenanza-aprendizaje-del-espanol-le-l2-16332-10-2","status":"publish","type":"product","link":"https:\/\/wizardly-davinci.82-223-8-23.plesk.page\/en\/producto\/redefinir-la-ensenanza-aprendizaje-del-espanol-le-l2-16332-10-2\/","title":{"rendered":"El mundo hispanohablante en textos: reflexiones sobre la lectura y propuestas para un enfoque pluric\u00e9ntrico"},"content":{"rendered":"","protected":false},"excerpt":{"rendered":"<p>Este cap\u00edtulo propone respuestas a la pregunta: \u00bfc\u00f3mo podemos hacer del manual de lengua extranjera una herramienta relevante y efectiva? Comienza explorando el potencial y la relevancia de la lectura en procesos de ense\u00f1anza-\u00adaprendizaje de LE\/L2. En un contexto de exposici\u00f3n a la lengua meta como el actual, con las ventajas que ofrecen las TIC, necesitamos entender qu\u00e9 puede aportar la lectura de textos escritos al discente.<br \/>\nA continuaci\u00f3n, se abordan los criterios de selecci\u00f3n de textos para la clase de espa\u00f1ol LE\/L2 y se aboga por un enfoque pluric\u00e9ntrico; en otras palabras, por incorporar la diversidad ling\u00fc\u00edstica y cultural del espa\u00f1ol. Esta pluralidad parte del reconocimiento de que, tras cualquier selecci\u00f3n de materiales, hay una premisa ideol\u00f3gica. Solo siendo conscientes y transparentes acerca de los criterios que gu\u00edan nuestra pr\u00e1ctica podemos hacer de nuestra labor educativa una tarea verdaderamente emancipadora.<\/p>\n","protected":false},"featured_media":50166,"comment_status":"open","ping_status":"closed","template":"","meta":{"_et_pb_use_builder":"","_et_pb_old_content":"","_et_gb_content_width":""},"product_cat":[11913],"product_tag":[11884],"edicion":[12178],"editoriales":[11867],"tienda":[],"autor_id":[19216],"universidades_coeditoras":[],"palabras_clave":[19221,19218,19219,19220,19222],"listado_alfabetico":[],"acf":[],"_links":{"self":[{"href":"https:\/\/wizardly-davinci.82-223-8-23.plesk.page\/en\/wp-json\/wp\/v2\/product\/53009"}],"collection":[{"href":"https:\/\/wizardly-davinci.82-223-8-23.plesk.page\/en\/wp-json\/wp\/v2\/product"}],"about":[{"href":"https:\/\/wizardly-davinci.82-223-8-23.plesk.page\/en\/wp-json\/wp\/v2\/types\/product"}],"replies":[{"embeddable":true,"href":"https:\/\/wizardly-davinci.82-223-8-23.plesk.page\/en\/wp-json\/wp\/v2\/comments?post=53009"}],"wp:featuredmedia":[{"embeddable":true,"href":"https:\/\/wizardly-davinci.82-223-8-23.plesk.page\/en\/wp-json\/wp\/v2\/media\/50166"}],"wp:attachment":[{"href":"https:\/\/wizardly-davinci.82-223-8-23.plesk.page\/en\/wp-json\/wp\/v2\/media?parent=53009"}],"wp:term":[{"taxonomy":"product_cat","embeddable":true,"href":"https:\/\/wizardly-davinci.82-223-8-23.plesk.page\/en\/wp-json\/wp\/v2\/product_cat?post=53009"},{"taxonomy":"product_tag","embeddable":true,"href":"https:\/\/wizardly-davinci.82-223-8-23.plesk.page\/en\/wp-json\/wp\/v2\/product_tag?post=53009"},{"taxonomy":"edicion","embeddable":true,"href":"https:\/\/wizardly-davinci.82-223-8-23.plesk.page\/en\/wp-json\/wp\/v2\/edicion?post=53009"},{"taxonomy":"editoriales","embeddable":true,"href":"https:\/\/wizardly-davinci.82-223-8-23.plesk.page\/en\/wp-json\/wp\/v2\/editoriales?post=53009"},{"taxonomy":"tienda","embeddable":true,"href":"https:\/\/wizardly-davinci.82-223-8-23.plesk.page\/en\/wp-json\/wp\/v2\/tienda?post=53009"},{"taxonomy":"autor_id","embeddable":true,"href":"https:\/\/wizardly-davinci.82-223-8-23.plesk.page\/en\/wp-json\/wp\/v2\/autor_id?post=53009"},{"taxonomy":"universidades_coeditoras","embeddable":true,"href":"https:\/\/wizardly-davinci.82-223-8-23.plesk.page\/en\/wp-json\/wp\/v2\/universidades_coeditoras?post=53009"},{"taxonomy":"palabras_clave","embeddable":true,"href":"https:\/\/wizardly-davinci.82-223-8-23.plesk.page\/en\/wp-json\/wp\/v2\/palabras_clave?post=53009"},{"taxonomy":"listado_alfabetico","embeddable":true,"href":"https:\/\/wizardly-davinci.82-223-8-23.plesk.page\/en\/wp-json\/wp\/v2\/listado_alfabetico?post=53009"}],"curies":[{"name":"wp","href":"https:\/\/api.w.org\/{rel}","templated":true}]}}