{"id":53010,"date":"2021-12-01T19:13:57","date_gmt":"2021-12-01T18:13:57","guid":{"rendered":"https:\/\/octaedro.com\/libro\/maneras-innovadoras-de-leer-en-voz-alta-en-clase-de-espanol-le-l2\/"},"modified":"2023-02-22T13:37:34","modified_gmt":"2023-02-22T12:37:34","slug":"redefinir-la-ensenanza-aprendizaje-del-espanol-le-l2-16332-09-2","status":"publish","type":"product","link":"https:\/\/wizardly-davinci.82-223-8-23.plesk.page\/en\/producto\/redefinir-la-ensenanza-aprendizaje-del-espanol-le-l2-16332-09-2\/","title":{"rendered":"Maneras innovadoras de leer (en voz alta) en clase de espa\u00f1ol LE\/L2"},"content":{"rendered":"","protected":false},"excerpt":{"rendered":"<p>Uno de los mayores retos educativos de nuestros d\u00edas sigue siendo que las personas desarrollen el mayor n\u00famero posible de competencias digitales b\u00e1sicas posibles, con independencia de qu\u00e9 estudien. La ense\u00f1anza-aprendizaje de idiomas (en este caso de espa\u00f1ol LE\/L2 con adultos) no puede gestionarse al margen de esos retos. Tomando esta realidad digital como punto de partida, este cap\u00edtulo propone una serie de propuestas did\u00e1cticas clave para la innovaci\u00f3n educativa a trav\u00e9s, sobre todo, de las TIC, para hacer que la lectura en voz alta sea algo m\u00e1s creativo, pr\u00e1ctico, digital, inclusivo, interactivo y colaborativo. Simult\u00e1neamente, se analizan los estereotipos del pasado contra la lectura en voz alta en LE\/L2 y que, hoy en d\u00eda, seg\u00fan las propuestas did\u00e1cticas aqu\u00ed presentadas, ya no tienen raz\u00f3n de ser.<\/p>\n","protected":false},"featured_media":50164,"comment_status":"open","ping_status":"closed","template":"","meta":{"_et_pb_use_builder":"","_et_pb_old_content":"","_et_gb_content_width":""},"product_cat":[11913],"product_tag":[11884],"edicion":[12178],"editoriales":[11867],"tienda":[],"autor_id":[19224],"universidades_coeditoras":[],"palabras_clave":[19225,11718,19174,19226,19227],"listado_alfabetico":[],"acf":[],"_links":{"self":[{"href":"https:\/\/wizardly-davinci.82-223-8-23.plesk.page\/en\/wp-json\/wp\/v2\/product\/53010"}],"collection":[{"href":"https:\/\/wizardly-davinci.82-223-8-23.plesk.page\/en\/wp-json\/wp\/v2\/product"}],"about":[{"href":"https:\/\/wizardly-davinci.82-223-8-23.plesk.page\/en\/wp-json\/wp\/v2\/types\/product"}],"replies":[{"embeddable":true,"href":"https:\/\/wizardly-davinci.82-223-8-23.plesk.page\/en\/wp-json\/wp\/v2\/comments?post=53010"}],"wp:featuredmedia":[{"embeddable":true,"href":"https:\/\/wizardly-davinci.82-223-8-23.plesk.page\/en\/wp-json\/wp\/v2\/media\/50164"}],"wp:attachment":[{"href":"https:\/\/wizardly-davinci.82-223-8-23.plesk.page\/en\/wp-json\/wp\/v2\/media?parent=53010"}],"wp:term":[{"taxonomy":"product_cat","embeddable":true,"href":"https:\/\/wizardly-davinci.82-223-8-23.plesk.page\/en\/wp-json\/wp\/v2\/product_cat?post=53010"},{"taxonomy":"product_tag","embeddable":true,"href":"https:\/\/wizardly-davinci.82-223-8-23.plesk.page\/en\/wp-json\/wp\/v2\/product_tag?post=53010"},{"taxonomy":"edicion","embeddable":true,"href":"https:\/\/wizardly-davinci.82-223-8-23.plesk.page\/en\/wp-json\/wp\/v2\/edicion?post=53010"},{"taxonomy":"editoriales","embeddable":true,"href":"https:\/\/wizardly-davinci.82-223-8-23.plesk.page\/en\/wp-json\/wp\/v2\/editoriales?post=53010"},{"taxonomy":"tienda","embeddable":true,"href":"https:\/\/wizardly-davinci.82-223-8-23.plesk.page\/en\/wp-json\/wp\/v2\/tienda?post=53010"},{"taxonomy":"autor_id","embeddable":true,"href":"https:\/\/wizardly-davinci.82-223-8-23.plesk.page\/en\/wp-json\/wp\/v2\/autor_id?post=53010"},{"taxonomy":"universidades_coeditoras","embeddable":true,"href":"https:\/\/wizardly-davinci.82-223-8-23.plesk.page\/en\/wp-json\/wp\/v2\/universidades_coeditoras?post=53010"},{"taxonomy":"palabras_clave","embeddable":true,"href":"https:\/\/wizardly-davinci.82-223-8-23.plesk.page\/en\/wp-json\/wp\/v2\/palabras_clave?post=53010"},{"taxonomy":"listado_alfabetico","embeddable":true,"href":"https:\/\/wizardly-davinci.82-223-8-23.plesk.page\/en\/wp-json\/wp\/v2\/listado_alfabetico?post=53010"}],"curies":[{"name":"wp","href":"https:\/\/api.w.org\/{rel}","templated":true}]}}