{"id":53013,"date":"2021-12-01T19:11:49","date_gmt":"2021-12-01T18:11:49","guid":{"rendered":"https:\/\/octaedro.com\/libro\/practicas-pedagogicas-que-promueven-la-justicia-social-en-el-aula-de-espanol\/"},"modified":"2023-02-22T13:37:38","modified_gmt":"2023-02-22T12:37:38","slug":"redefinir-la-ensenanza-aprendizaje-del-espanol-le-l2-16332-07-2","status":"publish","type":"product","link":"https:\/\/wizardly-davinci.82-223-8-23.plesk.page\/en\/producto\/redefinir-la-ensenanza-aprendizaje-del-espanol-le-l2-16332-07-2\/","title":{"rendered":"Pr\u00e1cticas pedag\u00f3gicas que promueven la justicia social en el aula de espa\u00f1ol"},"content":{"rendered":"","protected":false},"excerpt":{"rendered":"<p>En este ensayo proponemos que un componente importante de los textos llamados aut\u00e9nticos para uso en el aula de ELE es aquel que ofrece temas que recogen voces diversas asociadas a la realidad social del entorno. Partiremos de la premisa de que la ense\u00f1anza del espa\u00f1ol comprometida con temas de justicia social tiene que estar conectada con cuestiones sociopol\u00edticas y culturales que los estudios ling\u00fc\u00edsticos ponen de relieve. El an\u00e1lisis cr\u00edtico del discurso y la teor\u00eda de socioling\u00fc\u00edstica cultural nos ofrecen una base te\u00f3rica para el trabajo sobre temas sociales complejos desde el punto de vista del uso de la lengua. As\u00ed mismo, la interacci\u00f3n de pedagog\u00edas de segundas lenguas, con la pedagog\u00eda cr\u00edtica y las pedagog\u00edas antirracistas y para la justicia social permiten dar forma a una ense\u00f1anza de espa\u00f1ol comprometida con la realidad y a un aprendizaje transformacional. En este trabajo se presentar\u00e1 y discutir\u00e1 un modelo de actividad enmarcada y desarrollada desde pr\u00e1cticas pedag\u00f3gicas que fomentan el trabajo de toma de conciencia sobre manifestaciones de (in)justicia social. Enfatizamos que el rol de la reflexi\u00f3n estructurada funciona como el espacio para la introspecci\u00f3n que le facilita al estudiante un aprendizaje transformacional. Para finalizar, se concluir\u00e1 este cap\u00edtulo con una presentaci\u00f3n de algunos principios b\u00e1sicos para la selecci\u00f3n de materiales y el dise\u00f1o de actividades did\u00e1cticas.<\/p>\n","protected":false},"featured_media":50160,"comment_status":"open","ping_status":"closed","template":"","meta":{"_et_pb_use_builder":"","_et_pb_old_content":"","_et_gb_content_width":""},"product_cat":[11913],"product_tag":[11884],"edicion":[12178],"editoriales":[11867],"tienda":[],"autor_id":[19240],"universidades_coeditoras":[],"palabras_clave":[19245,19246,19243,19242,19244],"listado_alfabetico":[],"acf":[],"_links":{"self":[{"href":"https:\/\/wizardly-davinci.82-223-8-23.plesk.page\/en\/wp-json\/wp\/v2\/product\/53013"}],"collection":[{"href":"https:\/\/wizardly-davinci.82-223-8-23.plesk.page\/en\/wp-json\/wp\/v2\/product"}],"about":[{"href":"https:\/\/wizardly-davinci.82-223-8-23.plesk.page\/en\/wp-json\/wp\/v2\/types\/product"}],"replies":[{"embeddable":true,"href":"https:\/\/wizardly-davinci.82-223-8-23.plesk.page\/en\/wp-json\/wp\/v2\/comments?post=53013"}],"wp:featuredmedia":[{"embeddable":true,"href":"https:\/\/wizardly-davinci.82-223-8-23.plesk.page\/en\/wp-json\/wp\/v2\/media\/50160"}],"wp:attachment":[{"href":"https:\/\/wizardly-davinci.82-223-8-23.plesk.page\/en\/wp-json\/wp\/v2\/media?parent=53013"}],"wp:term":[{"taxonomy":"product_cat","embeddable":true,"href":"https:\/\/wizardly-davinci.82-223-8-23.plesk.page\/en\/wp-json\/wp\/v2\/product_cat?post=53013"},{"taxonomy":"product_tag","embeddable":true,"href":"https:\/\/wizardly-davinci.82-223-8-23.plesk.page\/en\/wp-json\/wp\/v2\/product_tag?post=53013"},{"taxonomy":"edicion","embeddable":true,"href":"https:\/\/wizardly-davinci.82-223-8-23.plesk.page\/en\/wp-json\/wp\/v2\/edicion?post=53013"},{"taxonomy":"editoriales","embeddable":true,"href":"https:\/\/wizardly-davinci.82-223-8-23.plesk.page\/en\/wp-json\/wp\/v2\/editoriales?post=53013"},{"taxonomy":"tienda","embeddable":true,"href":"https:\/\/wizardly-davinci.82-223-8-23.plesk.page\/en\/wp-json\/wp\/v2\/tienda?post=53013"},{"taxonomy":"autor_id","embeddable":true,"href":"https:\/\/wizardly-davinci.82-223-8-23.plesk.page\/en\/wp-json\/wp\/v2\/autor_id?post=53013"},{"taxonomy":"universidades_coeditoras","embeddable":true,"href":"https:\/\/wizardly-davinci.82-223-8-23.plesk.page\/en\/wp-json\/wp\/v2\/universidades_coeditoras?post=53013"},{"taxonomy":"palabras_clave","embeddable":true,"href":"https:\/\/wizardly-davinci.82-223-8-23.plesk.page\/en\/wp-json\/wp\/v2\/palabras_clave?post=53013"},{"taxonomy":"listado_alfabetico","embeddable":true,"href":"https:\/\/wizardly-davinci.82-223-8-23.plesk.page\/en\/wp-json\/wp\/v2\/listado_alfabetico?post=53013"}],"curies":[{"name":"wp","href":"https:\/\/api.w.org\/{rel}","templated":true}]}}