{"id":53019,"date":"2021-12-01T17:39:41","date_gmt":"2021-12-01T16:39:41","guid":{"rendered":"https:\/\/octaedro.com\/libro\/perspectivas-del-profesor-digital\/"},"modified":"2023-02-22T13:37:39","modified_gmt":"2023-02-22T12:37:39","slug":"redefinir-la-ensenanza-aprendizaje-del-espanol-le-l2-16332-01-2","status":"publish","type":"product","link":"https:\/\/wizardly-davinci.82-223-8-23.plesk.page\/en\/producto\/redefinir-la-ensenanza-aprendizaje-del-espanol-le-l2-16332-01-2\/","title":{"rendered":"Perspectivas del profesor digital"},"content":{"rendered":"","protected":false},"excerpt":{"rendered":"<p>La crisis creada por la irrupci\u00f3n de la COVID-19 en el mundo, ha provocado que m\u00faltiples \u00e1mbitos econ\u00f3micos, sociales y laborales se vean revolucionados por el cambio de h\u00e1bitos que hemos tenido que asumir como sociedad. En este sentido, tambi\u00e9n el mundo laboral del profesorado de ELE se ha visto afectado por la pandemia y nos ha forzado a reinventarnos y a abordar nuevos retos y oportunidades profesionales.<br \/>\nDesde el punto de vista de la docencia, la tecnolog\u00eda ha entrado de pleno en nuestras clases, llev\u00e1ndonos a cuestionar aspectos que hasta este momento no hab\u00edamos tenido que abordar. El profesor tiene que demostrar ahora su nivel de competencia digital docente \u2013\u200crecogida en la resoluci\u00f3n de 2 de julio de 2020, de la Direcci\u00f3n General de Evaluaci\u00f3n y Cooperaci\u00f3n Territorial, por la que se public\u00f3 el Acuerdo de la Conferencia Sectorial de Educaci\u00f3n sobre el marco de referencia de la competencia digital docente en el BOE\u2013 y aprender a gestionar la tecnolog\u00eda con una metodolog\u00eda adecuada a las circunstancias.<br \/>\nAs\u00ed, el uso de herramientas y plataformas tecnol\u00f3gicas no debe ser visto como un enemigo de las clases de espa\u00f1ol, sino como un apoyo a la gesti\u00f3n del aula, tanto en lo referente a la metodolog\u00eda como a los aspectos emocionales y afectivos de los estudiantes y de los docentes, a pesar de la distancia que imponen las pantallas.<br \/>\nAsimismo, el desaf\u00edo que nos ha planteado esta situaci\u00f3n ha sido el punto de partida hacia un giro sin retorno de los profesionales en ELE. Se perfila ahora un nuevo docente digital que encuentra nuevos horizontes en la virtualidad. Aunque la docencia siga siendo el centro de su actividad, la profesi\u00f3n se hace un hueco en la creaci\u00f3n de materiales digitales, en la divulgaci\u00f3n del espa\u00f1ol y en la colaboraci\u00f3n entre el profesorado a trav\u00e9s de repositorios de actividades docentes y de v\u00eddeos de formaci\u00f3n.<br \/>\nEn este cap\u00edtulo presentaremos la evoluci\u00f3n del docente actual, las dificultades que se presentan, pero, sobre todo, las oportunidades que nos ha ofrecido esta situaci\u00f3n an\u00f3mala en la que el mundo se ha encontrado, un profesor tecnol\u00f3gico capaz de encontrar luz en la oscuridad.<\/p>\n","protected":false},"featured_media":50147,"comment_status":"open","ping_status":"closed","template":"","meta":{"_et_pb_use_builder":"","_et_pb_old_content":"","_et_gb_content_width":""},"product_cat":[11913],"product_tag":[11884],"edicion":[12178],"editoriales":[11867],"tienda":[],"autor_id":[19260],"universidades_coeditoras":[],"palabras_clave":[19286,19284,19285,19282,19283],"listado_alfabetico":[],"acf":[],"_links":{"self":[{"href":"https:\/\/wizardly-davinci.82-223-8-23.plesk.page\/en\/wp-json\/wp\/v2\/product\/53019"}],"collection":[{"href":"https:\/\/wizardly-davinci.82-223-8-23.plesk.page\/en\/wp-json\/wp\/v2\/product"}],"about":[{"href":"https:\/\/wizardly-davinci.82-223-8-23.plesk.page\/en\/wp-json\/wp\/v2\/types\/product"}],"replies":[{"embeddable":true,"href":"https:\/\/wizardly-davinci.82-223-8-23.plesk.page\/en\/wp-json\/wp\/v2\/comments?post=53019"}],"wp:featuredmedia":[{"embeddable":true,"href":"https:\/\/wizardly-davinci.82-223-8-23.plesk.page\/en\/wp-json\/wp\/v2\/media\/50147"}],"wp:attachment":[{"href":"https:\/\/wizardly-davinci.82-223-8-23.plesk.page\/en\/wp-json\/wp\/v2\/media?parent=53019"}],"wp:term":[{"taxonomy":"product_cat","embeddable":true,"href":"https:\/\/wizardly-davinci.82-223-8-23.plesk.page\/en\/wp-json\/wp\/v2\/product_cat?post=53019"},{"taxonomy":"product_tag","embeddable":true,"href":"https:\/\/wizardly-davinci.82-223-8-23.plesk.page\/en\/wp-json\/wp\/v2\/product_tag?post=53019"},{"taxonomy":"edicion","embeddable":true,"href":"https:\/\/wizardly-davinci.82-223-8-23.plesk.page\/en\/wp-json\/wp\/v2\/edicion?post=53019"},{"taxonomy":"editoriales","embeddable":true,"href":"https:\/\/wizardly-davinci.82-223-8-23.plesk.page\/en\/wp-json\/wp\/v2\/editoriales?post=53019"},{"taxonomy":"tienda","embeddable":true,"href":"https:\/\/wizardly-davinci.82-223-8-23.plesk.page\/en\/wp-json\/wp\/v2\/tienda?post=53019"},{"taxonomy":"autor_id","embeddable":true,"href":"https:\/\/wizardly-davinci.82-223-8-23.plesk.page\/en\/wp-json\/wp\/v2\/autor_id?post=53019"},{"taxonomy":"universidades_coeditoras","embeddable":true,"href":"https:\/\/wizardly-davinci.82-223-8-23.plesk.page\/en\/wp-json\/wp\/v2\/universidades_coeditoras?post=53019"},{"taxonomy":"palabras_clave","embeddable":true,"href":"https:\/\/wizardly-davinci.82-223-8-23.plesk.page\/en\/wp-json\/wp\/v2\/palabras_clave?post=53019"},{"taxonomy":"listado_alfabetico","embeddable":true,"href":"https:\/\/wizardly-davinci.82-223-8-23.plesk.page\/en\/wp-json\/wp\/v2\/listado_alfabetico?post=53019"}],"curies":[{"name":"wp","href":"https:\/\/api.w.org\/{rel}","templated":true}]}}