{"id":53020,"date":"2021-12-14T19:12:10","date_gmt":"2021-12-14T18:12:10","guid":{"rendered":"https:\/\/octaedro.com\/libro\/ecologias-del-aprendizaje-en-la-educacion-para-el-desarrollo-sostenible\/"},"modified":"2023-03-08T12:19:57","modified_gmt":"2023-03-08T11:19:57","slug":"ecologias-del-aprendizaje-en-la-educacion-para-el-desarrollo-sostenible-2","status":"publish","type":"product","link":"https:\/\/wizardly-davinci.82-223-8-23.plesk.page\/en\/producto\/ecologias-del-aprendizaje-en-la-educacion-para-el-desarrollo-sostenible-2\/","title":{"rendered":"Ecolog\u00edas del aprendizaje en la educaci\u00f3n para el desarrollo sostenible"},"content":{"rendered":"","protected":false},"excerpt":{"rendered":"<p>El aprendizaje escolar pasa por un proceso de innovaci\u00f3n constante con la llegada de las tecnolog\u00edas duras (lo tangible) y blandas (lo intangible). Se diversifican los ambientes de aprendizaje, lo cual permite la renovaci\u00f3n de los aprendizajes presenciales y la apertura de los aprendizajes virtuales e h\u00edbridos. Las relaciones y formas de aprender se trastocan, al integrar innovaciones incrementales y radicales en la educaci\u00f3n.<\/p>\n<p>La disrupci\u00f3n en los aprendizajes tambi\u00e9n comprende las intencionalidades en los fines educativos, al tiempo que se promueven aprendizajes activos, participativos y colaborativos orientados a la soluci\u00f3n de los problemas y desaf\u00edos personales, sociales, civilizatorios y planetarios. En este sentido, es impostergable impulsar el aprendizaje sostenible, para integrar en la educaci\u00f3n procesos creativos y responsables en la adquisici\u00f3n, asimilaci\u00f3n, acomodaci\u00f3n y transferencia que se requieren para atender los dilemas del conocimiento cient\u00edfico, human\u00edstico, art\u00edstico y tecnol\u00f3gico, de cara a lograr una vida sostenible frente al deterioro social y planetario.<\/p>\n<p>En este contexto se enmarca el aporte de esta obra. Presentamos un colectivo de investigadores y docentes, una propuesta de aprendizaje innovadora para el medio presencial, virtual e h\u00edbrido, que integra los ejes de las tecnolog\u00edas y de la sostenibilidad. El lector encontrar\u00e1 cinco ecolog\u00edas del aprendizaje: ecolog\u00eda del aprendizaje basada en problemas, ecolog\u00eda del aprendizaje basada en investigaci\u00f3n, ecolog\u00eda del aprendizaje basada en estudio de casos, ecolog\u00eda del aprendizaje basada en di\u00e1logo deliberativo y ecolog\u00eda del aprendizaje basada en retos.<\/p>\n","protected":false},"featured_media":50102,"comment_status":"open","ping_status":"closed","template":"","meta":{"_et_pb_use_builder":"","_et_pb_old_content":"","_et_gb_content_width":""},"product_cat":[11899,11859,11912,11907],"product_tag":[11892],"edicion":[12199,11865],"editoriales":[11867,14866],"tienda":[],"autor_id":[12456,19287],"universidades_coeditoras":[14884],"palabras_clave":[],"listado_alfabetico":[],"acf":[],"_links":{"self":[{"href":"https:\/\/wizardly-davinci.82-223-8-23.plesk.page\/en\/wp-json\/wp\/v2\/product\/53020"}],"collection":[{"href":"https:\/\/wizardly-davinci.82-223-8-23.plesk.page\/en\/wp-json\/wp\/v2\/product"}],"about":[{"href":"https:\/\/wizardly-davinci.82-223-8-23.plesk.page\/en\/wp-json\/wp\/v2\/types\/product"}],"replies":[{"embeddable":true,"href":"https:\/\/wizardly-davinci.82-223-8-23.plesk.page\/en\/wp-json\/wp\/v2\/comments?post=53020"}],"wp:featuredmedia":[{"embeddable":true,"href":"https:\/\/wizardly-davinci.82-223-8-23.plesk.page\/en\/wp-json\/wp\/v2\/media\/50102"}],"wp:attachment":[{"href":"https:\/\/wizardly-davinci.82-223-8-23.plesk.page\/en\/wp-json\/wp\/v2\/media?parent=53020"}],"wp:term":[{"taxonomy":"product_cat","embeddable":true,"href":"https:\/\/wizardly-davinci.82-223-8-23.plesk.page\/en\/wp-json\/wp\/v2\/product_cat?post=53020"},{"taxonomy":"product_tag","embeddable":true,"href":"https:\/\/wizardly-davinci.82-223-8-23.plesk.page\/en\/wp-json\/wp\/v2\/product_tag?post=53020"},{"taxonomy":"edicion","embeddable":true,"href":"https:\/\/wizardly-davinci.82-223-8-23.plesk.page\/en\/wp-json\/wp\/v2\/edicion?post=53020"},{"taxonomy":"editoriales","embeddable":true,"href":"https:\/\/wizardly-davinci.82-223-8-23.plesk.page\/en\/wp-json\/wp\/v2\/editoriales?post=53020"},{"taxonomy":"tienda","embeddable":true,"href":"https:\/\/wizardly-davinci.82-223-8-23.plesk.page\/en\/wp-json\/wp\/v2\/tienda?post=53020"},{"taxonomy":"autor_id","embeddable":true,"href":"https:\/\/wizardly-davinci.82-223-8-23.plesk.page\/en\/wp-json\/wp\/v2\/autor_id?post=53020"},{"taxonomy":"universidades_coeditoras","embeddable":true,"href":"https:\/\/wizardly-davinci.82-223-8-23.plesk.page\/en\/wp-json\/wp\/v2\/universidades_coeditoras?post=53020"},{"taxonomy":"palabras_clave","embeddable":true,"href":"https:\/\/wizardly-davinci.82-223-8-23.plesk.page\/en\/wp-json\/wp\/v2\/palabras_clave?post=53020"},{"taxonomy":"listado_alfabetico","embeddable":true,"href":"https:\/\/wizardly-davinci.82-223-8-23.plesk.page\/en\/wp-json\/wp\/v2\/listado_alfabetico?post=53020"}],"curies":[{"name":"wp","href":"https:\/\/api.w.org\/{rel}","templated":true}]}}