{"id":53021,"date":"2021-12-02T18:47:30","date_gmt":"2021-12-02T17:47:30","guid":{"rendered":"https:\/\/octaedro.com\/libro\/nuevos-pensamientos-nuevos-lenguajes-desde-la-perspectiva-de-genero-para-nuevas-realidades\/"},"modified":"2023-02-22T13:37:39","modified_gmt":"2023-02-22T12:37:39","slug":"nuevos-pensamientos-nuevos-lenguajes-desde-la-perspectiva-de-genero-para-nuevas-realidades-2","status":"publish","type":"product","link":"https:\/\/wizardly-davinci.82-223-8-23.plesk.page\/en\/producto\/nuevos-pensamientos-nuevos-lenguajes-desde-la-perspectiva-de-genero-para-nuevas-realidades-2\/","title":{"rendered":"Nuevos pensamientos, nuevos lenguajes desde la perspectiva de g\u00e9nero para nuevas realidades"},"content":{"rendered":"","protected":false},"excerpt":{"rendered":"<p>La sociedad del siglo XXI es compleja y cambiante, y esto exige a la ciudadan\u00eda una adaptaci\u00f3n permanente a dichos cambios que, sin lugar a duda, afecta tambi\u00e9n la evoluci\u00f3n del lenguaje, pues nadie pone cuestiona que el lenguaje est\u00e1 vivo; de no estarlo, seguir\u00edamos hablando en lat\u00edn. Surgen nuevas realidades, nuevos fen\u00f3menos que deben ser nombrados, ya que lo que no se nombra no existe. El lenguaje construye la realidad, modifica nuestros pensamientos y, por tanto, modula nuestras acciones. As\u00ed, utilizar un lenguaje inclusivo contribuye a construir una sociedad m\u00e1s inclusiva, del mismo modo que utilizar un lenguaje sexista contribuye a construir una realidad m\u00e1s sexista y m\u00e1s machista. De ah\u00ed que el uso del lenguaje inclusivo sea el reflejo de una sociedad m\u00e1s respetuosa.<\/p>\n<p>En este libro se relata una experiencia llevada a cabo con alumnado universitario por parte de un grupo de personas concienciadas y sensibilizadas en la apuesta por un lenguaje que no oculte a m\u00e1s de la mitad de la poblaci\u00f3n mundial, un lenguaje que no subordine a nadie, que no infravalore a las personas por raz\u00f3n de g\u00e9nero, que no excluya y que no quite la palabra a nadie, porque consideramos que la lengua espa\u00f1ola dispone de recursos suficientes para que, sin apartarse de las normas que rigen su funcionamiento, pueda no solo reflejar un derecho humano como es la igualdad, sino tambi\u00e9n reforzarla.<\/p>\n","protected":false},"featured_media":50003,"comment_status":"open","ping_status":"closed","template":"","meta":{"_et_pb_use_builder":"","_et_pb_old_content":"","_et_gb_content_width":""},"product_cat":[11899,11913],"product_tag":[11890],"edicion":[12178],"editoriales":[11867],"tienda":[],"autor_id":[19297,19295,19289,19311,19307,19303,16472,19301,19299,16476,19305,19292,19293],"universidades_coeditoras":[],"palabras_clave":[],"listado_alfabetico":[],"acf":[],"_links":{"self":[{"href":"https:\/\/wizardly-davinci.82-223-8-23.plesk.page\/en\/wp-json\/wp\/v2\/product\/53021"}],"collection":[{"href":"https:\/\/wizardly-davinci.82-223-8-23.plesk.page\/en\/wp-json\/wp\/v2\/product"}],"about":[{"href":"https:\/\/wizardly-davinci.82-223-8-23.plesk.page\/en\/wp-json\/wp\/v2\/types\/product"}],"replies":[{"embeddable":true,"href":"https:\/\/wizardly-davinci.82-223-8-23.plesk.page\/en\/wp-json\/wp\/v2\/comments?post=53021"}],"wp:featuredmedia":[{"embeddable":true,"href":"https:\/\/wizardly-davinci.82-223-8-23.plesk.page\/en\/wp-json\/wp\/v2\/media\/50003"}],"wp:attachment":[{"href":"https:\/\/wizardly-davinci.82-223-8-23.plesk.page\/en\/wp-json\/wp\/v2\/media?parent=53021"}],"wp:term":[{"taxonomy":"product_cat","embeddable":true,"href":"https:\/\/wizardly-davinci.82-223-8-23.plesk.page\/en\/wp-json\/wp\/v2\/product_cat?post=53021"},{"taxonomy":"product_tag","embeddable":true,"href":"https:\/\/wizardly-davinci.82-223-8-23.plesk.page\/en\/wp-json\/wp\/v2\/product_tag?post=53021"},{"taxonomy":"edicion","embeddable":true,"href":"https:\/\/wizardly-davinci.82-223-8-23.plesk.page\/en\/wp-json\/wp\/v2\/edicion?post=53021"},{"taxonomy":"editoriales","embeddable":true,"href":"https:\/\/wizardly-davinci.82-223-8-23.plesk.page\/en\/wp-json\/wp\/v2\/editoriales?post=53021"},{"taxonomy":"tienda","embeddable":true,"href":"https:\/\/wizardly-davinci.82-223-8-23.plesk.page\/en\/wp-json\/wp\/v2\/tienda?post=53021"},{"taxonomy":"autor_id","embeddable":true,"href":"https:\/\/wizardly-davinci.82-223-8-23.plesk.page\/en\/wp-json\/wp\/v2\/autor_id?post=53021"},{"taxonomy":"universidades_coeditoras","embeddable":true,"href":"https:\/\/wizardly-davinci.82-223-8-23.plesk.page\/en\/wp-json\/wp\/v2\/universidades_coeditoras?post=53021"},{"taxonomy":"palabras_clave","embeddable":true,"href":"https:\/\/wizardly-davinci.82-223-8-23.plesk.page\/en\/wp-json\/wp\/v2\/palabras_clave?post=53021"},{"taxonomy":"listado_alfabetico","embeddable":true,"href":"https:\/\/wizardly-davinci.82-223-8-23.plesk.page\/en\/wp-json\/wp\/v2\/listado_alfabetico?post=53021"}],"curies":[{"name":"wp","href":"https:\/\/api.w.org\/{rel}","templated":true}]}}