{"id":53022,"date":"2021-11-24T16:48:51","date_gmt":"2021-11-24T15:48:51","guid":{"rendered":"https:\/\/octaedro.com\/libro\/educacion-y-sostenibilidad-claves-para-formar-a-la-generacion-del-futuro\/"},"modified":"2023-02-22T13:37:39","modified_gmt":"2023-02-22T12:37:39","slug":"educacion-y-sostenibilidad-claves-para-formar-a-la-generacion-del-futuro-2","status":"publish","type":"product","link":"https:\/\/wizardly-davinci.82-223-8-23.plesk.page\/en\/producto\/educacion-y-sostenibilidad-claves-para-formar-a-la-generacion-del-futuro-2\/","title":{"rendered":"Educaci\u00f3n y sostenibilidad: claves para formar a la generaci\u00f3n del futuro"},"content":{"rendered":"","protected":false},"excerpt":{"rendered":"<p>La educaci\u00f3n es un derecho humano y una fuerza del desarrollo sostenible y de la paz. La Agenda 2030 de la Unesco para el desarrollo sostenible necesita la educaci\u00f3n para permitir que todas las personas adquieran los conocimientos, las competencias, las habilidades, los valores y las actitudes necesarios que les permitan vivir con dignidad, construir sus vidas y contribuir en sus sociedades, creando un mundo m\u00e1s justo, pac\u00edfico, tolerante, inclusivo, seguro y sostenible.<\/p>\n<p>Los desaf\u00edos de la educaci\u00f3n, pilar que promueve una mayor justicia social y cohesi\u00f3n entre la poblaci\u00f3n, son garantizar la inclusi\u00f3n e igualdad de calidad, as\u00ed como promover oportunidades de aprendizaje permanente, permitiendo la adquisici\u00f3n de conocimientos y habilidades que empoderen a las personas y mejoren sus vidas.<\/p>\n<p>La educaci\u00f3n para la sostenibilidad refleja la preocupaci\u00f3n por una educaci\u00f3n de elevada calidad, integral y transformativa que ata\u00f1e al contenido, al entorno, a los resultados del aprendizaje y a la pedagog\u00eda, y ayuda a las personas a entender lo que pasa (saber), a sentirse parte de la sociedad en la que viven (saber ser) y a conocer c\u00f3mo pueden participar en los procesos de desarrollo (saber hacer), desarrollando la capacidad de aprender a aprender.<\/p>\n<p>En la educaci\u00f3n sostenible el alumnado es el protagonista, con un aprendizaje orientado a la acci\u00f3n, que fomenta la creatividad y el trabajo colaborativo; caracter\u00edsticas que potencian la mejora continua. Las generaciones que hoy se educan en escuelas sostenibles son aquellas que liderar\u00e1n el mundo del ma\u00f1ana.<\/p>\n","protected":false},"featured_media":49948,"comment_status":"open","ping_status":"closed","template":"","meta":{"_et_pb_use_builder":"","_et_pb_old_content":"","_et_gb_content_width":""},"product_cat":[11899,11913],"product_tag":[11890],"edicion":[12178],"editoriales":[11867],"tienda":[],"autor_id":[19319,14420,19317,19316],"universidades_coeditoras":[],"palabras_clave":[],"listado_alfabetico":[],"acf":[],"_links":{"self":[{"href":"https:\/\/wizardly-davinci.82-223-8-23.plesk.page\/en\/wp-json\/wp\/v2\/product\/53022"}],"collection":[{"href":"https:\/\/wizardly-davinci.82-223-8-23.plesk.page\/en\/wp-json\/wp\/v2\/product"}],"about":[{"href":"https:\/\/wizardly-davinci.82-223-8-23.plesk.page\/en\/wp-json\/wp\/v2\/types\/product"}],"replies":[{"embeddable":true,"href":"https:\/\/wizardly-davinci.82-223-8-23.plesk.page\/en\/wp-json\/wp\/v2\/comments?post=53022"}],"wp:featuredmedia":[{"embeddable":true,"href":"https:\/\/wizardly-davinci.82-223-8-23.plesk.page\/en\/wp-json\/wp\/v2\/media\/49948"}],"wp:attachment":[{"href":"https:\/\/wizardly-davinci.82-223-8-23.plesk.page\/en\/wp-json\/wp\/v2\/media?parent=53022"}],"wp:term":[{"taxonomy":"product_cat","embeddable":true,"href":"https:\/\/wizardly-davinci.82-223-8-23.plesk.page\/en\/wp-json\/wp\/v2\/product_cat?post=53022"},{"taxonomy":"product_tag","embeddable":true,"href":"https:\/\/wizardly-davinci.82-223-8-23.plesk.page\/en\/wp-json\/wp\/v2\/product_tag?post=53022"},{"taxonomy":"edicion","embeddable":true,"href":"https:\/\/wizardly-davinci.82-223-8-23.plesk.page\/en\/wp-json\/wp\/v2\/edicion?post=53022"},{"taxonomy":"editoriales","embeddable":true,"href":"https:\/\/wizardly-davinci.82-223-8-23.plesk.page\/en\/wp-json\/wp\/v2\/editoriales?post=53022"},{"taxonomy":"tienda","embeddable":true,"href":"https:\/\/wizardly-davinci.82-223-8-23.plesk.page\/en\/wp-json\/wp\/v2\/tienda?post=53022"},{"taxonomy":"autor_id","embeddable":true,"href":"https:\/\/wizardly-davinci.82-223-8-23.plesk.page\/en\/wp-json\/wp\/v2\/autor_id?post=53022"},{"taxonomy":"universidades_coeditoras","embeddable":true,"href":"https:\/\/wizardly-davinci.82-223-8-23.plesk.page\/en\/wp-json\/wp\/v2\/universidades_coeditoras?post=53022"},{"taxonomy":"palabras_clave","embeddable":true,"href":"https:\/\/wizardly-davinci.82-223-8-23.plesk.page\/en\/wp-json\/wp\/v2\/palabras_clave?post=53022"},{"taxonomy":"listado_alfabetico","embeddable":true,"href":"https:\/\/wizardly-davinci.82-223-8-23.plesk.page\/en\/wp-json\/wp\/v2\/listado_alfabetico?post=53022"}],"curies":[{"name":"wp","href":"https:\/\/api.w.org\/{rel}","templated":true}]}}