{"id":53023,"date":"2022-05-04T20:05:48","date_gmt":"2022-05-04T18:05:48","guid":{"rendered":"https:\/\/octaedro.com\/libro\/ensenar-y-aprender-geografia-para-un-mundo-sostenible\/"},"modified":"2023-03-08T12:19:57","modified_gmt":"2023-03-08T11:19:57","slug":"ensenar-y-aprender-geografia-para-un-mundo-sostenible-2","status":"publish","type":"product","link":"https:\/\/wizardly-davinci.82-223-8-23.plesk.page\/en\/producto\/ensenar-y-aprender-geografia-para-un-mundo-sostenible-2\/","title":{"rendered":"Ense\u00f1ar y aprender geograf\u00eda para un mundo sostenible"},"content":{"rendered":"","protected":false},"excerpt":{"rendered":"<p>Este libro quiere ser una contribuci\u00f3n al marco de la educaci\u00f3n para el desarrollo sostenible (EDS) para el 2030. Su principal objetivo consiste en presentar reflexiones y propuestas innovadoras en el campo de la did\u00e1ctica de la geograf\u00eda y la EDS, con la finalidad de avanzar en la mejora de los contenidos y en la manera como aprenden nuestros alumnos competencias geogr\u00e1ficas y de EDS, de modo que ayuden a la transformaci\u00f3n de la realidad y a la creaci\u00f3n de un mundo m\u00e1s sostenible.<\/p>\n<p>La obra se estructura a partir de tres grandes secciones. La primera parte aborda la sostenibilizaci\u00f3n curricular en diferentes niveles educativos, es decir, se reflexiona sobre c\u00f3mo introducir los contenidos, los valores y las competencias propios de la EDS en la ense\u00f1anza de la geograf\u00eda. La secci\u00f3n re\u00fane experiencias y propuestas innovadoras en did\u00e1ctica de la geograf\u00eda que facilitan la consecuci\u00f3n de los objetivos de desarrollo sostenible. La segunda parte del libro se centra en el papel de la geograf\u00eda en la construcci\u00f3n de una ciudadan\u00eda global sostenible y en ella se esbozan las competencias y los principios b\u00e1sicos. La tercera y \u00faltima parte trata la did\u00e1ctica del paisaje sostenible. El paisaje es un concepto e instrumento did\u00e1ctico interdisciplinar que permite visualizar la forma que adquiere la sostenibilidad en distintos contextos geogr\u00e1ficos. La secci\u00f3n presenta propuestas did\u00e1cticas centradas en el trabajo por proyectos, los itinerarios did\u00e1cticos por espacios naturales y el an\u00e1lisis de problem\u00e1ticas ambientales localizadas en lugares concretos. La educaci\u00f3n en paisaje sostenible es una educaci\u00f3n para el futuro que es integradora, propositiva y creativa, y que promueve la identificaci\u00f3n, el an\u00e1lisis, la evaluaci\u00f3n de alternativas y la creaci\u00f3n de paisajes sostenibles.<\/p>\n","protected":false},"featured_media":49914,"comment_status":"open","ping_status":"closed","template":"","meta":{"_et_pb_use_builder":"","_et_pb_old_content":"","_et_gb_content_width":""},"product_cat":[11899,11859,11912],"product_tag":[11892],"edicion":[12199,11865],"editoriales":[11867],"tienda":[],"autor_id":[19321,19323],"universidades_coeditoras":[14900],"palabras_clave":[],"listado_alfabetico":[],"acf":[],"_links":{"self":[{"href":"https:\/\/wizardly-davinci.82-223-8-23.plesk.page\/en\/wp-json\/wp\/v2\/product\/53023"}],"collection":[{"href":"https:\/\/wizardly-davinci.82-223-8-23.plesk.page\/en\/wp-json\/wp\/v2\/product"}],"about":[{"href":"https:\/\/wizardly-davinci.82-223-8-23.plesk.page\/en\/wp-json\/wp\/v2\/types\/product"}],"replies":[{"embeddable":true,"href":"https:\/\/wizardly-davinci.82-223-8-23.plesk.page\/en\/wp-json\/wp\/v2\/comments?post=53023"}],"wp:featuredmedia":[{"embeddable":true,"href":"https:\/\/wizardly-davinci.82-223-8-23.plesk.page\/en\/wp-json\/wp\/v2\/media\/49914"}],"wp:attachment":[{"href":"https:\/\/wizardly-davinci.82-223-8-23.plesk.page\/en\/wp-json\/wp\/v2\/media?parent=53023"}],"wp:term":[{"taxonomy":"product_cat","embeddable":true,"href":"https:\/\/wizardly-davinci.82-223-8-23.plesk.page\/en\/wp-json\/wp\/v2\/product_cat?post=53023"},{"taxonomy":"product_tag","embeddable":true,"href":"https:\/\/wizardly-davinci.82-223-8-23.plesk.page\/en\/wp-json\/wp\/v2\/product_tag?post=53023"},{"taxonomy":"edicion","embeddable":true,"href":"https:\/\/wizardly-davinci.82-223-8-23.plesk.page\/en\/wp-json\/wp\/v2\/edicion?post=53023"},{"taxonomy":"editoriales","embeddable":true,"href":"https:\/\/wizardly-davinci.82-223-8-23.plesk.page\/en\/wp-json\/wp\/v2\/editoriales?post=53023"},{"taxonomy":"tienda","embeddable":true,"href":"https:\/\/wizardly-davinci.82-223-8-23.plesk.page\/en\/wp-json\/wp\/v2\/tienda?post=53023"},{"taxonomy":"autor_id","embeddable":true,"href":"https:\/\/wizardly-davinci.82-223-8-23.plesk.page\/en\/wp-json\/wp\/v2\/autor_id?post=53023"},{"taxonomy":"universidades_coeditoras","embeddable":true,"href":"https:\/\/wizardly-davinci.82-223-8-23.plesk.page\/en\/wp-json\/wp\/v2\/universidades_coeditoras?post=53023"},{"taxonomy":"palabras_clave","embeddable":true,"href":"https:\/\/wizardly-davinci.82-223-8-23.plesk.page\/en\/wp-json\/wp\/v2\/palabras_clave?post=53023"},{"taxonomy":"listado_alfabetico","embeddable":true,"href":"https:\/\/wizardly-davinci.82-223-8-23.plesk.page\/en\/wp-json\/wp\/v2\/listado_alfabetico?post=53023"}],"curies":[{"name":"wp","href":"https:\/\/api.w.org\/{rel}","templated":true}]}}