{"id":53024,"date":"2022-01-20T17:55:35","date_gmt":"2022-01-20T16:55:35","guid":{"rendered":"https:\/\/octaedro.com\/libro\/tecnologia-y-neuroeducacion-desde-un-enfoque-inclusivo\/"},"modified":"2023-03-08T12:19:57","modified_gmt":"2023-03-08T11:19:57","slug":"tecnologia-y-neuroeducacion-desde-un-enfoque-inclusivo-2","status":"publish","type":"product","link":"https:\/\/wizardly-davinci.82-223-8-23.plesk.page\/en\/producto\/tecnologia-y-neuroeducacion-desde-un-enfoque-inclusivo-2\/","title":{"rendered":"Tecnolog\u00eda y neuroeducaci\u00f3n desde un enfoque inclusivo"},"content":{"rendered":"","protected":false},"excerpt":{"rendered":"<p>Las Ciencias de la Educaci\u00f3n requieren un continuo planteamiento reflexivo que busque el sentido y finalidad de cada nuevo elemento que aparece a nivel social y estatal. En la actualidad, parece que el aceleracionismo de la sociedad ha afectado tambi\u00e9n al campo de la praxis educativa, as\u00ed como el de la investigaci\u00f3n pedag\u00f3gica. Ello ha podido traducirse en ocasiones en innovaciones basadas en el espect\u00e1culo, el entretenimiento o la mera novedad. No obstante, cualquier cambio que se plantee en el \u00e1mbito educativo debiera tener detr\u00e1s una meditada reflexi\u00f3n sobre los fines y los valores. Solo de esta manera la numerosa oferta de innovaciones educativas propuestas en la actualidad podr\u00e1 ser sometida a an\u00e1lisis.<\/p>\n<p>El presente libro expone una firme apuesta en este sentido, una reflexi\u00f3n sobre temas especialmente relevantes y de actualidad como son la neuroeducaci\u00f3n o la relaci\u00f3n entre educaci\u00f3n y tecnolog\u00eda, pero con un enfoque te\u00f3rico y amplio, lo cual favorece reflexionar acerca de lo importante en educaci\u00f3n, y no solo de lo urgente. Adem\u00e1s, el enfoque de la atenci\u00f3n a la diversidad y la inclusi\u00f3n se torna clave para repensar estos temas desde el presente y con perspectiva de pensar en todas las personas con independencia de su condici\u00f3n.<\/p>\n<p>Esta obra recoge novedosas aportaciones de autores procedentes de Italia, Andorra, Espa\u00f1a o EE. UU., as\u00ed como perspectivas de especialistas en diferentes \u00e1reas de conocimiento, como son la did\u00e1ctica de la tecnolog\u00eda, la educaci\u00f3n musical, la educaci\u00f3n art\u00edstica y audiovisual, la educaci\u00f3n f\u00edsica, la filosof\u00eda, la pedagog\u00eda o la did\u00e1ctica de la educaci\u00f3n especial. Los tres grandes pilares tem\u00e1ticos que se abordan son la tecnolog\u00eda educativa, la atenci\u00f3n a la diversidad y la neuroeducaci\u00f3n.<\/p>\n","protected":false},"featured_media":49776,"comment_status":"open","ping_status":"closed","template":"","meta":{"_et_pb_use_builder":"","_et_pb_old_content":"","_et_gb_content_width":""},"product_cat":[11899,11859,11912],"product_tag":[11892],"edicion":[12199,11865],"editoriales":[11867],"tienda":[],"autor_id":[19169,19167],"universidades_coeditoras":[14915],"palabras_clave":[],"listado_alfabetico":[],"acf":[],"_links":{"self":[{"href":"https:\/\/wizardly-davinci.82-223-8-23.plesk.page\/en\/wp-json\/wp\/v2\/product\/53024"}],"collection":[{"href":"https:\/\/wizardly-davinci.82-223-8-23.plesk.page\/en\/wp-json\/wp\/v2\/product"}],"about":[{"href":"https:\/\/wizardly-davinci.82-223-8-23.plesk.page\/en\/wp-json\/wp\/v2\/types\/product"}],"replies":[{"embeddable":true,"href":"https:\/\/wizardly-davinci.82-223-8-23.plesk.page\/en\/wp-json\/wp\/v2\/comments?post=53024"}],"wp:featuredmedia":[{"embeddable":true,"href":"https:\/\/wizardly-davinci.82-223-8-23.plesk.page\/en\/wp-json\/wp\/v2\/media\/49776"}],"wp:attachment":[{"href":"https:\/\/wizardly-davinci.82-223-8-23.plesk.page\/en\/wp-json\/wp\/v2\/media?parent=53024"}],"wp:term":[{"taxonomy":"product_cat","embeddable":true,"href":"https:\/\/wizardly-davinci.82-223-8-23.plesk.page\/en\/wp-json\/wp\/v2\/product_cat?post=53024"},{"taxonomy":"product_tag","embeddable":true,"href":"https:\/\/wizardly-davinci.82-223-8-23.plesk.page\/en\/wp-json\/wp\/v2\/product_tag?post=53024"},{"taxonomy":"edicion","embeddable":true,"href":"https:\/\/wizardly-davinci.82-223-8-23.plesk.page\/en\/wp-json\/wp\/v2\/edicion?post=53024"},{"taxonomy":"editoriales","embeddable":true,"href":"https:\/\/wizardly-davinci.82-223-8-23.plesk.page\/en\/wp-json\/wp\/v2\/editoriales?post=53024"},{"taxonomy":"tienda","embeddable":true,"href":"https:\/\/wizardly-davinci.82-223-8-23.plesk.page\/en\/wp-json\/wp\/v2\/tienda?post=53024"},{"taxonomy":"autor_id","embeddable":true,"href":"https:\/\/wizardly-davinci.82-223-8-23.plesk.page\/en\/wp-json\/wp\/v2\/autor_id?post=53024"},{"taxonomy":"universidades_coeditoras","embeddable":true,"href":"https:\/\/wizardly-davinci.82-223-8-23.plesk.page\/en\/wp-json\/wp\/v2\/universidades_coeditoras?post=53024"},{"taxonomy":"palabras_clave","embeddable":true,"href":"https:\/\/wizardly-davinci.82-223-8-23.plesk.page\/en\/wp-json\/wp\/v2\/palabras_clave?post=53024"},{"taxonomy":"listado_alfabetico","embeddable":true,"href":"https:\/\/wizardly-davinci.82-223-8-23.plesk.page\/en\/wp-json\/wp\/v2\/listado_alfabetico?post=53024"}],"curies":[{"name":"wp","href":"https:\/\/api.w.org\/{rel}","templated":true}]}}