{"id":53025,"date":"2021-11-15T14:48:02","date_gmt":"2021-11-15T13:48:02","guid":{"rendered":"https:\/\/octaedro.com\/libro\/redefinir-la-ensenanza-aprendizaje-del-espanol-le-l2\/"},"modified":"2023-02-22T13:37:39","modified_gmt":"2023-02-22T12:37:39","slug":"redefinir-la-ensenanza-aprendizaje-del-espanol-le-l2-2","status":"publish","type":"product","link":"https:\/\/wizardly-davinci.82-223-8-23.plesk.page\/en\/producto\/redefinir-la-ensenanza-aprendizaje-del-espanol-le-l2-2\/","title":{"rendered":"Redefinir la ense\u00f1anza-aprendizaje del espa\u00f1ol LE\/L2"},"content":{"rendered":"","protected":false},"excerpt":{"rendered":"<p>El presente volumen recoge el inminente proceso de innovaci\u00f3n en la did\u00e1ctica del espa\u00f1ol LE\/L2; uno en el que la educaci\u00f3n personalizada, la justicia, la transversalidad, las habilidades transferibles, el humanismo digital \u2013pero humanismo, al fin y al cabo\u2013 no exijan renunciar a la alta literatura, ni a la m\u00fasica, ni al pensamiento cr\u00edtico, ni a la traducci\u00f3n, ni a los aspectos formales de la ling\u00fc\u00edstica aplicada a la ense\u00f1anza de ELE, ni a la espontaneidad, ni a la creatividad cultural, ni al sentimiento de pertenencia a un grupo\/curso de estudiantes en un contexto digital, ni siquiera en esa aparente burbuja digital que parece incitar a la soledad o al aislamiento.<\/p>\n<p>En su primera acepci\u00f3n, el DRAE define innovar como \u00abmudar o alterar algo, introduciendo novedades\u00bb. Las contribuciones de este volumen muestran precisamente que en espa\u00f1ol LE\/L2 no hace falta reinventar la rueda para generar innovaci\u00f3n y acomodarnos con \u00e9xito a la \u00abnueva normalidad\u00bb; solo es necesario un poco de creatividad (y cierto desarrollo competencial) para promover el empoderamiento digital del profesorado, sin abandonar la transversalidad educativa, pero tampoco los contenidos atemporales que enriquecen las estrategias de comunicaci\u00f3n y las estrategias de aprendizaje \u2013algo que al final acabar\u00e1 repercutiendo provechosamente en el alumnado\u2012.<\/p>\n","protected":false},"featured_media":49607,"comment_status":"open","ping_status":"closed","template":"","meta":{"_et_pb_use_builder":"","_et_pb_old_content":"","_et_gb_content_width":""},"product_cat":[11899,11913],"product_tag":[11890],"edicion":[11865],"editoriales":[11867],"tienda":[],"autor_id":[19224],"universidades_coeditoras":[19324],"palabras_clave":[],"listado_alfabetico":[],"acf":[],"_links":{"self":[{"href":"https:\/\/wizardly-davinci.82-223-8-23.plesk.page\/en\/wp-json\/wp\/v2\/product\/53025"}],"collection":[{"href":"https:\/\/wizardly-davinci.82-223-8-23.plesk.page\/en\/wp-json\/wp\/v2\/product"}],"about":[{"href":"https:\/\/wizardly-davinci.82-223-8-23.plesk.page\/en\/wp-json\/wp\/v2\/types\/product"}],"replies":[{"embeddable":true,"href":"https:\/\/wizardly-davinci.82-223-8-23.plesk.page\/en\/wp-json\/wp\/v2\/comments?post=53025"}],"wp:featuredmedia":[{"embeddable":true,"href":"https:\/\/wizardly-davinci.82-223-8-23.plesk.page\/en\/wp-json\/wp\/v2\/media\/49607"}],"wp:attachment":[{"href":"https:\/\/wizardly-davinci.82-223-8-23.plesk.page\/en\/wp-json\/wp\/v2\/media?parent=53025"}],"wp:term":[{"taxonomy":"product_cat","embeddable":true,"href":"https:\/\/wizardly-davinci.82-223-8-23.plesk.page\/en\/wp-json\/wp\/v2\/product_cat?post=53025"},{"taxonomy":"product_tag","embeddable":true,"href":"https:\/\/wizardly-davinci.82-223-8-23.plesk.page\/en\/wp-json\/wp\/v2\/product_tag?post=53025"},{"taxonomy":"edicion","embeddable":true,"href":"https:\/\/wizardly-davinci.82-223-8-23.plesk.page\/en\/wp-json\/wp\/v2\/edicion?post=53025"},{"taxonomy":"editoriales","embeddable":true,"href":"https:\/\/wizardly-davinci.82-223-8-23.plesk.page\/en\/wp-json\/wp\/v2\/editoriales?post=53025"},{"taxonomy":"tienda","embeddable":true,"href":"https:\/\/wizardly-davinci.82-223-8-23.plesk.page\/en\/wp-json\/wp\/v2\/tienda?post=53025"},{"taxonomy":"autor_id","embeddable":true,"href":"https:\/\/wizardly-davinci.82-223-8-23.plesk.page\/en\/wp-json\/wp\/v2\/autor_id?post=53025"},{"taxonomy":"universidades_coeditoras","embeddable":true,"href":"https:\/\/wizardly-davinci.82-223-8-23.plesk.page\/en\/wp-json\/wp\/v2\/universidades_coeditoras?post=53025"},{"taxonomy":"palabras_clave","embeddable":true,"href":"https:\/\/wizardly-davinci.82-223-8-23.plesk.page\/en\/wp-json\/wp\/v2\/palabras_clave?post=53025"},{"taxonomy":"listado_alfabetico","embeddable":true,"href":"https:\/\/wizardly-davinci.82-223-8-23.plesk.page\/en\/wp-json\/wp\/v2\/listado_alfabetico?post=53025"}],"curies":[{"name":"wp","href":"https:\/\/api.w.org\/{rel}","templated":true}]}}