{"id":53029,"date":"2021-12-04T17:29:30","date_gmt":"2021-12-04T16:29:30","guid":{"rendered":"https:\/\/octaedro.com\/libro\/desafios-para-una-educacion-de-calidad-ante-los-objetivos-de-desarrollo-sostenible\/"},"modified":"2023-02-22T13:37:39","modified_gmt":"2023-02-22T12:37:39","slug":"desafios-para-una-educacion-de-calidad-ante-los-objetivos-de-desarrollo-sostenible-2","status":"publish","type":"product","link":"https:\/\/wizardly-davinci.82-223-8-23.plesk.page\/en\/producto\/desafios-para-una-educacion-de-calidad-ante-los-objetivos-de-desarrollo-sostenible-2\/","title":{"rendered":"Desaf\u00edos para una educaci\u00f3n de calidad ante los objetivos de desarrollo sostenible"},"content":{"rendered":"","protected":false},"excerpt":{"rendered":"<p>A ra\u00edz de la publicaci\u00f3n de la Agenda 2030 por la Unesco en 2015, se establecieron 17 objetivos de desarrollo sostenible (ODS) y las pautas de c\u00f3mo se ha de proceder con los mismos con la finalidad de hacer realidad los derechos de las personas y fortalecer la paz universal y el acceso a la justicia. Estos objetivos de desarrollo sostenible proponen, como meta educativa, que todos los estudiantes adquieran para 2030 \u00ablos conocimientos, las competencias, los valores y las actitudes que se precisan para construir sociedades sostenibles y pac\u00edficas, mediante, entre otras, la educaci\u00f3n para la ciudadan\u00eda mundial y la educaci\u00f3n para el desarrollo sostenible\u00bb.<\/p>\n<p>Los desaf\u00edos para una educaci\u00f3n de calidad se centran en garantizar una educaci\u00f3n inclusiva y equitativa as\u00ed como promover oportunidades de aprendizaje durante toda la vida. Esta visi\u00f3n de la educaci\u00f3n se recoge en el ODS 4: \u00abGarantizar una educaci\u00f3n inclusiva, equitativa y de calidad y promover oportunidades de aprendizaje durante toda la vida para todos\u00bb. A partir de este objetivo principal, se establecen siete objetivos espec\u00edficos de aprendizaje que todos los pa\u00edses deber\u00e1n alcanzar para el a\u00f1o 2030.<\/p>\n<p>Existe entre los pa\u00edses un gran compromiso para poner en pr\u00e1ctica distintas estrategias con el objetivo de alcanzar los 17 ODS. Esta propuesta implica un compromiso com\u00fan y universal; no obstante, cada pa\u00eds tiene sus propias necesidades con respecto al desarrollo sostenible, por lo que fijar\u00e1n sus propias metas a partir de los ODS. Espa\u00f1a ha dise\u00f1ado su propio plan de acci\u00f3n para la implementaci\u00f3n de la Agenda 2030.<\/p>\n","protected":false},"featured_media":49433,"comment_status":"open","ping_status":"closed","template":"","meta":{"_et_pb_use_builder":"","_et_pb_old_content":"","_et_gb_content_width":""},"product_cat":[11899,11913],"product_tag":[11890],"edicion":[12178],"editoriales":[11867],"tienda":[],"autor_id":[19332,19319,19330,14420],"universidades_coeditoras":[14901],"palabras_clave":[],"listado_alfabetico":[],"acf":[],"_links":{"self":[{"href":"https:\/\/wizardly-davinci.82-223-8-23.plesk.page\/en\/wp-json\/wp\/v2\/product\/53029"}],"collection":[{"href":"https:\/\/wizardly-davinci.82-223-8-23.plesk.page\/en\/wp-json\/wp\/v2\/product"}],"about":[{"href":"https:\/\/wizardly-davinci.82-223-8-23.plesk.page\/en\/wp-json\/wp\/v2\/types\/product"}],"replies":[{"embeddable":true,"href":"https:\/\/wizardly-davinci.82-223-8-23.plesk.page\/en\/wp-json\/wp\/v2\/comments?post=53029"}],"wp:featuredmedia":[{"embeddable":true,"href":"https:\/\/wizardly-davinci.82-223-8-23.plesk.page\/en\/wp-json\/wp\/v2\/media\/49433"}],"wp:attachment":[{"href":"https:\/\/wizardly-davinci.82-223-8-23.plesk.page\/en\/wp-json\/wp\/v2\/media?parent=53029"}],"wp:term":[{"taxonomy":"product_cat","embeddable":true,"href":"https:\/\/wizardly-davinci.82-223-8-23.plesk.page\/en\/wp-json\/wp\/v2\/product_cat?post=53029"},{"taxonomy":"product_tag","embeddable":true,"href":"https:\/\/wizardly-davinci.82-223-8-23.plesk.page\/en\/wp-json\/wp\/v2\/product_tag?post=53029"},{"taxonomy":"edicion","embeddable":true,"href":"https:\/\/wizardly-davinci.82-223-8-23.plesk.page\/en\/wp-json\/wp\/v2\/edicion?post=53029"},{"taxonomy":"editoriales","embeddable":true,"href":"https:\/\/wizardly-davinci.82-223-8-23.plesk.page\/en\/wp-json\/wp\/v2\/editoriales?post=53029"},{"taxonomy":"tienda","embeddable":true,"href":"https:\/\/wizardly-davinci.82-223-8-23.plesk.page\/en\/wp-json\/wp\/v2\/tienda?post=53029"},{"taxonomy":"autor_id","embeddable":true,"href":"https:\/\/wizardly-davinci.82-223-8-23.plesk.page\/en\/wp-json\/wp\/v2\/autor_id?post=53029"},{"taxonomy":"universidades_coeditoras","embeddable":true,"href":"https:\/\/wizardly-davinci.82-223-8-23.plesk.page\/en\/wp-json\/wp\/v2\/universidades_coeditoras?post=53029"},{"taxonomy":"palabras_clave","embeddable":true,"href":"https:\/\/wizardly-davinci.82-223-8-23.plesk.page\/en\/wp-json\/wp\/v2\/palabras_clave?post=53029"},{"taxonomy":"listado_alfabetico","embeddable":true,"href":"https:\/\/wizardly-davinci.82-223-8-23.plesk.page\/en\/wp-json\/wp\/v2\/listado_alfabetico?post=53029"}],"curies":[{"name":"wp","href":"https:\/\/api.w.org\/{rel}","templated":true}]}}