{"id":53031,"date":"2021-11-08T19:44:01","date_gmt":"2021-11-08T18:44:01","guid":{"rendered":"https:\/\/octaedro.com\/libro\/dualidad-educativa-en-momentos-de-pandemia-entre-la-presencialidad-y-la-virtualidad\/"},"modified":"2023-02-22T13:37:39","modified_gmt":"2023-02-22T12:37:39","slug":"dualidad-educativa-en-momentos-de-pandemia-entre-la-presencialidad-y-la-virtualidad-2","status":"publish","type":"product","link":"https:\/\/wizardly-davinci.82-223-8-23.plesk.page\/en\/producto\/dualidad-educativa-en-momentos-de-pandemia-entre-la-presencialidad-y-la-virtualidad-2\/","title":{"rendered":"Dualidad educativa en momentos de pandemia: entre la presencialidad y la virtualidad"},"content":{"rendered":"","protected":false},"excerpt":{"rendered":"<p>La emergencia sanitaria mundial causada por la COVID-19 oblig\u00f3 a los sistemas educativos a utilizar un modelo pedag\u00f3gico en el cual el proceso de ense\u00f1anza-aprendizaje se desarrolla \u00edntegramente en entornos virtuales. Por consiguiente, las plataformas virtuales comenzaron a utilizarse masivamente como \u00fanica v\u00eda posible para conseguir la cohesi\u00f3n entre las instituciones educativas, el alumnado y sus familias.<\/p>\n<p>Este hecho ha generado la implantaci\u00f3n de una ense\u00f1anza a distancia y la utilizaci\u00f3n de metodolog\u00edas online innovadoras. Ahora conceptos como entornos virtuales de aprendizaje (EVA), e-learning, m-learning, b-learning o tecnolog\u00edas de la informaci\u00f3n y comunicaci\u00f3n (TIC), entre otros, han cobrado gran relevancia en el \u00e1mbito educativo. Para muchos docentes ha supuesto una puesta al d\u00eda contrarreloj, dado que han necesitado adquirir, en poco tiempo, las habilidades y las competencias necesarias para lograr un uso efectivo de las TIC y de nuevas metodolog\u00edas educativas.<\/p>\n<p>De esta manera, se ha conseguido continuar con un curso escolar especialmente complejo y sin precedentes, donde la tecnolog\u00eda ha sido la gran protagonista. Aunque, por otra parte, la pandemia ha evidenciado la necesidad de paliar la brecha digital, puesto que ha excluido, durante los meses de confinamiento estricto, a millones de estudiantes de todo el mundo de su derecho a la educaci\u00f3n, ya fuera por falta de conexi\u00f3n a internet o por falta de habilidades o de los dispositivos tecnol\u00f3gicos necesarios.<\/p>\n<p>Se ha cumplido, una vez m\u00e1s, el principio que afirma que de las crisis se puede salir fortalecido y, gracias a ellas, encontrar soluciones creativas a los problemas planteados.<\/p>\n","protected":false},"featured_media":49381,"comment_status":"open","ping_status":"closed","template":"","meta":{"_et_pb_use_builder":"","_et_pb_old_content":"","_et_gb_content_width":""},"product_cat":[11899,11913],"product_tag":[11890],"edicion":[12178],"editoriales":[11867],"tienda":[],"autor_id":[19319,19330,19317,19316],"universidades_coeditoras":[14901],"palabras_clave":[],"listado_alfabetico":[],"acf":[],"_links":{"self":[{"href":"https:\/\/wizardly-davinci.82-223-8-23.plesk.page\/en\/wp-json\/wp\/v2\/product\/53031"}],"collection":[{"href":"https:\/\/wizardly-davinci.82-223-8-23.plesk.page\/en\/wp-json\/wp\/v2\/product"}],"about":[{"href":"https:\/\/wizardly-davinci.82-223-8-23.plesk.page\/en\/wp-json\/wp\/v2\/types\/product"}],"replies":[{"embeddable":true,"href":"https:\/\/wizardly-davinci.82-223-8-23.plesk.page\/en\/wp-json\/wp\/v2\/comments?post=53031"}],"wp:featuredmedia":[{"embeddable":true,"href":"https:\/\/wizardly-davinci.82-223-8-23.plesk.page\/en\/wp-json\/wp\/v2\/media\/49381"}],"wp:attachment":[{"href":"https:\/\/wizardly-davinci.82-223-8-23.plesk.page\/en\/wp-json\/wp\/v2\/media?parent=53031"}],"wp:term":[{"taxonomy":"product_cat","embeddable":true,"href":"https:\/\/wizardly-davinci.82-223-8-23.plesk.page\/en\/wp-json\/wp\/v2\/product_cat?post=53031"},{"taxonomy":"product_tag","embeddable":true,"href":"https:\/\/wizardly-davinci.82-223-8-23.plesk.page\/en\/wp-json\/wp\/v2\/product_tag?post=53031"},{"taxonomy":"edicion","embeddable":true,"href":"https:\/\/wizardly-davinci.82-223-8-23.plesk.page\/en\/wp-json\/wp\/v2\/edicion?post=53031"},{"taxonomy":"editoriales","embeddable":true,"href":"https:\/\/wizardly-davinci.82-223-8-23.plesk.page\/en\/wp-json\/wp\/v2\/editoriales?post=53031"},{"taxonomy":"tienda","embeddable":true,"href":"https:\/\/wizardly-davinci.82-223-8-23.plesk.page\/en\/wp-json\/wp\/v2\/tienda?post=53031"},{"taxonomy":"autor_id","embeddable":true,"href":"https:\/\/wizardly-davinci.82-223-8-23.plesk.page\/en\/wp-json\/wp\/v2\/autor_id?post=53031"},{"taxonomy":"universidades_coeditoras","embeddable":true,"href":"https:\/\/wizardly-davinci.82-223-8-23.plesk.page\/en\/wp-json\/wp\/v2\/universidades_coeditoras?post=53031"},{"taxonomy":"palabras_clave","embeddable":true,"href":"https:\/\/wizardly-davinci.82-223-8-23.plesk.page\/en\/wp-json\/wp\/v2\/palabras_clave?post=53031"},{"taxonomy":"listado_alfabetico","embeddable":true,"href":"https:\/\/wizardly-davinci.82-223-8-23.plesk.page\/en\/wp-json\/wp\/v2\/listado_alfabetico?post=53031"}],"curies":[{"name":"wp","href":"https:\/\/api.w.org\/{rel}","templated":true}]}}