{"id":53032,"date":"2022-09-22T13:46:59","date_gmt":"2022-09-22T11:46:59","guid":{"rendered":"https:\/\/octaedro.com\/libro\/quehaceres-de-maestros-y-de-gestores-de-la-escuela-de-la-infancia\/"},"modified":"2023-03-08T12:19:57","modified_gmt":"2023-03-08T11:19:57","slug":"quehaceres-de-maestros-y-de-gestores-de-la-escuela-de-la-infancia-2","status":"publish","type":"product","link":"https:\/\/wizardly-davinci.82-223-8-23.plesk.page\/en\/producto\/quehaceres-de-maestros-y-de-gestores-de-la-escuela-de-la-infancia-2\/","title":{"rendered":"Quehaceres de maestros y de gestores de la escuela de la infancia"},"content":{"rendered":"","protected":false},"excerpt":{"rendered":"<p>En este libro, los autores, maestros y gestores nos servimos de escenas vivenciadas en la vida cotidiana de las instituciones en las que act\u00faan, preocupados por no brindar un recetario m\u00e1s, pues todos entendemos que las escenas representan experiencias \u00fanicas.<\/p>\n<p>Son escenas que tratan diversos asuntos: desde la acogida del beb\u00e9 en el momento de entrar a la instituci\u00f3n, pasando por las diversas indagaciones de los propios ni\u00f1os y considerando la participaci\u00f3n efectiva de las familias, as\u00ed como los quehaceres de docentes y de gestores.<\/p>\n<p>Los lectores podr\u00e1n percibir que nos guiamos por los conceptos presentes en los documentos nacionales oficiales; en concreto, el Curr\u00edculo de la Ciudad. Educaci\u00f3n Infantil \u2013que cuenta con 49 escenas distribuidas en 224 p\u00e1ginas\u2013 y las Directrices curriculares nacionales para la Educaci\u00f3n Infantil (DCNEI), e intentamos resaltar nuestras propias decisiones procedimentales.<\/p>\n<p>Y como investigadores \u2013unos somos principiantes y otros tenemos a\u00f1os de pr\u00e1ctica docente\u2013, hemos fundamentado nuestros estudios, reflexiones y quehaceres pedag\u00f3gicos en autores dedicados a estudiar la Educaci\u00f3n Infantil.<\/p>\n","protected":false},"featured_media":49373,"comment_status":"open","ping_status":"closed","template":"","meta":{"_et_pb_use_builder":"","_et_pb_old_content":"","_et_gb_content_width":""},"product_cat":[11928,11899,11859,11912],"product_tag":[11892],"edicion":[11865],"editoriales":[11867,12203],"tienda":[],"autor_id":[19334,19336],"universidades_coeditoras":[],"palabras_clave":[],"listado_alfabetico":[],"acf":[],"_links":{"self":[{"href":"https:\/\/wizardly-davinci.82-223-8-23.plesk.page\/en\/wp-json\/wp\/v2\/product\/53032"}],"collection":[{"href":"https:\/\/wizardly-davinci.82-223-8-23.plesk.page\/en\/wp-json\/wp\/v2\/product"}],"about":[{"href":"https:\/\/wizardly-davinci.82-223-8-23.plesk.page\/en\/wp-json\/wp\/v2\/types\/product"}],"replies":[{"embeddable":true,"href":"https:\/\/wizardly-davinci.82-223-8-23.plesk.page\/en\/wp-json\/wp\/v2\/comments?post=53032"}],"wp:featuredmedia":[{"embeddable":true,"href":"https:\/\/wizardly-davinci.82-223-8-23.plesk.page\/en\/wp-json\/wp\/v2\/media\/49373"}],"wp:attachment":[{"href":"https:\/\/wizardly-davinci.82-223-8-23.plesk.page\/en\/wp-json\/wp\/v2\/media?parent=53032"}],"wp:term":[{"taxonomy":"product_cat","embeddable":true,"href":"https:\/\/wizardly-davinci.82-223-8-23.plesk.page\/en\/wp-json\/wp\/v2\/product_cat?post=53032"},{"taxonomy":"product_tag","embeddable":true,"href":"https:\/\/wizardly-davinci.82-223-8-23.plesk.page\/en\/wp-json\/wp\/v2\/product_tag?post=53032"},{"taxonomy":"edicion","embeddable":true,"href":"https:\/\/wizardly-davinci.82-223-8-23.plesk.page\/en\/wp-json\/wp\/v2\/edicion?post=53032"},{"taxonomy":"editoriales","embeddable":true,"href":"https:\/\/wizardly-davinci.82-223-8-23.plesk.page\/en\/wp-json\/wp\/v2\/editoriales?post=53032"},{"taxonomy":"tienda","embeddable":true,"href":"https:\/\/wizardly-davinci.82-223-8-23.plesk.page\/en\/wp-json\/wp\/v2\/tienda?post=53032"},{"taxonomy":"autor_id","embeddable":true,"href":"https:\/\/wizardly-davinci.82-223-8-23.plesk.page\/en\/wp-json\/wp\/v2\/autor_id?post=53032"},{"taxonomy":"universidades_coeditoras","embeddable":true,"href":"https:\/\/wizardly-davinci.82-223-8-23.plesk.page\/en\/wp-json\/wp\/v2\/universidades_coeditoras?post=53032"},{"taxonomy":"palabras_clave","embeddable":true,"href":"https:\/\/wizardly-davinci.82-223-8-23.plesk.page\/en\/wp-json\/wp\/v2\/palabras_clave?post=53032"},{"taxonomy":"listado_alfabetico","embeddable":true,"href":"https:\/\/wizardly-davinci.82-223-8-23.plesk.page\/en\/wp-json\/wp\/v2\/listado_alfabetico?post=53032"}],"curies":[{"name":"wp","href":"https:\/\/api.w.org\/{rel}","templated":true}]}}