{"id":53033,"date":"2021-11-05T14:47:48","date_gmt":"2021-11-05T13:47:48","guid":{"rendered":"https:\/\/octaedro.com\/libro\/habitar-la-trinchera\/"},"modified":"2023-03-08T12:19:57","modified_gmt":"2023-03-08T11:19:57","slug":"habitar-la-trinchera-2","status":"publish","type":"product","link":"https:\/\/wizardly-davinci.82-223-8-23.plesk.page\/en\/producto\/habitar-la-trinchera-2\/","title":{"rendered":"Habitar la trinchera"},"content":{"rendered":"","protected":false},"excerpt":{"rendered":"<p>\u00abEs fundamental que haya libros como este que recojan estas experiencias, porque, al fin y al cabo, esta es nuestra historia real, que nos permite trascendernos y que nos da derecho a intentar volver a so\u00f1ar, crear e impugnar.\u00bb<br \/>\nDel pr\u00f3logo de Ada Colau<\/p>\n<p>Habitar la trinchera. Historias del movimiento por el derecho a la vivienda en Barcelona es el resultado de tirar de un hilo. Una investigaci\u00f3n que comenz\u00f3 en 2012 para abordar los or\u00edgenes de la Plataforma de Afectados por la Hipoteca se convirti\u00f3 en una trayectoria de entrevistas para hablar con personas que han protagonizado movimientos muy diversos por el derecho a la vivienda y contra la especulaci\u00f3n inmobiliaria y urban\u00edstica en la ciudad de Barcelona en el \u00faltimo cuarto de siglo.<\/p>\n<p>Este libro recoge historias de victorias, de derrotas, pero sobre todo de luchas para transformar el mundo \u2014o, al menos, la ciudad\u2014 y no resignarse a que la vida est\u00e9 regida por los intereses econ\u00f3micos. Historias de la pol\u00edtica que se hace a pie de calle, sea ocupando espacios vac\u00edos, recogiendo firmas para cambiar una ley, asaltando el F\u00f3rum de las Culturas desde el mar o plantando un abeto entre los escombros del Forat de la Vergonya.<\/p>\n","protected":false},"featured_media":49350,"comment_status":"open","ping_status":"closed","template":"","meta":{"_et_pb_use_builder":"","_et_pb_old_content":"","_et_gb_content_width":""},"product_cat":[11858,11859],"product_tag":[11860],"edicion":[11865],"editoriales":[11867],"tienda":[],"autor_id":[14243],"universidades_coeditoras":[],"palabras_clave":[],"listado_alfabetico":[],"acf":[],"_links":{"self":[{"href":"https:\/\/wizardly-davinci.82-223-8-23.plesk.page\/en\/wp-json\/wp\/v2\/product\/53033"}],"collection":[{"href":"https:\/\/wizardly-davinci.82-223-8-23.plesk.page\/en\/wp-json\/wp\/v2\/product"}],"about":[{"href":"https:\/\/wizardly-davinci.82-223-8-23.plesk.page\/en\/wp-json\/wp\/v2\/types\/product"}],"replies":[{"embeddable":true,"href":"https:\/\/wizardly-davinci.82-223-8-23.plesk.page\/en\/wp-json\/wp\/v2\/comments?post=53033"}],"wp:featuredmedia":[{"embeddable":true,"href":"https:\/\/wizardly-davinci.82-223-8-23.plesk.page\/en\/wp-json\/wp\/v2\/media\/49350"}],"wp:attachment":[{"href":"https:\/\/wizardly-davinci.82-223-8-23.plesk.page\/en\/wp-json\/wp\/v2\/media?parent=53033"}],"wp:term":[{"taxonomy":"product_cat","embeddable":true,"href":"https:\/\/wizardly-davinci.82-223-8-23.plesk.page\/en\/wp-json\/wp\/v2\/product_cat?post=53033"},{"taxonomy":"product_tag","embeddable":true,"href":"https:\/\/wizardly-davinci.82-223-8-23.plesk.page\/en\/wp-json\/wp\/v2\/product_tag?post=53033"},{"taxonomy":"edicion","embeddable":true,"href":"https:\/\/wizardly-davinci.82-223-8-23.plesk.page\/en\/wp-json\/wp\/v2\/edicion?post=53033"},{"taxonomy":"editoriales","embeddable":true,"href":"https:\/\/wizardly-davinci.82-223-8-23.plesk.page\/en\/wp-json\/wp\/v2\/editoriales?post=53033"},{"taxonomy":"tienda","embeddable":true,"href":"https:\/\/wizardly-davinci.82-223-8-23.plesk.page\/en\/wp-json\/wp\/v2\/tienda?post=53033"},{"taxonomy":"autor_id","embeddable":true,"href":"https:\/\/wizardly-davinci.82-223-8-23.plesk.page\/en\/wp-json\/wp\/v2\/autor_id?post=53033"},{"taxonomy":"universidades_coeditoras","embeddable":true,"href":"https:\/\/wizardly-davinci.82-223-8-23.plesk.page\/en\/wp-json\/wp\/v2\/universidades_coeditoras?post=53033"},{"taxonomy":"palabras_clave","embeddable":true,"href":"https:\/\/wizardly-davinci.82-223-8-23.plesk.page\/en\/wp-json\/wp\/v2\/palabras_clave?post=53033"},{"taxonomy":"listado_alfabetico","embeddable":true,"href":"https:\/\/wizardly-davinci.82-223-8-23.plesk.page\/en\/wp-json\/wp\/v2\/listado_alfabetico?post=53033"}],"curies":[{"name":"wp","href":"https:\/\/api.w.org\/{rel}","templated":true}]}}