{"id":53035,"date":"2021-10-09T18:21:26","date_gmt":"2021-10-09T16:21:26","guid":{"rendered":"https:\/\/octaedro.com\/libro\/de-la-necesidad-oportunidad-propuestas-metodologicas-para-los-nuevos-tiempos\/"},"modified":"2023-02-22T13:37:44","modified_gmt":"2023-02-22T12:37:44","slug":"de-la-necesidad-oportunidad-propuestas-metodologicas-para-los-nuevos-tiempos-2","status":"publish","type":"product","link":"https:\/\/wizardly-davinci.82-223-8-23.plesk.page\/en\/producto\/de-la-necesidad-oportunidad-propuestas-metodologicas-para-los-nuevos-tiempos-2\/","title":{"rendered":"De la necesidad, oportunidad: propuestas metodol\u00f3gicas para los nuevos tiempos"},"content":{"rendered":"","protected":false},"excerpt":{"rendered":"<p>Desde hace algunos semestres hemos tenido la oportunidad de acompa\u00f1ar a varios grupos de profesores de diversos estudios de la Universitat de Barcelona a trav\u00e9s del curso de formaci\u00f3n del profesorado \u00abMetodolog\u00edas emergentes\u00bb. Se trata de una propuesta formativa que invita a los docentes a reflexionar y mejorar su propia pr\u00e1ctica educativa.<br \/>\nDe este ejercicio de revisi\u00f3n y mejora surgen las propuestas que hemos seleccionado y que compartimos en este cuaderno. Todas ellas evidencian el potencial y la capacidad creativa de actualizaci\u00f3n y de adaptaci\u00f3n que ya est\u00e1 integrada en buena parte del profesorado.<br \/>\nConfiamos en que os resulten ejemplificadoras para trasladaros la invitaci\u00f3n y el reto de mejora y actualizaci\u00f3n del curso que impartimos; y que sean lo suficientemente sugerentes como para animaros a repensar o redise\u00f1ar vuestras propuestas formativas.<\/p>\n","protected":false},"featured_media":49239,"comment_status":"open","ping_status":"closed","template":"","meta":{"_et_pb_use_builder":"","_et_pb_old_content":"","_et_gb_content_width":""},"product_cat":[11899,11913,11900],"product_tag":[11887],"edicion":[12178],"editoriales":[11867,12224],"tienda":[],"autor_id":[12511,19338],"universidades_coeditoras":[],"palabras_clave":[],"listado_alfabetico":[],"acf":[],"_links":{"self":[{"href":"https:\/\/wizardly-davinci.82-223-8-23.plesk.page\/en\/wp-json\/wp\/v2\/product\/53035"}],"collection":[{"href":"https:\/\/wizardly-davinci.82-223-8-23.plesk.page\/en\/wp-json\/wp\/v2\/product"}],"about":[{"href":"https:\/\/wizardly-davinci.82-223-8-23.plesk.page\/en\/wp-json\/wp\/v2\/types\/product"}],"replies":[{"embeddable":true,"href":"https:\/\/wizardly-davinci.82-223-8-23.plesk.page\/en\/wp-json\/wp\/v2\/comments?post=53035"}],"wp:featuredmedia":[{"embeddable":true,"href":"https:\/\/wizardly-davinci.82-223-8-23.plesk.page\/en\/wp-json\/wp\/v2\/media\/49239"}],"wp:attachment":[{"href":"https:\/\/wizardly-davinci.82-223-8-23.plesk.page\/en\/wp-json\/wp\/v2\/media?parent=53035"}],"wp:term":[{"taxonomy":"product_cat","embeddable":true,"href":"https:\/\/wizardly-davinci.82-223-8-23.plesk.page\/en\/wp-json\/wp\/v2\/product_cat?post=53035"},{"taxonomy":"product_tag","embeddable":true,"href":"https:\/\/wizardly-davinci.82-223-8-23.plesk.page\/en\/wp-json\/wp\/v2\/product_tag?post=53035"},{"taxonomy":"edicion","embeddable":true,"href":"https:\/\/wizardly-davinci.82-223-8-23.plesk.page\/en\/wp-json\/wp\/v2\/edicion?post=53035"},{"taxonomy":"editoriales","embeddable":true,"href":"https:\/\/wizardly-davinci.82-223-8-23.plesk.page\/en\/wp-json\/wp\/v2\/editoriales?post=53035"},{"taxonomy":"tienda","embeddable":true,"href":"https:\/\/wizardly-davinci.82-223-8-23.plesk.page\/en\/wp-json\/wp\/v2\/tienda?post=53035"},{"taxonomy":"autor_id","embeddable":true,"href":"https:\/\/wizardly-davinci.82-223-8-23.plesk.page\/en\/wp-json\/wp\/v2\/autor_id?post=53035"},{"taxonomy":"universidades_coeditoras","embeddable":true,"href":"https:\/\/wizardly-davinci.82-223-8-23.plesk.page\/en\/wp-json\/wp\/v2\/universidades_coeditoras?post=53035"},{"taxonomy":"palabras_clave","embeddable":true,"href":"https:\/\/wizardly-davinci.82-223-8-23.plesk.page\/en\/wp-json\/wp\/v2\/palabras_clave?post=53035"},{"taxonomy":"listado_alfabetico","embeddable":true,"href":"https:\/\/wizardly-davinci.82-223-8-23.plesk.page\/en\/wp-json\/wp\/v2\/listado_alfabetico?post=53035"}],"curies":[{"name":"wp","href":"https:\/\/api.w.org\/{rel}","templated":true}]}}