{"id":53036,"date":"2021-11-15T16:41:04","date_gmt":"2021-11-15T15:41:04","guid":{"rendered":"https:\/\/octaedro.com\/libro\/responsabilidad-social-etica-e-inclusion-en-los-procesos-de-formacion\/"},"modified":"2023-03-08T12:20:02","modified_gmt":"2023-03-08T11:20:02","slug":"responsabilidad-social-etica-e-inclusion-en-los-procesos-de-formacion","status":"publish","type":"product","link":"https:\/\/wizardly-davinci.82-223-8-23.plesk.page\/en\/producto\/responsabilidad-social-etica-e-inclusion-en-los-procesos-de-formacion\/","title":{"rendered":"Responsabilidad social, \u00e9tica e inclusi\u00f3n en los procesos de formaci\u00f3n"},"content":{"rendered":"","protected":false},"excerpt":{"rendered":"<p>El presente texto permite abordar, a trav\u00e9s de la pluma de 18 investigadores de Iberoam\u00e9rica, la conjunci\u00f3n problem\u00e1tica y enriquecedora entre la responsabilidad social, la \u00e9tica y la inclusi\u00f3n social en el interior de los procesos de formaci\u00f3n.<\/p>\n<p>Los textos ubican el an\u00e1lisis de los procesos de formaci\u00f3n de estudiantes de todos los niveles educativos. Algunos de ellos se ocupan de los tiempos de incertidumbre y confusi\u00f3n, no solo por las condiciones sanitarias que demanda la actual pandemia, sino tambi\u00e9n por las situaciones sociales que muestran claramente un significativo deterioro de nuestras condiciones de existencia.<\/p>\n<p>De igual modo, otros autores sit\u00faan su estudio en pueblos originarios, en organizaciones y corporaciones, y en la sociedad en general, pero, lejos de optar por una visi\u00f3n apocal\u00edptica, los textos mantienen una seriedad y un mensaje alentador y educativo.<\/p>\n<p>La obra nos propone un variado men\u00fa de propuestas te\u00f3ricas, que van desde las teor\u00edas sobre el reconocimiento, el papel de la memoria en la construcci\u00f3n de narrativas, de subjetividades e intersubjetividades, la hermen\u00e9utica fenomenol\u00f3gica, la antropolog\u00eda fenomenol\u00f3gica, la deontolog\u00eda, la ontolog\u00eda de las relaciones sociales, las teor\u00edas sobre la cultura, el giro decolonial, las epistemolog\u00edas del sur y las epistemolog\u00edas meridionales, la hospitalidad y la equidad epist\u00e9micas, la legitimidad social o los derechos humanos, hasta la pedagog\u00eda cr\u00edtica, la ecopedagog\u00eda, la ecolog\u00eda de saberes o la formaci\u00f3n \u00e9tica ciudadana, orientados todos estos temas hacia la responsabilidad social, la \u00e9tica y el reconocimiento social en espacios formativos.<\/p>\n<p>Es nuestro inter\u00e9s, a trav\u00e9s de este texto, apoyar la docencia mediante una reflexi\u00f3n cr\u00edtica acerca de la importancia de conjuntar en un debate serio y en unas pr\u00e1cticas significativas la necesidad inminente de integrar la responsabilidad social, la \u00e9tica y la inclusi\u00f3n de los sujetos en los procesos de formaci\u00f3n en instituciones justas, aut\u00f3nomas y democr\u00e1ticas.<\/p>\n","protected":false},"featured_media":49220,"comment_status":"open","ping_status":"closed","template":"","meta":{"_et_pb_use_builder":"","_et_pb_old_content":"","_et_gb_content_width":""},"product_cat":[11899,11859,11912,11907],"product_tag":[11892],"edicion":[12199,11865],"editoriales":[11867],"tienda":[],"autor_id":[19365,13930,19345,19343,19352,12492,19360,19340,19362,19348,19358,19342,19356,19354,19350,19363],"universidades_coeditoras":[14883],"palabras_clave":[],"listado_alfabetico":[],"acf":[],"_links":{"self":[{"href":"https:\/\/wizardly-davinci.82-223-8-23.plesk.page\/en\/wp-json\/wp\/v2\/product\/53036"}],"collection":[{"href":"https:\/\/wizardly-davinci.82-223-8-23.plesk.page\/en\/wp-json\/wp\/v2\/product"}],"about":[{"href":"https:\/\/wizardly-davinci.82-223-8-23.plesk.page\/en\/wp-json\/wp\/v2\/types\/product"}],"replies":[{"embeddable":true,"href":"https:\/\/wizardly-davinci.82-223-8-23.plesk.page\/en\/wp-json\/wp\/v2\/comments?post=53036"}],"wp:featuredmedia":[{"embeddable":true,"href":"https:\/\/wizardly-davinci.82-223-8-23.plesk.page\/en\/wp-json\/wp\/v2\/media\/49220"}],"wp:attachment":[{"href":"https:\/\/wizardly-davinci.82-223-8-23.plesk.page\/en\/wp-json\/wp\/v2\/media?parent=53036"}],"wp:term":[{"taxonomy":"product_cat","embeddable":true,"href":"https:\/\/wizardly-davinci.82-223-8-23.plesk.page\/en\/wp-json\/wp\/v2\/product_cat?post=53036"},{"taxonomy":"product_tag","embeddable":true,"href":"https:\/\/wizardly-davinci.82-223-8-23.plesk.page\/en\/wp-json\/wp\/v2\/product_tag?post=53036"},{"taxonomy":"edicion","embeddable":true,"href":"https:\/\/wizardly-davinci.82-223-8-23.plesk.page\/en\/wp-json\/wp\/v2\/edicion?post=53036"},{"taxonomy":"editoriales","embeddable":true,"href":"https:\/\/wizardly-davinci.82-223-8-23.plesk.page\/en\/wp-json\/wp\/v2\/editoriales?post=53036"},{"taxonomy":"tienda","embeddable":true,"href":"https:\/\/wizardly-davinci.82-223-8-23.plesk.page\/en\/wp-json\/wp\/v2\/tienda?post=53036"},{"taxonomy":"autor_id","embeddable":true,"href":"https:\/\/wizardly-davinci.82-223-8-23.plesk.page\/en\/wp-json\/wp\/v2\/autor_id?post=53036"},{"taxonomy":"universidades_coeditoras","embeddable":true,"href":"https:\/\/wizardly-davinci.82-223-8-23.plesk.page\/en\/wp-json\/wp\/v2\/universidades_coeditoras?post=53036"},{"taxonomy":"palabras_clave","embeddable":true,"href":"https:\/\/wizardly-davinci.82-223-8-23.plesk.page\/en\/wp-json\/wp\/v2\/palabras_clave?post=53036"},{"taxonomy":"listado_alfabetico","embeddable":true,"href":"https:\/\/wizardly-davinci.82-223-8-23.plesk.page\/en\/wp-json\/wp\/v2\/listado_alfabetico?post=53036"}],"curies":[{"name":"wp","href":"https:\/\/api.w.org\/{rel}","templated":true}]}}