{"id":53037,"date":"2022-03-30T18:59:36","date_gmt":"2022-03-30T16:59:36","guid":{"rendered":"https:\/\/octaedro.com\/libro\/desarrollo-de-las-habilidades-socioemocionales-y-de-los-valores-en-educacion-infantil-y-primaria\/"},"modified":"2023-03-08T12:20:02","modified_gmt":"2023-03-08T11:20:02","slug":"desarrollo-de-las-habilidades-socioemocionales-y-de-los-valores-en-educacion-infantil-y-primaria-2","status":"publish","type":"product","link":"https:\/\/wizardly-davinci.82-223-8-23.plesk.page\/en\/producto\/desarrollo-de-las-habilidades-socioemocionales-y-de-los-valores-en-educacion-infantil-y-primaria-2\/","title":{"rendered":"Desarrollo de las habilidades socioemocionales y de los valores en Educaci\u00f3n Infantil y Primaria"},"content":{"rendered":"","protected":false},"excerpt":{"rendered":"<p>La infancia es el periodo de la vida del ni\u00f1o desde que nace hasta los inicios de la pubertad, es una etapa fundamental para el desarrollo de las capacidades f\u00edsicas, cognitivas, sociales y emocionales y de la formaci\u00f3n de valores. Durante este periodo, el ni\u00f1o empieza a relacionarse con el mundo y comienza a elaborar su propia representaci\u00f3n de la realidad, a construir relaciones, a establecer v\u00ednculos afectivos y a adquirir valores.<\/p>\n<p>Las habilidades socioemocionales permiten al ni\u00f1o establecer relaciones positivas con los dem\u00e1s y afrontar los conflictos de manera constructiva, identificar, comprender, expresar y regular sus emociones, reconocer las de otras personas y desenvolverse adecuadamente en su entorno.<\/p>\n<p>La educaci\u00f3n en valores es esencial, ya que ayuda al ni\u00f1o a crecer como persona, a comportarse correctamente, a aprender a vivir en sociedad y a poner en pr\u00e1ctica los valores humanos, tales como: el respeto, la honestidad, la responsabilidad, la cooperaci\u00f3n, la tolerancia, la solidaridad o la empat\u00eda.<br \/>\nEl objetivo de este libro es presentar el desarrollo de las habilidades socioemocionales y de los valores en las etapas de Educaci\u00f3n Infantil (0-6 a\u00f1os) y de Educaci\u00f3n Primaria (6-12 a\u00f1os).<\/p>\n","protected":false},"featured_media":49212,"comment_status":"open","ping_status":"closed","template":"","meta":{"_et_pb_use_builder":"","_et_pb_old_content":"","_et_gb_content_width":""},"product_cat":[11899,11859,11912,11924],"product_tag":[11892],"edicion":[11865],"editoriales":[11867],"tienda":[],"autor_id":[12253,12254,12255],"universidades_coeditoras":[],"palabras_clave":[],"listado_alfabetico":[],"acf":[],"_links":{"self":[{"href":"https:\/\/wizardly-davinci.82-223-8-23.plesk.page\/en\/wp-json\/wp\/v2\/product\/53037"}],"collection":[{"href":"https:\/\/wizardly-davinci.82-223-8-23.plesk.page\/en\/wp-json\/wp\/v2\/product"}],"about":[{"href":"https:\/\/wizardly-davinci.82-223-8-23.plesk.page\/en\/wp-json\/wp\/v2\/types\/product"}],"replies":[{"embeddable":true,"href":"https:\/\/wizardly-davinci.82-223-8-23.plesk.page\/en\/wp-json\/wp\/v2\/comments?post=53037"}],"wp:featuredmedia":[{"embeddable":true,"href":"https:\/\/wizardly-davinci.82-223-8-23.plesk.page\/en\/wp-json\/wp\/v2\/media\/49212"}],"wp:attachment":[{"href":"https:\/\/wizardly-davinci.82-223-8-23.plesk.page\/en\/wp-json\/wp\/v2\/media?parent=53037"}],"wp:term":[{"taxonomy":"product_cat","embeddable":true,"href":"https:\/\/wizardly-davinci.82-223-8-23.plesk.page\/en\/wp-json\/wp\/v2\/product_cat?post=53037"},{"taxonomy":"product_tag","embeddable":true,"href":"https:\/\/wizardly-davinci.82-223-8-23.plesk.page\/en\/wp-json\/wp\/v2\/product_tag?post=53037"},{"taxonomy":"edicion","embeddable":true,"href":"https:\/\/wizardly-davinci.82-223-8-23.plesk.page\/en\/wp-json\/wp\/v2\/edicion?post=53037"},{"taxonomy":"editoriales","embeddable":true,"href":"https:\/\/wizardly-davinci.82-223-8-23.plesk.page\/en\/wp-json\/wp\/v2\/editoriales?post=53037"},{"taxonomy":"tienda","embeddable":true,"href":"https:\/\/wizardly-davinci.82-223-8-23.plesk.page\/en\/wp-json\/wp\/v2\/tienda?post=53037"},{"taxonomy":"autor_id","embeddable":true,"href":"https:\/\/wizardly-davinci.82-223-8-23.plesk.page\/en\/wp-json\/wp\/v2\/autor_id?post=53037"},{"taxonomy":"universidades_coeditoras","embeddable":true,"href":"https:\/\/wizardly-davinci.82-223-8-23.plesk.page\/en\/wp-json\/wp\/v2\/universidades_coeditoras?post=53037"},{"taxonomy":"palabras_clave","embeddable":true,"href":"https:\/\/wizardly-davinci.82-223-8-23.plesk.page\/en\/wp-json\/wp\/v2\/palabras_clave?post=53037"},{"taxonomy":"listado_alfabetico","embeddable":true,"href":"https:\/\/wizardly-davinci.82-223-8-23.plesk.page\/en\/wp-json\/wp\/v2\/listado_alfabetico?post=53037"}],"curies":[{"name":"wp","href":"https:\/\/api.w.org\/{rel}","templated":true}]}}