{"id":53038,"date":"2022-05-04T19:39:55","date_gmt":"2022-05-04T17:39:55","guid":{"rendered":"https:\/\/octaedro.com\/libro\/el-amor-al-planeta-como-desafio-de-la-educacion-del-siglo-xxi\/"},"modified":"2023-03-08T12:20:03","modified_gmt":"2023-03-08T11:20:03","slug":"el-amor-al-planeta-como-desafio-de-la-educacion-del-siglo-xxi-2","status":"publish","type":"product","link":"https:\/\/wizardly-davinci.82-223-8-23.plesk.page\/en\/producto\/el-amor-al-planeta-como-desafio-de-la-educacion-del-siglo-xxi-2\/","title":{"rendered":"El amor al planeta como desaf\u00edo de la educaci\u00f3n del siglo XXI"},"content":{"rendered":"","protected":false},"excerpt":{"rendered":"<p>Nuestro planeta nos manda se\u00f1ales. Pareciera que reclama nuestra atenci\u00f3n para hacernos conscientes de la necesidad de cambiar buena parte de nuestros h\u00e1bitos e incluso de nuestro modus vivendi, en un intento por llegar a desarrollar comportamientos y actitudes marcados por la tolerancia, el respeto y, por supuesto, el amor.<\/p>\n<p>La degradaci\u00f3n ecol\u00f3gica a la que nos enfrentamos desde hace d\u00e9cadas incide en todos los agentes sociales y en todos y cada uno de los campos disciplinares. La educaci\u00f3n no podr\u00eda ser menos, lo cual ha llevado a que los sistemas educativos mundiales se encarguen de arbitrar medidas destinadas a educar en valores de solidaridad y cuidado medioambiental, situando la mirada, de forma prioritaria, en salvar el planeta.<\/p>\n<p>La Educaci\u00f3n Ambiental, a este respecto, se vislumbra como una excelente oportunidad para abrir las instituciones educativas a la realidad planetaria que nos envuelve, concentrando sus esfuerzos en la promoci\u00f3n de valores que permitan hacer realidad los Objetivos de Desarrollo Sostenible, como iniciativas principales de avance y transformaci\u00f3n social desde una triple perspectiva: conceptual, \u00e9tica y metodol\u00f3gica.<\/p>\n<p>Este libro pretende ser un homenaje a todos los profesionales de la educaci\u00f3n que se esfuerzan en su d\u00eda a d\u00eda por concienciar a las nuevas generaciones de la importancia de mantener relaciones equilibradas y coherentes con nuestro entorno; que luchan de forma incesante por dar lo mejor de s\u00ed mismos para hacer realidad la Educaci\u00f3n Ambiental en espacios educativos tanto formales como no formales, y que apuestan, en definitiva, por insertar la dimensi\u00f3n ambiental en su quehacer cotidiano, trabajando, as\u00ed, desde un firme compromiso destinado a la conformaci\u00f3n de sociedades m\u00e1s equitativas, sostenibles, humanas e inclusivas.<\/p>\n","protected":false},"featured_media":49179,"comment_status":"open","ping_status":"closed","template":"","meta":{"_et_pb_use_builder":"","_et_pb_old_content":"","_et_gb_content_width":""},"product_cat":[11899,11859,11912],"product_tag":[11892],"edicion":[12199,11865],"editoriales":[11867],"tienda":[],"autor_id":[12491],"universidades_coeditoras":[12338],"palabras_clave":[],"listado_alfabetico":[],"acf":[],"_links":{"self":[{"href":"https:\/\/wizardly-davinci.82-223-8-23.plesk.page\/en\/wp-json\/wp\/v2\/product\/53038"}],"collection":[{"href":"https:\/\/wizardly-davinci.82-223-8-23.plesk.page\/en\/wp-json\/wp\/v2\/product"}],"about":[{"href":"https:\/\/wizardly-davinci.82-223-8-23.plesk.page\/en\/wp-json\/wp\/v2\/types\/product"}],"replies":[{"embeddable":true,"href":"https:\/\/wizardly-davinci.82-223-8-23.plesk.page\/en\/wp-json\/wp\/v2\/comments?post=53038"}],"wp:featuredmedia":[{"embeddable":true,"href":"https:\/\/wizardly-davinci.82-223-8-23.plesk.page\/en\/wp-json\/wp\/v2\/media\/49179"}],"wp:attachment":[{"href":"https:\/\/wizardly-davinci.82-223-8-23.plesk.page\/en\/wp-json\/wp\/v2\/media?parent=53038"}],"wp:term":[{"taxonomy":"product_cat","embeddable":true,"href":"https:\/\/wizardly-davinci.82-223-8-23.plesk.page\/en\/wp-json\/wp\/v2\/product_cat?post=53038"},{"taxonomy":"product_tag","embeddable":true,"href":"https:\/\/wizardly-davinci.82-223-8-23.plesk.page\/en\/wp-json\/wp\/v2\/product_tag?post=53038"},{"taxonomy":"edicion","embeddable":true,"href":"https:\/\/wizardly-davinci.82-223-8-23.plesk.page\/en\/wp-json\/wp\/v2\/edicion?post=53038"},{"taxonomy":"editoriales","embeddable":true,"href":"https:\/\/wizardly-davinci.82-223-8-23.plesk.page\/en\/wp-json\/wp\/v2\/editoriales?post=53038"},{"taxonomy":"tienda","embeddable":true,"href":"https:\/\/wizardly-davinci.82-223-8-23.plesk.page\/en\/wp-json\/wp\/v2\/tienda?post=53038"},{"taxonomy":"autor_id","embeddable":true,"href":"https:\/\/wizardly-davinci.82-223-8-23.plesk.page\/en\/wp-json\/wp\/v2\/autor_id?post=53038"},{"taxonomy":"universidades_coeditoras","embeddable":true,"href":"https:\/\/wizardly-davinci.82-223-8-23.plesk.page\/en\/wp-json\/wp\/v2\/universidades_coeditoras?post=53038"},{"taxonomy":"palabras_clave","embeddable":true,"href":"https:\/\/wizardly-davinci.82-223-8-23.plesk.page\/en\/wp-json\/wp\/v2\/palabras_clave?post=53038"},{"taxonomy":"listado_alfabetico","embeddable":true,"href":"https:\/\/wizardly-davinci.82-223-8-23.plesk.page\/en\/wp-json\/wp\/v2\/listado_alfabetico?post=53038"}],"curies":[{"name":"wp","href":"https:\/\/api.w.org\/{rel}","templated":true}]}}