{"id":53040,"date":"2021-10-14T19:47:45","date_gmt":"2021-10-14T17:47:45","guid":{"rendered":"https:\/\/octaedro.com\/libro\/coeducacion-y-masculinidades-hacia-la-construccion-de-sociedades-civicas-y-democraticas\/"},"modified":"2023-02-22T13:37:44","modified_gmt":"2023-02-22T12:37:44","slug":"coeducacion-y-masculinidades-hacia-la-construccion-de-sociedades-civicas-y-democraticas-2","status":"publish","type":"product","link":"https:\/\/wizardly-davinci.82-223-8-23.plesk.page\/en\/producto\/coeducacion-y-masculinidades-hacia-la-construccion-de-sociedades-civicas-y-democraticas-2\/","title":{"rendered":"Coeducaci\u00f3n y masculinidades: hacia la construcci\u00f3n de sociedades c\u00edvicas y democr\u00e1ticas"},"content":{"rendered":"","protected":false},"excerpt":{"rendered":"<p>Estas p\u00e1ginas recogen los resultados del proyecto de investigaci\u00f3n \u00abCoeducaci\u00f3n y masculinidad: un binomio inexplorado. La construcci\u00f3n de nuevos modelos masculinos en las escuelas\u00bb, subvencionado por el Pacto de Estado contra la Violencia de G\u00e9nero. Se pretende un acercamiento al citado binomio a fin de dotarlo de un marco te\u00f3rico conceptual que permita entender qu\u00e9 son y c\u00f3mo se construyen las denominadas masculinidades hegem\u00f3nicas y c\u00f3mo son percibidas y entendidas por docentes y discentes.<\/p>\n<p>En la sucesi\u00f3n de cap\u00edtulos se realiza una aproximaci\u00f3n te\u00f3rica a la historicidad de la masculinidad partiendo de la construcci\u00f3n de la supremac\u00eda hist\u00f3rica de lo masculino; un an\u00e1lisis inicial de la percepci\u00f3n y consideraci\u00f3n de la masculinidad por parte del alumnado y del profesorado de tercer ciclo de Educaci\u00f3n Primaria y primer ciclo de Educaci\u00f3n Secundaria; un estudio sobre los modelos de masculinidad imperantes en los libros de texto de diferentes editoriales de la asignatura de Ciencias Sociales; y, por \u00faltimo, se proponen algunas directrices coeducativas b\u00e1sicas, abiertas y flexibles para la creaci\u00f3n y puesta en valor de modelos de masculinidades c\u00edvicas e igualitarias.<\/p>\n<p>En definitiva, este libro invita a la reflexi\u00f3n sobre qu\u00e9 hacer desde el \u00e1mbito de la educaci\u00f3n formal para desarticular el discurso hegem\u00f3nico de g\u00e9nero que legitima la supremac\u00eda patriarcal de lo masculino universal y las m\u00faltiples violencias de g\u00e9nero.<\/p>\n","protected":false},"featured_media":48601,"comment_status":"open","ping_status":"closed","template":"","meta":{"_et_pb_use_builder":"","_et_pb_old_content":"","_et_gb_content_width":""},"product_cat":[11899,11913],"product_tag":[11890],"edicion":[12178],"editoriales":[11867],"tienda":[],"autor_id":[14284],"universidades_coeditoras":[12327],"palabras_clave":[],"listado_alfabetico":[],"acf":[],"_links":{"self":[{"href":"https:\/\/wizardly-davinci.82-223-8-23.plesk.page\/en\/wp-json\/wp\/v2\/product\/53040"}],"collection":[{"href":"https:\/\/wizardly-davinci.82-223-8-23.plesk.page\/en\/wp-json\/wp\/v2\/product"}],"about":[{"href":"https:\/\/wizardly-davinci.82-223-8-23.plesk.page\/en\/wp-json\/wp\/v2\/types\/product"}],"replies":[{"embeddable":true,"href":"https:\/\/wizardly-davinci.82-223-8-23.plesk.page\/en\/wp-json\/wp\/v2\/comments?post=53040"}],"wp:featuredmedia":[{"embeddable":true,"href":"https:\/\/wizardly-davinci.82-223-8-23.plesk.page\/en\/wp-json\/wp\/v2\/media\/48601"}],"wp:attachment":[{"href":"https:\/\/wizardly-davinci.82-223-8-23.plesk.page\/en\/wp-json\/wp\/v2\/media?parent=53040"}],"wp:term":[{"taxonomy":"product_cat","embeddable":true,"href":"https:\/\/wizardly-davinci.82-223-8-23.plesk.page\/en\/wp-json\/wp\/v2\/product_cat?post=53040"},{"taxonomy":"product_tag","embeddable":true,"href":"https:\/\/wizardly-davinci.82-223-8-23.plesk.page\/en\/wp-json\/wp\/v2\/product_tag?post=53040"},{"taxonomy":"edicion","embeddable":true,"href":"https:\/\/wizardly-davinci.82-223-8-23.plesk.page\/en\/wp-json\/wp\/v2\/edicion?post=53040"},{"taxonomy":"editoriales","embeddable":true,"href":"https:\/\/wizardly-davinci.82-223-8-23.plesk.page\/en\/wp-json\/wp\/v2\/editoriales?post=53040"},{"taxonomy":"tienda","embeddable":true,"href":"https:\/\/wizardly-davinci.82-223-8-23.plesk.page\/en\/wp-json\/wp\/v2\/tienda?post=53040"},{"taxonomy":"autor_id","embeddable":true,"href":"https:\/\/wizardly-davinci.82-223-8-23.plesk.page\/en\/wp-json\/wp\/v2\/autor_id?post=53040"},{"taxonomy":"universidades_coeditoras","embeddable":true,"href":"https:\/\/wizardly-davinci.82-223-8-23.plesk.page\/en\/wp-json\/wp\/v2\/universidades_coeditoras?post=53040"},{"taxonomy":"palabras_clave","embeddable":true,"href":"https:\/\/wizardly-davinci.82-223-8-23.plesk.page\/en\/wp-json\/wp\/v2\/palabras_clave?post=53040"},{"taxonomy":"listado_alfabetico","embeddable":true,"href":"https:\/\/wizardly-davinci.82-223-8-23.plesk.page\/en\/wp-json\/wp\/v2\/listado_alfabetico?post=53040"}],"curies":[{"name":"wp","href":"https:\/\/api.w.org\/{rel}","templated":true}]}}